{"id":12389,"date":"2025-11-19T09:20:32","date_gmt":"2025-11-19T09:20:32","guid":{"rendered":"https:\/\/www.campingtarn.com\/verwaltung-von-cookies\/"},"modified":"2025-12-23T06:30:20","modified_gmt":"2025-12-23T06:30:20","slug":"verwaltung-von-cookies","status":"publish","type":"page","link":"https:\/\/www.campingtarn.com\/de\/verwaltung-von-cookies\/","title":{"rendered":"Verwaltung von Cookies"},"content":{"rendered":"\t\t<div data-elementor-type=\"wp-page\" data-elementor-id=\"12389\" class=\"elementor elementor-12389 elementor-11829\" data-elementor-post-type=\"page\">\n\t\t\t\t<div class=\"elementor-element elementor-element-e0ec108 e-flex e-con-boxed e-con e-parent\" data-id=\"e0ec108\" data-element_type=\"container\">\n\t\t\t\t\t<div class=\"e-con-inner\">\n\t\t\t\t<div class=\"elementor-element elementor-element-e1b6c65 elementor-widget elementor-widget-heading\" data-id=\"e1b6c65\" data-element_type=\"widget\" data-widget_type=\"heading.default\">\n\t\t\t\t<div class=\"elementor-widget-container\">\n\t\t\t\t\t<h1 class=\"elementor-heading-title elementor-size-default\">COOKIES \"MEHR\".<\/h1>\t\t\t\t<\/div>\n\t\t\t\t<\/div>\n\t\t\t\t<div class=\"elementor-element elementor-element-822428d elementor-widget__width-initial elementor-widget elementor-widget-text-editor\" data-id=\"822428d\" data-element_type=\"widget\" data-widget_type=\"text-editor.default\">\n\t\t\t\t<div class=\"elementor-widget-container\">\n\t\t\t\t\t\t\t\t\t<p><strong>Definition eines<\/strong> Cookies<br>Cookies sind kleine Textdateien, die von Websites auf Ihrem Terminal platziert werden, wenn Sie im Web surfen. Wie viele andere Websites verwenden auch wir Cookies, um die Nutzung und Leistung der Website zu erfassen und zu verbessern. Unter einem Endger\u00e4t versteht man: Computer, Handy oder Tablet.  <br><br><strong>Verschiedene Arten von Cookies<br><\/strong><em>Website-spezifisches Cookie<\/em><br>Dies sind Cookies, die f\u00fcr das Funktionieren unserer Website erforderlich sind. Sie erm\u00f6glichen es Ihnen, die wichtigsten Funktionen unserer Website zu nutzen. Ohne diese Cookies k\u00f6nnen Sie unsere Website nicht normal nutzen.  <br><em>Tracking-Cookie<\/em><br>Dies sind Cookies, die es uns erm\u00f6glichen, die Nutzung und Leistung unserer Website zu erfassen und zu verbessern.<br>Cookies von <em>Drittanbietern<\/em><br>Die am h\u00e4ufigsten verwendeten Cookies von Drittanbietern werden in der Regel von Webanalysediensten und verschiedenen Marketinginstrumenten verwendet. Auf unserer Website werden keine Cookies von Drittanbietern f\u00fcr Werbezwecke verwendet. Wenn Sie weiter surfen, erlauben Sie uns, Cookies f\u00fcr die Messung der Besucherzahlen zu setzen.  <br><br><strong>Cookies akzeptieren oder ablehnen<\/strong><br>Sie k\u00f6nnen jederzeit entscheiden, diese Cookies zu deaktivieren. Ihr Browser kann auch so eingestellt werden, dass er Sie \u00fcber Cookies informiert, die in Ihrem Terminal abgelegt werden, und Sie auffordert, diese zu akzeptieren oder abzulehnen. Sie k\u00f6nnen Cookies von Fall zu Fall annehmen oder ablehnen oder sie ein f\u00fcr alle Mal systematisch ablehnen.<br>Wir erinnern Sie daran, dass die Einstellung Ihre Zugangsbedingungen zu unseren Diensten, die die Verwendung von Cookies erfordern, \u00e4ndern kann.<br>Wenn Ihr Browser so konfiguriert ist, dass er alle Cookies ablehnt, k\u00f6nnen Sie wesentliche Funktionen unserer Website nicht nutzen. Um die Cookies so zu w\u00e4hlen, dass sie Ihren Erwartungen entsprechen, bitten wir Sie, Ihren Browser zu konfigurieren.   <br><br><strong>Einstellungen Ihres Browsers<\/strong><br>Die Einstellungen jedes Browsers sind unterschiedlich. Sie wird im Hilfemen\u00fc Ihres Browsers beschrieben, wo Sie auch erfahren k\u00f6nnen, wie Sie Ihre W\u00fcnsche in Bezug auf Cookies \u00e4ndern k\u00f6nnen.<br>Sie k\u00f6nnen Cookies deaktivieren, indem Sie die Anweisungen wie folgt befolgen: <br><br>Wenn Sie den Microsoft Edge Browser verwenden<br>Klicken Sie in Microsoft Egde auf die Schaltfl\u00e4che Extras und dann auf Internetoptionen.<br>Klicken Sie auf der Registerkarte Allgemein unter Browserverlauf auf Einstellungen.<br>Klicken Sie auf die Schaltfl\u00e4che \"Dateien anzeigen\".<br>Klicken Sie auf die Spalten\u00fcberschrift Name, um alle Dateien in alphabetischer Reihenfolge zu sortieren, und bl\u00e4ttern Sie dann durch die Liste, bis Sie Dateien mit dem Pr\u00e4fix \"Cookie\" sehen k\u00f6nnen. Alle Cookies mit diesem Pr\u00e4fix enthalten normalerweise den Namen der Website, die das Cookie erstellt hat.<br>W\u00e4hlen Sie das\/die Cookie(s) mit unserem Domainnamen und l\u00f6schen Sie es\/sie.<br>Schlie\u00dfen Sie das Fenster mit der Liste der Dateien und klicken Sie zweimal auf OK, um zu Microsoft Edge zur\u00fcckzukehren. <br><br>Wenn Sie den Firefox-Browser verwenden<br>Gehen Sie auf die Registerkarte \"Extras\" des Browsers und w\u00e4hlen Sie das Men\u00fc \"Optionen\"<br>W\u00e4hlen Sie im angezeigten Fenster \"Datenschutz\" und klicken Sie auf \"Cookies anzeigen\"<br>W\u00e4hlen Sie den oder die Cookies mit unserem Domainnamen aus und l\u00f6schen Sie sie.<br><br>Wenn Sie den Safari-Browser verwenden<br>W\u00e4hlen Sie in Ihrem Browser das Men\u00fc Bearbeiten &gt; Einstellungen.<br>Klicken Sie auf Sicherheit.<br>Klicken Sie auf Cookies anzeigen.<br>W\u00e4hlen Sie den\/die Cookie(s) mit unserem Domainnamen und klicken Sie auf L\u00f6schen oder Alle l\u00f6schen. Wenn Sie die Cookies gel\u00f6scht haben, klicken Sie auf Fertig. <br><br>Wenn Sie den Browser Google Chrome verwenden<br>Klicken Sie auf das Men\u00fcsymbol \"Extras\".<br>W\u00e4hlen Sie \"Optionen\".<br>Klicken Sie auf die Registerkarte \"Erweiterte Optionen\" und gehen Sie zum Abschnitt \"Datenschutz\".<br>Klicken Sie auf die Schaltfl\u00e4che \"Cookies anzeigen\".<br>W\u00e4hlen Sie den oder die Cookies mit unserem Domainnamen aus und l\u00f6schen Sie sie.<br>Klicken Sie auf \"Schlie\u00dfen\", um zu Ihrem Browser zur\u00fcckzukehren.<br><br><strong>Schaltfl\u00e4chen zum Teilen in sozialen Netzwerken<\/strong><br>Unsere Website kann Computeranwendungen von Dritten verwenden, die es Ihnen erm\u00f6glichen, Inhalte der Website mit anderen Personen zu teilen oder diesen anderen Personen Ihre Konsultation oder Ihre Meinung zu einem Inhalt unserer Website mitzuteilen.<br>Beispiel: Die Schaltfl\u00e4chen \"Teilen\" von sozialen Netzwerken wie \"Facebook\", \"Twitter\" usw.<br>Weitere Informationen \u00fcber Cookies auf der Website der CNIL: https:<a href=\"https:\/\/www.cnil.fr\/fr\/cookies-et-autres-traceurs\/comment-se-proteger\/maitriser-votre-navigateur\"> \/\/www.cnil.fr\/fr\/cookies-et-autres-traceurs\/comment-se-proteger\/maitriser-votre-navigateur<\/a> <\/p>\t\t\t\t\t\t\t\t<\/div>\n\t\t\t\t<\/div>\n\t\t\t\t<div class=\"elementor-element elementor-element-cc6ec22 elementor-hidden-tablet elementor-hidden-mobile elementor-widget elementor-widget-spacer\" data-id=\"cc6ec22\" data-element_type=\"widget\" data-widget_type=\"spacer.default\">\n\t\t\t\t<div class=\"elementor-widget-container\">\n\t\t\t\t\t\t\t<div class=\"elementor-spacer\">\n\t\t\t<div class=\"elementor-spacer-inner\"><\/div>\n\t\t<\/div>\n\t\t\t\t\t\t<\/div>\n\t\t\t\t<\/div>\n\t\t\t\t\t<\/div>\n\t\t\t\t<\/div>\n\t\t\t\t<\/div>\n\t\t","protected":false},"excerpt":{"rendered":"<p>COOKIES \"MEHR\". Definition eines CookiesCookies sind kleine Textdateien, die von Websites auf Ihrem Terminal platziert werden, wenn Sie im Web surfen. Wie viele andere Websites verwenden auch wir Cookies, um die Nutzung und Leistung der Website zu erfassen und zu verbessern. Unter einem Endger\u00e4t versteht man: Computer, Handy oder Tablet. Verschiedene Arten von CookiesWebsite-spezifisches CookieDies [&hellip;]<\/p>\n","protected":false},"author":1,"featured_media":0,"parent":0,"menu_order":0,"comment_status":"closed","ping_status":"closed","template":"","meta":{"footnotes":""},"class_list":["post-12389","page","type-page","status-publish","hentry"],"yoast_head":"<!-- This site is optimized with the Yoast SEO plugin v26.4 - https:\/\/yoast.com\/wordpress\/plugins\/seo\/ -->\n<title>Cookies &quot;Mehr \u00fcber uns&quot; Camping Tarn - Offizielle Webseite ATHPA<\/title>\n<meta name=\"description\" content=\"Seite Cookies &quot;Mehr \u00fcber die Website von Camping Tarn - offizielle Website ATHPA, Association Tarnaise de l&#039;H\u00f4tellerie de Plein Air.\" \/>\n<meta name=\"robots\" content=\"index, follow, max-snippet:-1, max-image-preview:large, max-video-preview:-1\" \/>\n<link rel=\"canonical\" href=\"https:\/\/www.campingtarn.com\/de\/verwaltung-von-cookies\/\" \/>\n<meta property=\"og:locale\" content=\"de_DE\" \/>\n<meta property=\"og:type\" content=\"article\" \/>\n<meta property=\"og:title\" content=\"Cookies &quot;Mehr \u00fcber uns&quot; Camping Tarn - Offizielle Webseite ATHPA\" \/>\n<meta property=\"og:description\" content=\"Seite Cookies &quot;Mehr \u00fcber die Website von Camping Tarn - offizielle Website ATHPA, Association Tarnaise de l&#039;H\u00f4tellerie de Plein Air.\" \/>\n<meta property=\"og:url\" content=\"https:\/\/www.campingtarn.com\/de\/verwaltung-von-cookies\/\" \/>\n<meta property=\"og:site_name\" content=\"campingtarn.com\" \/>\n<meta property=\"article:modified_time\" content=\"2025-12-23T06:30:20+00:00\" \/>\n<meta name=\"twitter:card\" content=\"summary_large_image\" \/>\n<meta name=\"twitter:label1\" content=\"Gesch\u00e4tzte Lesezeit\" \/>\n\t<meta name=\"twitter:data1\" content=\"3 Minuten\" \/>\n<script type=\"application\/ld+json\" class=\"yoast-schema-graph\">{\"@context\":\"https:\/\/schema.org\",\"@graph\":[{\"@type\":\"WebPage\",\"@id\":\"https:\/\/www.campingtarn.com\/de\/verwaltung-von-cookies\/\",\"url\":\"https:\/\/www.campingtarn.com\/de\/verwaltung-von-cookies\/\",\"name\":\"Cookies \\\"Mehr \u00fcber uns\\\" Camping Tarn - Offizielle Webseite ATHPA\",\"isPartOf\":{\"@id\":\"https:\/\/www.campingtarn.com\/de\/#website\"},\"datePublished\":\"2025-11-19T09:20:32+00:00\",\"dateModified\":\"2025-12-23T06:30:20+00:00\",\"description\":\"Seite Cookies \\\"Mehr \u00fcber die Website von Camping Tarn - offizielle Website ATHPA, Association Tarnaise de l'H\u00f4tellerie de Plein Air.\",\"breadcrumb\":{\"@id\":\"https:\/\/www.campingtarn.com\/de\/verwaltung-von-cookies\/#breadcrumb\"},\"inLanguage\":\"de\",\"potentialAction\":[{\"@type\":\"ReadAction\",\"target\":[\"https:\/\/www.campingtarn.com\/de\/verwaltung-von-cookies\/\"]}]},{\"@type\":\"BreadcrumbList\",\"@id\":\"https:\/\/www.campingtarn.com\/de\/verwaltung-von-cookies\/#breadcrumb\",\"itemListElement\":[{\"@type\":\"ListItem\",\"position\":1,\"name\":\"Startseite\",\"item\":\"https:\/\/www.campingtarn.com\/de\/startseite\/\"},{\"@type\":\"ListItem\",\"position\":2,\"name\":\"Verwaltung von Cookies\"}]},{\"@type\":\"WebSite\",\"@id\":\"https:\/\/www.campingtarn.com\/de\/#website\",\"url\":\"https:\/\/www.campingtarn.com\/de\/\",\"name\":\"campingtarn.com\",\"description\":\"\",\"potentialAction\":[{\"@type\":\"SearchAction\",\"target\":{\"@type\":\"EntryPoint\",\"urlTemplate\":\"https:\/\/www.campingtarn.com\/de\/?s={search_term_string}\"},\"query-input\":{\"@type\":\"PropertyValueSpecification\",\"valueRequired\":true,\"valueName\":\"search_term_string\"}}],\"inLanguage\":\"de\"}]}<\/script>\n<!-- \/ Yoast SEO plugin. -->","yoast_head_json":{"title":"Cookies \"Mehr \u00fcber uns\" Camping Tarn - Offizielle Webseite ATHPA","description":"Seite Cookies \"Mehr \u00fcber die Website von Camping Tarn - offizielle Website ATHPA, Association Tarnaise de l'H\u00f4tellerie de Plein Air.","robots":{"index":"index","follow":"follow","max-snippet":"max-snippet:-1","max-image-preview":"max-image-preview:large","max-video-preview":"max-video-preview:-1"},"canonical":"https:\/\/www.campingtarn.com\/de\/verwaltung-von-cookies\/","og_locale":"de_DE","og_type":"article","og_title":"Cookies \"Mehr \u00fcber uns\" Camping Tarn - Offizielle Webseite ATHPA","og_description":"Seite Cookies \"Mehr \u00fcber die Website von Camping Tarn - offizielle Website ATHPA, Association Tarnaise de l'H\u00f4tellerie de Plein Air.","og_url":"https:\/\/www.campingtarn.com\/de\/verwaltung-von-cookies\/","og_site_name":"campingtarn.com","article_modified_time":"2025-12-23T06:30:20+00:00","twitter_card":"summary_large_image","twitter_misc":{"Gesch\u00e4tzte Lesezeit":"3 Minuten"},"schema":{"@context":"https:\/\/schema.org","@graph":[{"@type":"WebPage","@id":"https:\/\/www.campingtarn.com\/de\/verwaltung-von-cookies\/","url":"https:\/\/www.campingtarn.com\/de\/verwaltung-von-cookies\/","name":"Cookies \"Mehr \u00fcber uns\" Camping Tarn - Offizielle Webseite ATHPA","isPartOf":{"@id":"https:\/\/www.campingtarn.com\/de\/#website"},"datePublished":"2025-11-19T09:20:32+00:00","dateModified":"2025-12-23T06:30:20+00:00","description":"Seite Cookies \"Mehr \u00fcber die Website von Camping Tarn - offizielle Website ATHPA, Association Tarnaise de l'H\u00f4tellerie de Plein Air.","breadcrumb":{"@id":"https:\/\/www.campingtarn.com\/de\/verwaltung-von-cookies\/#breadcrumb"},"inLanguage":"de","potentialAction":[{"@type":"ReadAction","target":["https:\/\/www.campingtarn.com\/de\/verwaltung-von-cookies\/"]}]},{"@type":"BreadcrumbList","@id":"https:\/\/www.campingtarn.com\/de\/verwaltung-von-cookies\/#breadcrumb","itemListElement":[{"@type":"ListItem","position":1,"name":"Startseite","item":"https:\/\/www.campingtarn.com\/de\/startseite\/"},{"@type":"ListItem","position":2,"name":"Verwaltung von Cookies"}]},{"@type":"WebSite","@id":"https:\/\/www.campingtarn.com\/de\/#website","url":"https:\/\/www.campingtarn.com\/de\/","name":"campingtarn.com","description":"","potentialAction":[{"@type":"SearchAction","target":{"@type":"EntryPoint","urlTemplate":"https:\/\/www.campingtarn.com\/de\/?s={search_term_string}"},"query-input":{"@type":"PropertyValueSpecification","valueRequired":true,"valueName":"search_term_string"}}],"inLanguage":"de"}]}},"_links":{"self":[{"href":"https:\/\/www.campingtarn.com\/de\/wp-json\/wp\/v2\/pages\/12389","targetHints":{"allow":["GET"]}}],"collection":[{"href":"https:\/\/www.campingtarn.com\/de\/wp-json\/wp\/v2\/pages"}],"about":[{"href":"https:\/\/www.campingtarn.com\/de\/wp-json\/wp\/v2\/types\/page"}],"author":[{"embeddable":true,"href":"https:\/\/www.campingtarn.com\/de\/wp-json\/wp\/v2\/users\/1"}],"replies":[{"embeddable":true,"href":"https:\/\/www.campingtarn.com\/de\/wp-json\/wp\/v2\/comments?post=12389"}],"version-history":[{"count":3,"href":"https:\/\/www.campingtarn.com\/de\/wp-json\/wp\/v2\/pages\/12389\/revisions"}],"predecessor-version":[{"id":12392,"href":"https:\/\/www.campingtarn.com\/de\/wp-json\/wp\/v2\/pages\/12389\/revisions\/12392"}],"wp:attachment":[{"href":"https:\/\/www.campingtarn.com\/de\/wp-json\/wp\/v2\/media?parent=12389"}],"curies":[{"name":"wp","href":"https:\/\/api.w.org\/{rel}","templated":true}]}}