{"id":12402,"date":"2025-11-19T08:38:54","date_gmt":"2025-11-19T08:38:54","guid":{"rendered":"https:\/\/www.campingtarn.com\/rechtliche-hinweise\/"},"modified":"2025-12-23T06:27:43","modified_gmt":"2025-12-23T06:27:43","slug":"rechtliche-hinweise","status":"publish","type":"page","link":"https:\/\/www.campingtarn.com\/de\/rechtliche-hinweise\/","title":{"rendered":"Rechtliche Hinweise"},"content":{"rendered":"\t\t<div data-elementor-type=\"wp-page\" data-elementor-id=\"12402\" class=\"elementor elementor-12402 elementor-10964\" data-elementor-post-type=\"page\">\n\t\t\t\t<div class=\"elementor-element elementor-element-e0ec108 e-flex e-con-boxed e-con e-parent\" data-id=\"e0ec108\" data-element_type=\"container\">\n\t\t\t\t\t<div class=\"e-con-inner\">\n\t\t\t\t<div class=\"elementor-element elementor-element-e1b6c65 elementor-widget elementor-widget-heading\" data-id=\"e1b6c65\" data-element_type=\"widget\" data-widget_type=\"heading.default\">\n\t\t\t\t<div class=\"elementor-widget-container\">\n\t\t\t\t\t<h1 class=\"elementor-heading-title elementor-size-default\">GESETZLICHE HINWEISE<\/h1>\t\t\t\t<\/div>\n\t\t\t\t<\/div>\n\t\t\t\t<div class=\"elementor-element elementor-element-822428d elementor-widget__width-initial elementor-widget elementor-widget-text-editor\" data-id=\"822428d\" data-element_type=\"widget\" data-widget_type=\"text-editor.default\">\n\t\t\t\t<div class=\"elementor-widget-container\">\n\t\t\t\t\t\t\t\t\t<p><strong>Diese rechtlichen Hinweise und Nutzungsbedingungen regeln die Nutzung dieser Website durch Sie. Wenn Sie mit diesen Bedingungen nicht einverstanden sind, bitten wir Sie, diese Website sofort zu verlassen. <\/strong><\/p><p><strong>I - RECHTLICHE INFORMATIONEN<br><\/strong><br><strong>Herausgeber der Website<\/strong><br>ATHPA Association Tarnaise de l'H\u00f4tellerie de Plein Air <br>Registrierter Verein<br>Hauptsitz: 10 rue des Grenadiers - 81000 ALBI<br><a href=\"mailto:contact@campingtarn.com\">contact@campingtarn.com<\/a><br>Telefon: 05 63 36 18 44<br>Siret-Nummer: 438 013 609 00047<br>APE-Code: 9499 Z<br>Intrakommunale Umsatzsteuer-Identifikationsnummer: FR75438013609<\/p><p><strong>Leiter der Ver\u00f6ffentlichung<\/strong> <br>Herr Richard KOEVOETS<br>H\u00f4tel Reyn\u00e8s - 10 rue des Grenadiers - 81000 ALBI<br>Hosting der Website <br>INFOLIEN<br>20 Avenue Victor HUGO - 34200 SETE<br><a href=\"mailto:contact@infolien.com\">contact@infolien.com<\/a><br>Telefon: 04 67 18 00 46<br><br><strong>II - AL<\/strong>LGEMEINE BEDINGUNGEN F\u00dcR DIE<strong>NUTZUNG DER WEBSITE<\/strong><\/p><p><strong>Artikel 1 - Annahme der Allgemeinen Nutzungsbedingungen<\/strong><br>Der Zugang und die Nutzung der Website von ATHPA, nachfolgend \"Website\" genannt, unterliegen den vorliegenden Nutzungsbedingungen sowie der Gesamtheit der am Tag des Besuchs der Website geltenden einschl\u00e4gigen Vorschriften.<br>Folglich setzt der Zugang und die Nutzung der Website die vollst\u00e4ndige und vorbehaltlose Annahme der vorliegenden Bedingungen durch den Internetnutzer voraus. Der Internetnutzer erkl\u00e4rt und erkennt an, dass er die Allgemeinen Nutzungsbedingungen zur Kenntnis genommen hat und verpflichtet sich, sie einzuhalten.<br>Die Allgemeinen Nutzungsbedingungen der Website k\u00f6nnen von ATHPA frei ge\u00e4ndert und aktualisiert werden, wobei diese \u00c4nderungen oder Aktualisierungen f\u00fcr die Internetnutzer bei jedem Zugriff auf die Website verbindlich sind.<br>Der Internetnutzer best\u00e4tigt, dass er \u00fcberpr\u00fcft hat, dass der von ihm benutzte Computer keine Viren, Trojaner und dergleichen enth\u00e4lt und dass er sich in einem einwandfreien Betriebszustand befindet.<br>ATHPA kann in keiner Weise f\u00fcr eine missbr\u00e4uchliche Nutzung des Dienstes haftbar gemacht werden. <\/p><p><strong>Artikel 2 - Pers\u00f6nliche Daten<\/strong><br><strong>Nutzung der auf der Website<\/strong><br><strong>gesammelten pers\u00f6nlichen Daten<\/strong> ATHPA verpflichtet sich, die Vertraulichkeit der Informationen zu wahren, die der Internetnutzer online durch Ausf\u00fcllen der Formulare auf der Website bereitstellt.<br>Die von ATHPA gesammelten pers\u00f6nlichen Daten sind f\u00fcr die Bearbeitung Ihrer Anfragen oder Kommentare notwendig.<br>Die Pflichtangaben sind angegeben, die Verweigerung einer Antwort hat zur Folge, dass Ihre Anfrage nicht ber\u00fccksichtigt wird.<br><br><strong>Artikel 3 - Geistiges Eigentum<\/strong><br>Die Nutzung der Website von ATHPA verleiht Ihnen keinerlei Rechte an dieser Website und\/oder ihrem Inhalt, lediglich die rein pers\u00f6nliche Nutzung dieser Website und ihres Inhalts ist erlaubt.<br>Diese Website und alle ihre Bestandteile, wie insbesondere Domainnamen, Marken, die allgemeine Struktur, Texte, Grafiken, Bilder, Datenbanken, die Baumstruktur der Website und ihre Navigation, Logos, die Grafikcharta, T\u00f6ne, Fotografien und Ikonografie sowie alle anderen grafischen Elemente, Die auf der Website reproduzierten oder in ihr enthaltenen Elemente sind das ausschlie\u00dfliche Eigentum von ATHPA, unabh\u00e4ngig von ihrem eventuellen Schutz durch ein Urheberrecht oder auf andere Weise, mit Ausnahme der Elemente, die von den Partnern von ATHPA stammen.<br>Jede Vervielf\u00e4ltigung und\/oder Darstellung und\/oder Verbreitung, ganz oder teilweise, insbesondere in Form von Hyperlinks, auf jedem elektronischen oder nicht elektronischen, gegenw\u00e4rtigen oder zuk\u00fcnftigen Tr\u00e4ger der Website und\/oder eines Teils ihres Inhalts ist ohne vorherige schriftliche und ausdr\u00fcckliche Genehmigung von ATHPA untersagt.<br>Jede Person, die gegen dieses Verbot verst\u00f6\u00dft, macht sich straf- und zivilrechtlich haftbar und kann insbesondere auf der Grundlage von F\u00e4lschung und\/oder unlauterem Wettbewerb verfolgt werden.<br>Ebenso sind die Datenbanken, zu denen die Website Zugang bietet, insbesondere durch die Artikel L.341-1 ff. des franz\u00f6sischen Gesetzes \u00fcber geistiges Eigentum (Code de la propri\u00e9t\u00e9 intellectuelle) gesch\u00fctzt. Jede Extraktion oder Wiederverwendung der Gesamtheit oder eines wesentlichen Teils, quantitativ oder qualitativ verstanden, der in diesen Datenbanken enthaltenen Daten unterliegt der vorherigen schriftlichen Zustimmung von ATHPA.   <br>Die in diesen Datenbanken enthaltenen Daten werden der \u00d6ffentlichkeit nur zum Zweck der reinen Einsichtnahme zur Verf\u00fcgung gestellt. Folglich w\u00fcrde jede Extraktion oder Wiederverwendung dieser Daten, die nicht ausschlie\u00dflich und strikt f\u00fcr diesen Zweck erforderlich ist und somit zu anderen Zwecken als der reinen Konsultation erfolgt, ohne vorherige schriftliche Genehmigung von ATHPA die Bedingungen der normalen Nutzung der Datenbanken von ATHPA \u00fcberschreiten. <br>Jeder Versto\u00df gegen die vorstehenden Bestimmungen stellt eine Verletzung der Rechte dar, die dem Datenbankhersteller gesetzlich zustehen, und kann daher zu zivil- und strafrechtlicher Haftung des Urhebers f\u00fchren.<br>Die Einrichtung eines Hypertext-Links zur Website, die Einrahmung (Framing) der Website und ganz allgemein jede Nutzung eines Elements, aus dem die Website besteht, unterliegt der vorherigen, schriftlichen und ausdr\u00fccklichen Genehmigung von ATHPA. In jedem Fall kann ATHPA in keinem Fall f\u00fcr den Inhalt sowie f\u00fcr die Produkte oder Dienstleistungen haftbar gemacht werden, die auf den Websites angeboten werden, mit denen die Website durch Hyperlinks oder jede andere Art von Links verkn\u00fcpft ist. <br><br><strong>Artikel 4 - Copyright<\/strong><br><strong>Bildnachweis<\/strong>: Adobe Stock. Die Fotos und Bilder sind Eigentum von ATHPA oder lizenzfrei. <\/p><p><strong>Artikel 5 - Verantwortlichkeit<\/strong><\/p><p>ATHPA wendet gr\u00f6\u00dfte Sorgfalt an und setzt alle Mittel ein, um auf seiner Website qualitativ hochwertige Informationen zu verbreiten. ATHPA kann jedoch keine absolute Garantie f\u00fcr die Richtigkeit und Vollst\u00e4ndigkeit aller dieser Informationen geben.<br>Die Internetnutzer nutzen die Website unter ihrer alleinigen und vollst\u00e4ndigen Verantwortung. <\/p><p>ATHPA \u00fcbernimmt keine Garantie jeglicher Art, weder implizit noch explizit, insbesondere in Bezug auf die Integrit\u00e4t, Genauigkeit, Aktualit\u00e4t, Nichtverletzung von Rechten, Verf\u00fcgbarkeit, Zuverl\u00e4ssigkeit oder Vollst\u00e4ndigkeit der Informationen, Produkte, Zubeh\u00f6rteile oder Dienstleistungen, die auf der Website erscheinen, oder deren Eignung f\u00fcr die vom Internetnutzer beabsichtigte Nutzung sowie die Folgen ihrer Nutzung.<br>Die Nutzung von Informationen, Nachrichten oder Daten jeglicher Art, die \u00fcber die Website verf\u00fcgbar sind, unterliegt der alleinigen Verantwortung des Internetnutzers, und f\u00fcr Entscheidungen oder Handlungen, die der Internetnutzer unter Ber\u00fccksichtigung dieser Informationen trifft oder durchf\u00fchrt, kann keine andere Haftung als die des Internetnutzers \u00fcbernommen werden.  <br>ATHPA kann daher nicht f\u00fcr Sch\u00e4den haftbar gemacht werden, die ein Internetnutzer infolge einer solchen Nutzung erleiden k\u00f6nnte. Dar\u00fcber hinaus lehnt ATHPA jegliche Haftung f\u00fcr indirekte Sch\u00e4den ab, unabh\u00e4ngig von deren Ursachen, Ursprung, Art oder Folgen, einschlie\u00dflich insbesondere der Kosten, die durch den Erwerb von auf der Website angebotenen Waren entstehen k\u00f6nnen, Gewinn-, Kunden- und Datenverluste oder jeglicher andere Verlust von immateriellen G\u00fctern, die durch den Zugriff einer beliebigen Person auf die Website oder die Unm\u00f6glichkeit des Zugriffs auf diese Website oder durch das Vertrauen auf jegliche Informationen, die direkt oder indirekt von der Website stammen, entstehen k\u00f6nnen.   <br>Die Website enth\u00e4lt auch Informationen von Dritten und Links zu anderen Websites. ATHPA kontrolliert weder die Qualit\u00e4t, die Spezifikationen der angebotenen Produkte oder Dienstleistungen, noch die Genauigkeit der Informationen, die sich auf den Websites Dritter befinden, noch deren Inhalt. Folglich kann ATHPA in keinem Fall f\u00fcr den Inhalt der so zug\u00e4nglichen Websites oder f\u00fcr die eventuelle Sammlung und \u00dcbertragung von personenbezogenen Daten, die Installation von Cookies oder jedes andere Verfahren mit demselben Ziel, das von diesen Websites durchgef\u00fchrt wird, oder f\u00fcr Sch\u00e4den, die aus der Nutzung, dem Zugang zu oder der Unf\u00e4higkeit, diese Informationen Dritter zu nutzen, entstehen, haftbar gemacht werden.  <br>ATHPA bem\u00fcht sich, den Zugang zur Website 24 Stunden pro Tag und 7 Tage pro Woche zu erm\u00f6glichen, au\u00dfer im Falle h\u00f6herer Gewalt oder eines Ereignisses, das au\u00dferhalb der Kontrolle von ATHPA liegt, und vorbehaltlich eventueller Pannen und Wartungsarbeiten, um ein gutes Funktionieren der Website und der angebotenen Dienstleistungen zu gew\u00e4hrleisten.<br>Daher kann ATHPA nicht die Verf\u00fcgbarkeit der Website und\/oder der dort angebotenen Dienstleistungen, die Zuverl\u00e4ssigkeit der \u00dcbertragungen und die Leistungen in Bezug auf die Antwortzeiten oder die Qualit\u00e4t garantieren.<br>ATHPA haftet nicht f\u00fcr die Unm\u00f6glichkeit des Zugangs zu dieser Website oder der Nutzung der Dienstleistungen.<br><br><strong>Artikel 6 - Erkl\u00e4rung bei der CNIL<\/strong><br>Gem\u00e4\u00df dem Gesetz 78-17 vom 6. Januar 1978 (ge\u00e4ndert durch das Gesetz 2004-801 vom 6. August 2004 \u00fcber den Schutz nat\u00fcrlicher Personen bei der Verarbeitung von Daten mit pers\u00f6nlichem Charakter) \u00fcber Informatik, Dateien und Freiheiten wurde die Website bei der Commission nationale de l'informatique et des libert\u00e9s <a href=\"https:\/\/www.cnil.fr\/fr\">(www.cnil.fr<\/a>) angemeldet.<\/p><p><strong>Artikel 7 - Zugangsrecht<\/strong><br>In Anwendung dieses Gesetzes haben Internetnutzer ein Recht auf Zugang, Berichtigung, \u00c4nderung und L\u00f6schung von Daten, die sie pers\u00f6nlich betreffen. Dieses Recht kann auf dem Postweg ausge\u00fcbt werden bei: <br>ATHPA - 10 rue des Grenadiers - 81000 ALBI oder per E-Mail an die folgende E-Mail-Adresse: <a href=\"mailto:contact@infolien.com\">contact@infolien.com<\/a>.<br>Die gesammelten pers\u00f6nlichen Informationen werden unter keinen Umst\u00e4nden Dritten anvertraut, au\u00dfer im Falle h\u00f6herer Gewalt oder zur eventuellen ordnungsgem\u00e4\u00dfen Ausf\u00fchrung der vom Internetnutzer bestellten Leistung. <\/p><p><strong>Artikel 8 - Streitigkeiten<\/strong><br>Die vorliegenden Bedingungen unterliegen den franz\u00f6sischen Gesetzen und alle Streitigkeiten, die sich aus der Auslegung oder Ausf\u00fchrung dieser Bedingungen ergeben k\u00f6nnten, unterliegen der ausschlie\u00dflichen Zust\u00e4ndigkeit der Gerichte, in deren Zust\u00e4ndigkeitsbereich der Firmensitz von ATHPA liegt. Die Referenzsprache f\u00fcr die Beilegung eventueller Streitigkeiten ist Franz\u00f6sisch. <\/p><p><strong>Artikel 9 - Anwendbares<\/strong> Recht<br>Der Inhalt der Website unterliegt dem in Frankreich anwendbaren Recht. Jeder Nutzer erkennt die Zust\u00e4ndigkeit des zust\u00e4ndigen Gerichts in Albi f\u00fcr alle Angelegenheiten bez\u00fcglich des Inhalts und der Nutzung der Website oder der daraus resultierenden Rechtsmittel an. <\/p>\t\t\t\t\t\t\t\t<\/div>\n\t\t\t\t<\/div>\n\t\t\t\t<div class=\"elementor-element elementor-element-cc6ec22 elementor-hidden-tablet elementor-hidden-mobile elementor-widget elementor-widget-spacer\" data-id=\"cc6ec22\" data-element_type=\"widget\" data-widget_type=\"spacer.default\">\n\t\t\t\t<div class=\"elementor-widget-container\">\n\t\t\t\t\t\t\t<div class=\"elementor-spacer\">\n\t\t\t<div class=\"elementor-spacer-inner\"><\/div>\n\t\t<\/div>\n\t\t\t\t\t\t<\/div>\n\t\t\t\t<\/div>\n\t\t\t\t\t<\/div>\n\t\t\t\t<\/div>\n\t\t\t\t<\/div>\n\t\t","protected":false},"excerpt":{"rendered":"<p>GESETZLICHE HINWEISE Diese rechtlichen Hinweise und Nutzungsbedingungen regeln die Nutzung dieser Website durch Sie. Wenn Sie mit diesen Bedingungen nicht einverstanden sind, bitten wir Sie, diese Website sofort zu verlassen. I - RECHTLICHE INFORMATIONENHerausgeber der WebsiteATHPA Association Tarnaise de l'H\u00f4tellerie de Plein Air Registrierter VereinHauptsitz: 10 rue des Grenadiers - 81000 ALBIcontact@campingtarn.comTelefon: 05 63 36 [&hellip;]<\/p>\n","protected":false},"author":1,"featured_media":0,"parent":0,"menu_order":0,"comment_status":"closed","ping_status":"closed","template":"","meta":{"footnotes":""},"class_list":["post-12402","page","type-page","status-publish","hentry"],"yoast_head":"<!-- This site is optimized with the Yoast SEO plugin v26.4 - https:\/\/yoast.com\/wordpress\/plugins\/seo\/ -->\n<title>Rechtliche Hinweise Campingplatz Tarn - Offizielle Website ATHPA<\/title>\n<meta name=\"description\" content=\"Die rechtlichen Hinweise der Website Camping Tarn - offizielle Website ATHPA, Association Tarnaise de l&#039;H\u00f4tellerie de Plein Air.\" \/>\n<meta name=\"robots\" content=\"index, follow, max-snippet:-1, max-image-preview:large, max-video-preview:-1\" \/>\n<link rel=\"canonical\" href=\"https:\/\/www.campingtarn.com\/de\/rechtliche-hinweise\/\" \/>\n<meta property=\"og:locale\" content=\"de_DE\" \/>\n<meta property=\"og:type\" content=\"article\" \/>\n<meta property=\"og:title\" content=\"Rechtliche Hinweise Campingplatz Tarn - Offizielle Website ATHPA\" \/>\n<meta property=\"og:description\" content=\"Die rechtlichen Hinweise der Website Camping Tarn - offizielle Website ATHPA, Association Tarnaise de l&#039;H\u00f4tellerie de Plein Air.\" \/>\n<meta property=\"og:url\" content=\"https:\/\/www.campingtarn.com\/de\/rechtliche-hinweise\/\" \/>\n<meta property=\"og:site_name\" content=\"campingtarn.com\" \/>\n<meta property=\"article:modified_time\" content=\"2025-12-23T06:27:43+00:00\" \/>\n<meta name=\"twitter:card\" content=\"summary_large_image\" \/>\n<meta name=\"twitter:label1\" content=\"Gesch\u00e4tzte Lesezeit\" \/>\n\t<meta name=\"twitter:data1\" content=\"7 Minuten\" \/>\n<script type=\"application\/ld+json\" class=\"yoast-schema-graph\">{\"@context\":\"https:\/\/schema.org\",\"@graph\":[{\"@type\":\"WebPage\",\"@id\":\"https:\/\/www.campingtarn.com\/de\/rechtliche-hinweise\/\",\"url\":\"https:\/\/www.campingtarn.com\/de\/rechtliche-hinweise\/\",\"name\":\"Rechtliche Hinweise Campingplatz Tarn - Offizielle Website ATHPA\",\"isPartOf\":{\"@id\":\"https:\/\/www.campingtarn.com\/de\/#website\"},\"datePublished\":\"2025-11-19T08:38:54+00:00\",\"dateModified\":\"2025-12-23T06:27:43+00:00\",\"description\":\"Die rechtlichen Hinweise der Website Camping Tarn - offizielle Website ATHPA, Association Tarnaise de l'H\u00f4tellerie de Plein Air.\",\"breadcrumb\":{\"@id\":\"https:\/\/www.campingtarn.com\/de\/rechtliche-hinweise\/#breadcrumb\"},\"inLanguage\":\"de\",\"potentialAction\":[{\"@type\":\"ReadAction\",\"target\":[\"https:\/\/www.campingtarn.com\/de\/rechtliche-hinweise\/\"]}]},{\"@type\":\"BreadcrumbList\",\"@id\":\"https:\/\/www.campingtarn.com\/de\/rechtliche-hinweise\/#breadcrumb\",\"itemListElement\":[{\"@type\":\"ListItem\",\"position\":1,\"name\":\"Startseite\",\"item\":\"https:\/\/www.campingtarn.com\/de\/startseite\/\"},{\"@type\":\"ListItem\",\"position\":2,\"name\":\"Rechtliche Hinweise\"}]},{\"@type\":\"WebSite\",\"@id\":\"https:\/\/www.campingtarn.com\/de\/#website\",\"url\":\"https:\/\/www.campingtarn.com\/de\/\",\"name\":\"campingtarn.com\",\"description\":\"\",\"potentialAction\":[{\"@type\":\"SearchAction\",\"target\":{\"@type\":\"EntryPoint\",\"urlTemplate\":\"https:\/\/www.campingtarn.com\/de\/?s={search_term_string}\"},\"query-input\":{\"@type\":\"PropertyValueSpecification\",\"valueRequired\":true,\"valueName\":\"search_term_string\"}}],\"inLanguage\":\"de\"}]}<\/script>\n<!-- \/ Yoast SEO plugin. -->","yoast_head_json":{"title":"Rechtliche Hinweise Campingplatz Tarn - Offizielle Website ATHPA","description":"Die rechtlichen Hinweise der Website Camping Tarn - offizielle Website ATHPA, Association Tarnaise de l'H\u00f4tellerie de Plein Air.","robots":{"index":"index","follow":"follow","max-snippet":"max-snippet:-1","max-image-preview":"max-image-preview:large","max-video-preview":"max-video-preview:-1"},"canonical":"https:\/\/www.campingtarn.com\/de\/rechtliche-hinweise\/","og_locale":"de_DE","og_type":"article","og_title":"Rechtliche Hinweise Campingplatz Tarn - Offizielle Website ATHPA","og_description":"Die rechtlichen Hinweise der Website Camping Tarn - offizielle Website ATHPA, Association Tarnaise de l'H\u00f4tellerie de Plein Air.","og_url":"https:\/\/www.campingtarn.com\/de\/rechtliche-hinweise\/","og_site_name":"campingtarn.com","article_modified_time":"2025-12-23T06:27:43+00:00","twitter_card":"summary_large_image","twitter_misc":{"Gesch\u00e4tzte Lesezeit":"7 Minuten"},"schema":{"@context":"https:\/\/schema.org","@graph":[{"@type":"WebPage","@id":"https:\/\/www.campingtarn.com\/de\/rechtliche-hinweise\/","url":"https:\/\/www.campingtarn.com\/de\/rechtliche-hinweise\/","name":"Rechtliche Hinweise Campingplatz Tarn - Offizielle Website ATHPA","isPartOf":{"@id":"https:\/\/www.campingtarn.com\/de\/#website"},"datePublished":"2025-11-19T08:38:54+00:00","dateModified":"2025-12-23T06:27:43+00:00","description":"Die rechtlichen Hinweise der Website Camping Tarn - offizielle Website ATHPA, Association Tarnaise de l'H\u00f4tellerie de Plein Air.","breadcrumb":{"@id":"https:\/\/www.campingtarn.com\/de\/rechtliche-hinweise\/#breadcrumb"},"inLanguage":"de","potentialAction":[{"@type":"ReadAction","target":["https:\/\/www.campingtarn.com\/de\/rechtliche-hinweise\/"]}]},{"@type":"BreadcrumbList","@id":"https:\/\/www.campingtarn.com\/de\/rechtliche-hinweise\/#breadcrumb","itemListElement":[{"@type":"ListItem","position":1,"name":"Startseite","item":"https:\/\/www.campingtarn.com\/de\/startseite\/"},{"@type":"ListItem","position":2,"name":"Rechtliche Hinweise"}]},{"@type":"WebSite","@id":"https:\/\/www.campingtarn.com\/de\/#website","url":"https:\/\/www.campingtarn.com\/de\/","name":"campingtarn.com","description":"","potentialAction":[{"@type":"SearchAction","target":{"@type":"EntryPoint","urlTemplate":"https:\/\/www.campingtarn.com\/de\/?s={search_term_string}"},"query-input":{"@type":"PropertyValueSpecification","valueRequired":true,"valueName":"search_term_string"}}],"inLanguage":"de"}]}},"_links":{"self":[{"href":"https:\/\/www.campingtarn.com\/de\/wp-json\/wp\/v2\/pages\/12402","targetHints":{"allow":["GET"]}}],"collection":[{"href":"https:\/\/www.campingtarn.com\/de\/wp-json\/wp\/v2\/pages"}],"about":[{"href":"https:\/\/www.campingtarn.com\/de\/wp-json\/wp\/v2\/types\/page"}],"author":[{"embeddable":true,"href":"https:\/\/www.campingtarn.com\/de\/wp-json\/wp\/v2\/users\/1"}],"replies":[{"embeddable":true,"href":"https:\/\/www.campingtarn.com\/de\/wp-json\/wp\/v2\/comments?post=12402"}],"version-history":[{"count":3,"href":"https:\/\/www.campingtarn.com\/de\/wp-json\/wp\/v2\/pages\/12402\/revisions"}],"predecessor-version":[{"id":12433,"href":"https:\/\/www.campingtarn.com\/de\/wp-json\/wp\/v2\/pages\/12402\/revisions\/12433"}],"wp:attachment":[{"href":"https:\/\/www.campingtarn.com\/de\/wp-json\/wp\/v2\/media?parent=12402"}],"curies":[{"name":"wp","href":"https:\/\/api.w.org\/{rel}","templated":true}]}}