{"id":12439,"date":"2025-05-16T14:55:45","date_gmt":"2025-05-16T14:55:45","guid":{"rendered":"https:\/\/www.campingtarn.com\/natur-erholung\/"},"modified":"2025-12-23T06:56:21","modified_gmt":"2025-12-23T06:56:21","slug":"natur-erholung","status":"publish","type":"page","link":"https:\/\/www.campingtarn.com\/de\/natur-erholung\/","title":{"rendered":"Natur &amp; Erholung"},"content":{"rendered":"\t\t<div data-elementor-type=\"wp-page\" data-elementor-id=\"12439\" class=\"elementor elementor-12439 elementor-89\" data-elementor-post-type=\"page\">\n\t\t\t\t<div class=\"elementor-element elementor-element-2878bac0 e-con-full e-flex e-con e-parent\" data-id=\"2878bac0\" data-element_type=\"container\">\n\t\t\t\t<div class=\"elementor-element elementor-element-361761d3 elementor-widget elementor-widget-image\" data-id=\"361761d3\" data-element_type=\"widget\" data-widget_type=\"image.default\">\n\t\t\t\t<div class=\"elementor-widget-container\">\n\t\t\t\t\t\t\t\t\t\t\t\t\t\t\t<img fetchpriority=\"high\" decoding=\"async\" width=\"1920\" height=\"721\" src=\"https:\/\/www.campingtarn.com\/wp-content\/uploads\/2025\/10\/le-clot-tente-tranquille.jpg\" class=\"attachment-full size-full wp-image-12441\" alt=\"Camping le Clot, Zeltplatz: Natur- und Erholungscamping im Tarn\" srcset=\"https:\/\/www.campingtarn.com\/wp-content\/uploads\/2025\/10\/le-clot-tente-tranquille.jpg 1920w, https:\/\/www.campingtarn.com\/wp-content\/uploads\/2025\/10\/le-clot-tente-tranquille-300x113.jpg 300w, https:\/\/www.campingtarn.com\/wp-content\/uploads\/2025\/10\/le-clot-tente-tranquille-1024x385.jpg 1024w, https:\/\/www.campingtarn.com\/wp-content\/uploads\/2025\/10\/le-clot-tente-tranquille-768x288.jpg 768w, https:\/\/www.campingtarn.com\/wp-content\/uploads\/2025\/10\/le-clot-tente-tranquille-1536x577.jpg 1536w\" sizes=\"(max-width: 1920px) 100vw, 1920px\" \/>\t\t\t\t\t\t\t\t\t\t\t\t\t\t\t<\/div>\n\t\t\t\t<\/div>\n\t\t\t\t<\/div>\n\t\t<div class=\"elementor-element elementor-element-52ec92b1 e-flex e-con-boxed e-con e-parent\" data-id=\"52ec92b1\" data-element_type=\"container\">\n\t\t\t\t\t<div class=\"e-con-inner\">\n\t\t\t\t<div class=\"elementor-element elementor-element-3e9abc0f elementor-widget elementor-widget-heading\" data-id=\"3e9abc0f\" data-element_type=\"widget\" data-widget_type=\"heading.default\">\n\t\t\t\t<div class=\"elementor-widget-container\">\n\t\t\t\t\t<h1 class=\"elementor-heading-title elementor-size-default\">Die Campingpl\u00e4tze <span class=\"multiColor\">Natur &amp; Erholung<\/span><\/h1>\t\t\t\t<\/div>\n\t\t\t\t<\/div>\n\t\t\t\t<div class=\"elementor-element elementor-element-c688be8 elementor-widget elementor-widget-global elementor-global-12739 elementor-global-10699 elementor-widget-html\" data-id=\"c688be8\" data-element_type=\"widget\" data-widget_type=\"html.default\">\n\t\t\t\t<div class=\"elementor-widget-container\">\n\t\t\t\t\t<ctv-search data-float=\"true\" data-modal-position=\"bottom\"><\/ctv-search>\t\t\t\t<\/div>\n\t\t\t\t<\/div>\n\t\t\t\t<div class=\"elementor-element elementor-element-4c896db9 elementor-widget__width-initial elementor-widget elementor-widget-text-editor\" data-id=\"4c896db9\" data-element_type=\"widget\" data-widget_type=\"text-editor.default\">\n\t\t\t\t<div class=\"elementor-widget-container\">\n\t\t\t\t\t\t\t\t\t<p><strong><span style=\"color: #f7921e;\">Ein Urlaub, der zu Ihnen passt!<\/span><\/strong><\/p><p>Auf den Campingpl\u00e4tzen und PRLs im Tarn k\u00f6nnen Sie den Urlaub w\u00e4hlen, der zu Ihnen passt.<br>Wir wissen, dass Ihr Urlaub einzigartig ist, deshalb sorgen wir daf\u00fcr, dass Sie Ihren Traumurlaub finden, egal ob Sie einen ruhigen oder einen aktiven Urlaub suchen.<\/p><p>Sportlich, erholsam, f\u00fcr Kleinkinder geeignet, sehr lebhaft oder voller kultureller Entdeckungen, alle Besonderheiten werden vorgestellt und werden Ihnen helfen, einen angenehmen Aufenthalt zu verbringen.<\/p><p>Lust auf einen <strong>ruhigen<\/strong> Urlaub? Entdecken Sie unsere Auswahl an <g id=\"gid_1\">Natur &amp; Erholung<\/g> <g id=\"gid_2\">im<\/g> Tarn: <g id=\"gid_2\">Campingpl\u00e4tze und <g id=\"gid_3\">PRL<\/g> im Gr\u00fcnen<\/g>, <g id=\"gid_4\">ohne Animationen<\/g>, in der N\u00e4he <g id=\"gid_5\">der Seen<\/g> (Laouzas, Ravi\u00e8ge), <g id=\"gid_6\">Fl\u00fcsse<\/g> (Tarn, Viaur) und W\u00e4lder der Monts de Lacaune. Genie\u00dfen Sie in der Umgebung von<g id=\"gid_7\">Albi<\/g>, <g id=\"gid_8\">Gaillac<\/g> und dem <g id=\"gid_9\">Sidobre<\/g> gro\u00dfe Stellpl\u00e4tze, Mobilheime oder Chalets, eine friedliche Atmosph\u00e4re und sanfte Aktivit\u00e4ten (Spazierg\u00e4nge, Naturschwimmen, Weinberge von Gaillac). Vergleichen Sie die <strong>Einrichtungen<\/strong> (Schwimmbad, Flusszugang, Wifi), die <strong>\u00d6ffnungszeiten<\/strong> und die <strong>Preise direkt<\/strong> und buchen Sie dann bei den <strong>ATHPA-Mitgliedern<\/strong> f\u00fcr einen erholsamen Aufenthalt in <strong>Okzitanien<\/strong>.   <br><br>Finden Sie alle Campingpl\u00e4tze und PRL im Tarn, einfach und praktisch!<\/p>\t\t\t\t\t\t\t\t<\/div>\n\t\t\t\t<\/div>\n\t\t\t\t\t<\/div>\n\t\t\t\t<\/div>\n\t\t<div class=\"elementor-element elementor-element-4d03e3a e-flex e-con-boxed e-con e-parent\" data-id=\"4d03e3a\" data-element_type=\"container\">\n\t\t\t\t\t<div class=\"e-con-inner\">\n\t\t<div class=\"elementor-element elementor-element-ae37661 e-con-full e-flex e-con e-child\" data-id=\"ae37661\" data-element_type=\"container\" data-settings=\"{&quot;background_background&quot;:&quot;classic&quot;}\">\n\t\t\t\t<div class=\"elementor-element elementor-element-8ea9ec9 elementor-widget elementor-widget-image\" data-id=\"8ea9ec9\" data-element_type=\"widget\" data-widget_type=\"image.default\">\n\t\t\t\t<div class=\"elementor-widget-container\">\n\t\t\t\t\t\t\t\t\t\t\t\t\t\t\t<img decoding=\"async\" width=\"146\" height=\"157\" src=\"https:\/\/www.campingtarn.com\/wp-content\/uploads\/2025\/05\/picto-repos.svg\" class=\"attachment-large size-large wp-image-12418\" alt=\"Picto repos\" \/>\t\t\t\t\t\t\t\t\t\t\t\t\t\t\t<\/div>\n\t\t\t\t<\/div>\n\t\t<div class=\"elementor-element elementor-element-ea1ae62 e-con-full e-flex e-con e-child\" data-id=\"ea1ae62\" data-element_type=\"container\">\n\t\t\t\t<div class=\"elementor-element elementor-element-83c5477 elementor-widget elementor-widget-text-editor\" data-id=\"83c5477\" data-element_type=\"widget\" data-widget_type=\"text-editor.default\">\n\t\t\t\t<div class=\"elementor-widget-container\">\n\t\t\t\t\t\t\t\t\t<p>Campingpl\u00e4tze inmitten der Natur, wo Ruhe und Entspannung gro\u00df geschrieben werden.<br>Vogelgezwitscher, das Pl\u00e4tschern des Flusses oder der Wind in den Zweigen wiegen die Urlauber in den Schlaf.<br>Sie und die Natur&#8230; um sich zu erholen.<br>Ohne Animation.<\/p>\t\t\t\t\t\t\t\t<\/div>\n\t\t\t\t<\/div>\n\t\t\t\t<\/div>\n\t\t\t\t<\/div>\n\t\t\t\t\t<\/div>\n\t\t\t\t<\/div>\n\t\t<div class=\"elementor-element elementor-element-266d41cf e-flex e-con-boxed e-con e-parent\" data-id=\"266d41cf\" data-element_type=\"container\">\n\t\t\t\t\t<div class=\"e-con-inner\">\n\t\t\t\t<div class=\"elementor-element elementor-element-90a39f5 elementor-widget elementor-widget-shortcode\" data-id=\"90a39f5\" data-element_type=\"widget\" data-widget_type=\"shortcode.default\">\n\t\t\t\t<div class=\"elementor-widget-container\">\n\t\t\t\t\t\t\t<div class=\"elementor-shortcode\">    <div id=\"wpi-results-listing-nombre-posts\" data-singulier=\"%s Campingplatz\" data-pluriel=\"%s Campingpl\u00e4tze\">\n        1 Campingplatz            <\/div>\n    <div id=\"wpi-results-listing-posts\" class=\"wpi-results-listing-posts i-row i-align-items-stretch\">\n\n                    <article class=\"wpi-card card_camping i-col-xl-4 i-col-md-6 i-col-12 i-row non_adherent\"\n                    data-theme=\"\"\n            data-equipement=\"\"\n            data-service=\"\"\n                    data-type=\"camping\"\n\n            >\n                                <a href=\"#\" onclick=\"event.preventDefault()\" class=\"wpi-card-link\">\n                                    <div class=\"i-text-center\">\n                                                    <img src=\"https:\/\/www.campingtarn.com\/wp-content\/uploads\/2025\/05\/logo-camping-tarn-header.png\" loading=\"lazy\" decoding=\"async\"  class=\"wpi-card-thumbnail wp-post-image\" >\n                        \n\n                    <\/div>\n                    <div class=\"wpi-card-details\">\n                                                                        <h3>Les Layons de l'Aiguille <\/h3>\n                        <div class=\"wpi-card-detail-ville\">\n                            Les Cammazes                        <\/div>\n                        <div class=\"wpi-card-detail-resume\"><\/div>\n<!--                        <div class=\"wpi-card-detail-categorie\">--><!--<\/div>-->\n<!---->\n<!--                        <div class=\"wpi-card-detail-classement\">-->\n<!--                            <span>--><!--<\/span>-->\n<!--                        <\/div>-->\n\n                        <div class=\"wpi-card-detail-btn\">\n                                                    <\/div>\n                    <\/div>\n                <\/a>\n            <\/article>\n\n\n    <\/div>\n\n        <\/div>\n\t\t\t\t\t\t<\/div>\n\t\t\t\t<\/div>\n\t\t\t\t\t<\/div>\n\t\t\t\t<\/div>\n\t\t\t\t<\/div>\n\t\t","protected":false},"excerpt":{"rendered":"<p>Die Campingpl\u00e4tze Natur &amp; Erholung Ein Urlaub, der zu Ihnen passt! Auf den Campingpl\u00e4tzen und PRLs im Tarn k\u00f6nnen Sie den Urlaub w\u00e4hlen, der zu Ihnen passt.Wir wissen, dass Ihr Urlaub einzigartig ist, deshalb sorgen wir daf\u00fcr, dass Sie Ihren Traumurlaub finden, egal ob Sie einen ruhigen oder einen aktiven Urlaub suchen. Sportlich, erholsam, f\u00fcr [&hellip;]<\/p>\n","protected":false},"author":1,"featured_media":0,"parent":0,"menu_order":0,"comment_status":"closed","ping_status":"closed","template":"","meta":{"footnotes":""},"class_list":["post-12439","page","type-page","status-publish","hentry"],"yoast_head":"<!-- This site is optimized with the Yoast SEO plugin v26.4 - https:\/\/yoast.com\/wordpress\/plugins\/seo\/ -->\n<title>Campingpl\u00e4tze Natur &amp; Erholung Tarn | Ruhe &amp; Landschaften<\/title>\n<meta name=\"description\" content=\"Auswahl an ruhigen Campingpl\u00e4tzen und PRLs in der Region Tarn: ohne Animation, in der N\u00e4he von Seen und Fl\u00fcssen, W\u00e4ldern und Landh\u00e4usern. Vergleichen Sie Ausstattung und Preise, buchen Sie direkt.\" \/>\n<meta name=\"robots\" content=\"index, follow, max-snippet:-1, max-image-preview:large, max-video-preview:-1\" \/>\n<link rel=\"canonical\" href=\"https:\/\/www.campingtarn.com\/de\/natur-erholung\/\" \/>\n<meta property=\"og:locale\" content=\"de_DE\" \/>\n<meta property=\"og:type\" content=\"article\" \/>\n<meta property=\"og:title\" content=\"Campingpl\u00e4tze Natur &amp; Erholung Tarn | Ruhe &amp; Landschaften\" \/>\n<meta property=\"og:description\" content=\"Auswahl an ruhigen Campingpl\u00e4tzen und PRLs in der Region Tarn: ohne Animation, in der N\u00e4he von Seen und Fl\u00fcssen, W\u00e4ldern und Landh\u00e4usern. Vergleichen Sie Ausstattung und Preise, buchen Sie direkt.\" \/>\n<meta property=\"og:url\" content=\"https:\/\/www.campingtarn.com\/de\/natur-erholung\/\" \/>\n<meta property=\"og:site_name\" content=\"campingtarn.com\" \/>\n<meta property=\"article:modified_time\" content=\"2025-12-23T06:56:21+00:00\" \/>\n<meta property=\"og:image\" content=\"https:\/\/www.campingtarn.com\/wp-content\/uploads\/2025\/10\/le-clot-tente-tranquille.jpg\" \/>\n\t<meta property=\"og:image:width\" content=\"1920\" \/>\n\t<meta property=\"og:image:height\" content=\"721\" \/>\n\t<meta property=\"og:image:type\" content=\"image\/jpeg\" \/>\n<meta name=\"twitter:card\" content=\"summary_large_image\" \/>\n<meta name=\"twitter:label1\" content=\"Gesch\u00e4tzte Lesezeit\" \/>\n\t<meta name=\"twitter:data1\" content=\"1\u00a0Minute\" \/>\n<script type=\"application\/ld+json\" class=\"yoast-schema-graph\">{\"@context\":\"https:\/\/schema.org\",\"@graph\":[{\"@type\":\"WebPage\",\"@id\":\"https:\/\/www.campingtarn.com\/de\/natur-erholung\/\",\"url\":\"https:\/\/www.campingtarn.com\/de\/natur-erholung\/\",\"name\":\"Campingpl\u00e4tze Natur & Erholung Tarn | Ruhe & Landschaften\",\"isPartOf\":{\"@id\":\"https:\/\/www.campingtarn.com\/de\/#website\"},\"primaryImageOfPage\":{\"@id\":\"https:\/\/www.campingtarn.com\/de\/natur-erholung\/#primaryimage\"},\"image\":{\"@id\":\"https:\/\/www.campingtarn.com\/de\/natur-erholung\/#primaryimage\"},\"thumbnailUrl\":\"https:\/\/www.campingtarn.com\/wp-content\/uploads\/2025\/10\/le-clot-tente-tranquille.jpg\",\"datePublished\":\"2025-05-16T14:55:45+00:00\",\"dateModified\":\"2025-12-23T06:56:21+00:00\",\"description\":\"Auswahl an ruhigen Campingpl\u00e4tzen und PRLs in der Region Tarn: ohne Animation, in der N\u00e4he von Seen und Fl\u00fcssen, W\u00e4ldern und Landh\u00e4usern. Vergleichen Sie Ausstattung und Preise, buchen Sie direkt.\",\"breadcrumb\":{\"@id\":\"https:\/\/www.campingtarn.com\/de\/natur-erholung\/#breadcrumb\"},\"inLanguage\":\"de\",\"potentialAction\":[{\"@type\":\"ReadAction\",\"target\":[\"https:\/\/www.campingtarn.com\/de\/natur-erholung\/\"]}]},{\"@type\":\"ImageObject\",\"inLanguage\":\"de\",\"@id\":\"https:\/\/www.campingtarn.com\/de\/natur-erholung\/#primaryimage\",\"url\":\"https:\/\/www.campingtarn.com\/wp-content\/uploads\/2025\/10\/le-clot-tente-tranquille.jpg\",\"contentUrl\":\"https:\/\/www.campingtarn.com\/wp-content\/uploads\/2025\/10\/le-clot-tente-tranquille.jpg\"},{\"@type\":\"BreadcrumbList\",\"@id\":\"https:\/\/www.campingtarn.com\/de\/natur-erholung\/#breadcrumb\",\"itemListElement\":[{\"@type\":\"ListItem\",\"position\":1,\"name\":\"Startseite\",\"item\":\"https:\/\/www.campingtarn.com\/de\/startseite\/\"},{\"@type\":\"ListItem\",\"position\":2,\"name\":\"Natur &amp; Erholung\"}]},{\"@type\":\"WebSite\",\"@id\":\"https:\/\/www.campingtarn.com\/de\/#website\",\"url\":\"https:\/\/www.campingtarn.com\/de\/\",\"name\":\"campingtarn.com\",\"description\":\"\",\"potentialAction\":[{\"@type\":\"SearchAction\",\"target\":{\"@type\":\"EntryPoint\",\"urlTemplate\":\"https:\/\/www.campingtarn.com\/de\/?s={search_term_string}\"},\"query-input\":{\"@type\":\"PropertyValueSpecification\",\"valueRequired\":true,\"valueName\":\"search_term_string\"}}],\"inLanguage\":\"de\"}]}<\/script>\n<!-- \/ Yoast SEO plugin. -->","yoast_head_json":{"title":"Campingpl\u00e4tze Natur & Erholung Tarn | Ruhe & Landschaften","description":"Auswahl an ruhigen Campingpl\u00e4tzen und PRLs in der Region Tarn: ohne Animation, in der N\u00e4he von Seen und Fl\u00fcssen, W\u00e4ldern und Landh\u00e4usern. Vergleichen Sie Ausstattung und Preise, buchen Sie direkt.","robots":{"index":"index","follow":"follow","max-snippet":"max-snippet:-1","max-image-preview":"max-image-preview:large","max-video-preview":"max-video-preview:-1"},"canonical":"https:\/\/www.campingtarn.com\/de\/natur-erholung\/","og_locale":"de_DE","og_type":"article","og_title":"Campingpl\u00e4tze Natur & Erholung Tarn | Ruhe & Landschaften","og_description":"Auswahl an ruhigen Campingpl\u00e4tzen und PRLs in der Region Tarn: ohne Animation, in der N\u00e4he von Seen und Fl\u00fcssen, W\u00e4ldern und Landh\u00e4usern. Vergleichen Sie Ausstattung und Preise, buchen Sie direkt.","og_url":"https:\/\/www.campingtarn.com\/de\/natur-erholung\/","og_site_name":"campingtarn.com","article_modified_time":"2025-12-23T06:56:21+00:00","og_image":[{"width":1920,"height":721,"url":"https:\/\/www.campingtarn.com\/wp-content\/uploads\/2025\/10\/le-clot-tente-tranquille.jpg","type":"image\/jpeg"}],"twitter_card":"summary_large_image","twitter_misc":{"Gesch\u00e4tzte Lesezeit":"1\u00a0Minute"},"schema":{"@context":"https:\/\/schema.org","@graph":[{"@type":"WebPage","@id":"https:\/\/www.campingtarn.com\/de\/natur-erholung\/","url":"https:\/\/www.campingtarn.com\/de\/natur-erholung\/","name":"Campingpl\u00e4tze Natur & Erholung Tarn | Ruhe & Landschaften","isPartOf":{"@id":"https:\/\/www.campingtarn.com\/de\/#website"},"primaryImageOfPage":{"@id":"https:\/\/www.campingtarn.com\/de\/natur-erholung\/#primaryimage"},"image":{"@id":"https:\/\/www.campingtarn.com\/de\/natur-erholung\/#primaryimage"},"thumbnailUrl":"https:\/\/www.campingtarn.com\/wp-content\/uploads\/2025\/10\/le-clot-tente-tranquille.jpg","datePublished":"2025-05-16T14:55:45+00:00","dateModified":"2025-12-23T06:56:21+00:00","description":"Auswahl an ruhigen Campingpl\u00e4tzen und PRLs in der Region Tarn: ohne Animation, in der N\u00e4he von Seen und Fl\u00fcssen, W\u00e4ldern und Landh\u00e4usern. Vergleichen Sie Ausstattung und Preise, buchen Sie direkt.","breadcrumb":{"@id":"https:\/\/www.campingtarn.com\/de\/natur-erholung\/#breadcrumb"},"inLanguage":"de","potentialAction":[{"@type":"ReadAction","target":["https:\/\/www.campingtarn.com\/de\/natur-erholung\/"]}]},{"@type":"ImageObject","inLanguage":"de","@id":"https:\/\/www.campingtarn.com\/de\/natur-erholung\/#primaryimage","url":"https:\/\/www.campingtarn.com\/wp-content\/uploads\/2025\/10\/le-clot-tente-tranquille.jpg","contentUrl":"https:\/\/www.campingtarn.com\/wp-content\/uploads\/2025\/10\/le-clot-tente-tranquille.jpg"},{"@type":"BreadcrumbList","@id":"https:\/\/www.campingtarn.com\/de\/natur-erholung\/#breadcrumb","itemListElement":[{"@type":"ListItem","position":1,"name":"Startseite","item":"https:\/\/www.campingtarn.com\/de\/startseite\/"},{"@type":"ListItem","position":2,"name":"Natur &amp; Erholung"}]},{"@type":"WebSite","@id":"https:\/\/www.campingtarn.com\/de\/#website","url":"https:\/\/www.campingtarn.com\/de\/","name":"campingtarn.com","description":"","potentialAction":[{"@type":"SearchAction","target":{"@type":"EntryPoint","urlTemplate":"https:\/\/www.campingtarn.com\/de\/?s={search_term_string}"},"query-input":{"@type":"PropertyValueSpecification","valueRequired":true,"valueName":"search_term_string"}}],"inLanguage":"de"}]}},"_links":{"self":[{"href":"https:\/\/www.campingtarn.com\/de\/wp-json\/wp\/v2\/pages\/12439","targetHints":{"allow":["GET"]}}],"collection":[{"href":"https:\/\/www.campingtarn.com\/de\/wp-json\/wp\/v2\/pages"}],"about":[{"href":"https:\/\/www.campingtarn.com\/de\/wp-json\/wp\/v2\/types\/page"}],"author":[{"embeddable":true,"href":"https:\/\/www.campingtarn.com\/de\/wp-json\/wp\/v2\/users\/1"}],"replies":[{"embeddable":true,"href":"https:\/\/www.campingtarn.com\/de\/wp-json\/wp\/v2\/comments?post=12439"}],"version-history":[{"count":4,"href":"https:\/\/www.campingtarn.com\/de\/wp-json\/wp\/v2\/pages\/12439\/revisions"}],"predecessor-version":[{"id":13685,"href":"https:\/\/www.campingtarn.com\/de\/wp-json\/wp\/v2\/pages\/12439\/revisions\/13685"}],"wp:attachment":[{"href":"https:\/\/www.campingtarn.com\/de\/wp-json\/wp\/v2\/media?parent=12439"}],"curies":[{"name":"wp","href":"https:\/\/api.w.org\/{rel}","templated":true}]}}