{"id":12452,"date":"2025-05-16T14:56:59","date_gmt":"2025-05-16T14:56:59","guid":{"rendered":"https:\/\/www.campingtarn.com\/cocooning\/"},"modified":"2025-12-23T06:55:02","modified_gmt":"2025-12-23T06:55:02","slug":"cocooning","status":"publish","type":"page","link":"https:\/\/www.campingtarn.com\/de\/cocooning\/","title":{"rendered":"Cocooning"},"content":{"rendered":"\t\t<div data-elementor-type=\"wp-page\" data-elementor-id=\"12452\" class=\"elementor elementor-12452 elementor-91\" data-elementor-post-type=\"page\">\n\t\t\t\t<div class=\"elementor-element elementor-element-79c59cb0 e-con-full e-flex e-con e-parent\" data-id=\"79c59cb0\" data-element_type=\"container\">\n\t\t\t\t<div class=\"elementor-element elementor-element-6adff4df elementor-widget elementor-widget-image\" data-id=\"6adff4df\" data-element_type=\"widget\" data-widget_type=\"image.default\">\n\t\t\t\t<div class=\"elementor-widget-container\">\n\t\t\t\t\t\t\t\t\t\t\t\t\t\t\t<img fetchpriority=\"high\" decoding=\"async\" width=\"1920\" height=\"721\" src=\"https:\/\/www.campingtarn.com\/wp-content\/uploads\/2025\/10\/camping-familles.jpg\" class=\"attachment-full size-full wp-image-12453\" alt=\"Cocooning-Campingpl\u00e4tze in der Tarn\" srcset=\"https:\/\/www.campingtarn.com\/wp-content\/uploads\/2025\/10\/camping-familles.jpg 1920w, https:\/\/www.campingtarn.com\/wp-content\/uploads\/2025\/10\/camping-familles-300x113.jpg 300w, https:\/\/www.campingtarn.com\/wp-content\/uploads\/2025\/10\/camping-familles-1024x385.jpg 1024w, https:\/\/www.campingtarn.com\/wp-content\/uploads\/2025\/10\/camping-familles-768x288.jpg 768w, https:\/\/www.campingtarn.com\/wp-content\/uploads\/2025\/10\/camping-familles-1536x577.jpg 1536w\" sizes=\"(max-width: 1920px) 100vw, 1920px\" \/>\t\t\t\t\t\t\t\t\t\t\t\t\t\t\t<\/div>\n\t\t\t\t<\/div>\n\t\t\t\t<\/div>\n\t\t<div class=\"elementor-element elementor-element-5241e55 e-flex e-con-boxed e-con e-parent\" data-id=\"5241e55\" data-element_type=\"container\">\n\t\t\t\t\t<div class=\"e-con-inner\">\n\t\t\t\t<div class=\"elementor-element elementor-element-4ba031f3 elementor-widget elementor-widget-heading\" data-id=\"4ba031f3\" data-element_type=\"widget\" data-widget_type=\"heading.default\">\n\t\t\t\t<div class=\"elementor-widget-container\">\n\t\t\t\t\t<h1 class=\"elementor-heading-title elementor-size-default\">Die <span class=\"multiColor\">Cocooning-Campingpl\u00e4tze<\/span><\/h1>\t\t\t\t<\/div>\n\t\t\t\t<\/div>\n\t\t\t\t<div class=\"elementor-element elementor-element-e6842bc elementor-widget elementor-widget-global elementor-global-12739 elementor-global-10699 elementor-widget-html\" data-id=\"e6842bc\" data-element_type=\"widget\" data-widget_type=\"html.default\">\n\t\t\t\t<div class=\"elementor-widget-container\">\n\t\t\t\t\t<ctv-search data-float=\"true\" data-modal-position=\"bottom\"><\/ctv-search>\t\t\t\t<\/div>\n\t\t\t\t<\/div>\n\t\t\t\t<div class=\"elementor-element elementor-element-2ca1d0ed elementor-widget__width-initial elementor-widget elementor-widget-text-editor\" data-id=\"2ca1d0ed\" data-element_type=\"widget\" data-widget_type=\"text-editor.default\">\n\t\t\t\t<div class=\"elementor-widget-container\">\n\t\t\t\t\t\t\t\t\t<p><strong><span style=\"color: #f7921e;\">Ein Urlaub, der zu Ihnen passt!<\/span><\/strong><\/p><p>Auf den <strong>Campingpl\u00e4tzen und PRLs im Tarn<\/strong> k\u00f6nnen Sie den Urlaub w\u00e4hlen, der zu Ihnen passt.<br>Wir wissen, dass Ihr Urlaub einzigartig ist, deshalb sorgen wir daf\u00fcr, dass Sie Ihren Traumurlaub finden, egal ob Sie einen ruhigen oder einen aktiven Urlaub suchen.<\/p><p>Sportlich, erholsam, f\u00fcr Kleinkinder geeignet, sehr lebhaft oder voller kultureller Entdeckungen, alle Besonderheiten werden vorgestellt und werden Ihnen helfen, einen angenehmen Aufenthalt zu verbringen.<\/p><p>Lust auf einen <strong>erholsamen<\/strong> <strong>Familienurlaub<\/strong>? Entdecken Sie unsere Auswahl an<g id=\"gid_2\"><g id=\"gid_3\"> Campingpl\u00e4tzen und PRL<\/g> im Departement<g id=\"gid_4\"> Tarn<\/g><\/g> mit neuen Mietunterk\u00fcnften und kinderfreundlichen Einrichtungen:<g id=\"gid_5\"> Planschbecken, Spielplatz, Familiensanit\u00e4ranlagen<\/g>, ruhige Bereiche f\u00fcr gemeinsame Momente. In der Umgebung von<g id=\"gid_6\">Albi<\/g>, <g id=\"gid_7\">Gaillac<\/g>, dem <g id=\"gid_8\">Sidobre<\/g> oder den <g id=\"gid_9\">Bergseen<\/g> k\u00f6nnen Sie von komfortablen Unterk\u00fcnften (Mobilheime, Chalets, Lodges), sanften Aktivit\u00e4ten und cleveren Dienstleistungen (Babysets, Verpflegung, Wifi) profitieren. Vergleichen Sie die<strong> \u00d6ffnungszeiten<\/strong>, die <strong>Direktpreise<\/strong> und die <strong>USPs<\/strong> der einzelnen Einrichtungen und buchen Sie dann bei den <strong>ATHPA-Mitgliedern<\/strong> f\u00fcr einen entspannten Aufenthalt in Okzitanien.   <\/p><p>Finden Sie alle Campingpl\u00e4tze und PRL im Tarn, einfach und praktisch!<\/p>\t\t\t\t\t\t\t\t<\/div>\n\t\t\t\t<\/div>\n\t\t\t\t\t<\/div>\n\t\t\t\t<\/div>\n\t\t<div class=\"elementor-element elementor-element-6e9e62a4 e-flex e-con-boxed e-con e-parent\" data-id=\"6e9e62a4\" data-element_type=\"container\">\n\t\t\t\t\t<div class=\"e-con-inner\">\n\t\t<div class=\"elementor-element elementor-element-57dad9b0 e-con-full e-flex e-con e-child\" data-id=\"57dad9b0\" data-element_type=\"container\" data-settings=\"{&quot;background_background&quot;:&quot;classic&quot;}\">\n\t\t\t\t<div class=\"elementor-element elementor-element-6b868e26 elementor-widget elementor-widget-image\" data-id=\"6b868e26\" data-element_type=\"widget\" data-widget_type=\"image.default\">\n\t\t\t\t<div class=\"elementor-widget-container\">\n\t\t\t\t\t\t\t\t\t\t\t\t\t\t\t<img decoding=\"async\" width=\"143\" height=\"160\" src=\"https:\/\/www.campingtarn.com\/wp-content\/uploads\/2025\/05\/picto-famille.svg\" class=\"attachment-large size-large wp-image-12420\" alt=\"Picto famille\" \/>\t\t\t\t\t\t\t\t\t\t\t\t\t\t\t<\/div>\n\t\t\t\t<\/div>\n\t\t\t\t<div class=\"elementor-element elementor-element-aa6daa7 elementor-widget elementor-widget-heading\" data-id=\"aa6daa7\" data-element_type=\"widget\" data-widget_type=\"heading.default\">\n\t\t\t\t<div class=\"elementor-widget-container\">\n\t\t\t\t\t<h3 class=\"elementor-heading-title elementor-size-default\">Cocooning | Mietunterk\u00fcnfte und Einrichtungen f\u00fcr Kinder<\/h3>\t\t\t\t<\/div>\n\t\t\t\t<\/div>\n\t\t\t\t<div class=\"elementor-element elementor-element-f5c933d elementor-widget elementor-widget-text-editor\" data-id=\"f5c933d\" data-element_type=\"widget\" data-widget_type=\"text-editor.default\">\n\t\t\t\t<div class=\"elementor-widget-container\">\n\t\t\t\t\t\t\t\t\t<p>Campingpl\u00e4tze mit recht neuen Mietunterk\u00fcnften und kinderfreundlichen Einrichtungen: Planschbecken, Spielplatz, Mini-Farm, Familien-Sanit\u00e4ranlagen&#8230;&#8230;f\u00fcr besondere Momente mit der ganzen Familie.<\/p>\t\t\t\t\t\t\t\t<\/div>\n\t\t\t\t<\/div>\n\t\t\t\t<\/div>\n\t\t\t\t\t<\/div>\n\t\t\t\t<\/div>\n\t\t<div class=\"elementor-element elementor-element-50c927fa e-flex e-con-boxed e-con e-parent\" data-id=\"50c927fa\" data-element_type=\"container\">\n\t\t\t\t\t<div class=\"e-con-inner\">\n\t\t\t\t<div class=\"elementor-element elementor-element-5ce28c6 elementor-widget elementor-widget-shortcode\" data-id=\"5ce28c6\" data-element_type=\"widget\" data-widget_type=\"shortcode.default\">\n\t\t\t\t<div class=\"elementor-widget-container\">\n\t\t\t\t\t\t\t<div class=\"elementor-shortcode\"><\/div>\n\t\t\t\t\t\t<\/div>\n\t\t\t\t<\/div>\n\t\t\t\t\t<\/div>\n\t\t\t\t<\/div>\n\t\t\t\t<\/div>\n\t\t","protected":false},"excerpt":{"rendered":"<p>Die Cocooning-Campingpl\u00e4tze Ein Urlaub, der zu Ihnen passt! Auf den Campingpl\u00e4tzen und PRLs im Tarn k\u00f6nnen Sie den Urlaub w\u00e4hlen, der zu Ihnen passt.Wir wissen, dass Ihr Urlaub einzigartig ist, deshalb sorgen wir daf\u00fcr, dass Sie Ihren Traumurlaub finden, egal ob Sie einen ruhigen oder einen aktiven Urlaub suchen. Sportlich, erholsam, f\u00fcr Kleinkinder geeignet, sehr [&hellip;]<\/p>\n","protected":false},"author":1,"featured_media":0,"parent":0,"menu_order":0,"comment_status":"closed","ping_status":"closed","template":"","meta":{"footnotes":""},"class_list":["post-12452","page","type-page","status-publish","hentry"],"yoast_head":"<!-- This site is optimized with the Yoast SEO plugin v26.4 - https:\/\/yoast.com\/wordpress\/plugins\/seo\/ -->\n<title>Campingpl\u00e4tze Cocooning Tarn - Familie &amp; Komfort | ATHPA<\/title>\n<meta name=\"description\" content=\"Auswahl an &quot;Cocooning&quot;-Campingpl\u00e4tzen &amp; PRLs: neue Mietunterk\u00fcnfte, Planschbecken, Spielplatz, Familien-Sanit\u00e4ranlagen. Vergleichen Sie Ausstattung und Preise, buchen Sie direkt.\" \/>\n<meta name=\"robots\" content=\"index, follow, max-snippet:-1, max-image-preview:large, max-video-preview:-1\" \/>\n<link rel=\"canonical\" href=\"https:\/\/www.campingtarn.com\/de\/cocooning\/\" \/>\n<meta property=\"og:locale\" content=\"de_DE\" \/>\n<meta property=\"og:type\" content=\"article\" \/>\n<meta property=\"og:title\" content=\"Campingpl\u00e4tze Cocooning Tarn - Familie &amp; Komfort | ATHPA\" \/>\n<meta property=\"og:description\" content=\"Auswahl an &quot;Cocooning&quot;-Campingpl\u00e4tzen &amp; PRLs: neue Mietunterk\u00fcnfte, Planschbecken, Spielplatz, Familien-Sanit\u00e4ranlagen. Vergleichen Sie Ausstattung und Preise, buchen Sie direkt.\" \/>\n<meta property=\"og:url\" content=\"https:\/\/www.campingtarn.com\/de\/cocooning\/\" \/>\n<meta property=\"og:site_name\" content=\"campingtarn.com\" \/>\n<meta property=\"article:modified_time\" content=\"2025-12-23T06:55:02+00:00\" \/>\n<meta property=\"og:image\" content=\"https:\/\/www.campingtarn.com\/wp-content\/uploads\/2025\/10\/camping-familles.jpg\" \/>\n\t<meta property=\"og:image:width\" content=\"1920\" \/>\n\t<meta property=\"og:image:height\" content=\"721\" \/>\n\t<meta property=\"og:image:type\" content=\"image\/jpeg\" \/>\n<meta name=\"twitter:card\" content=\"summary_large_image\" \/>\n<meta name=\"twitter:label1\" content=\"Gesch\u00e4tzte Lesezeit\" \/>\n\t<meta name=\"twitter:data1\" content=\"1\u00a0Minute\" \/>\n<script type=\"application\/ld+json\" class=\"yoast-schema-graph\">{\"@context\":\"https:\/\/schema.org\",\"@graph\":[{\"@type\":\"WebPage\",\"@id\":\"https:\/\/www.campingtarn.com\/de\/cocooning\/\",\"url\":\"https:\/\/www.campingtarn.com\/de\/cocooning\/\",\"name\":\"Campingpl\u00e4tze Cocooning Tarn - Familie & Komfort | ATHPA\",\"isPartOf\":{\"@id\":\"https:\/\/www.campingtarn.com\/de\/#website\"},\"primaryImageOfPage\":{\"@id\":\"https:\/\/www.campingtarn.com\/de\/cocooning\/#primaryimage\"},\"image\":{\"@id\":\"https:\/\/www.campingtarn.com\/de\/cocooning\/#primaryimage\"},\"thumbnailUrl\":\"https:\/\/www.campingtarn.com\/wp-content\/uploads\/2025\/10\/camping-familles.jpg\",\"datePublished\":\"2025-05-16T14:56:59+00:00\",\"dateModified\":\"2025-12-23T06:55:02+00:00\",\"description\":\"Auswahl an \\\"Cocooning\\\"-Campingpl\u00e4tzen & PRLs: neue Mietunterk\u00fcnfte, Planschbecken, Spielplatz, Familien-Sanit\u00e4ranlagen. Vergleichen Sie Ausstattung und Preise, buchen Sie direkt.\",\"breadcrumb\":{\"@id\":\"https:\/\/www.campingtarn.com\/de\/cocooning\/#breadcrumb\"},\"inLanguage\":\"de\",\"potentialAction\":[{\"@type\":\"ReadAction\",\"target\":[\"https:\/\/www.campingtarn.com\/de\/cocooning\/\"]}]},{\"@type\":\"ImageObject\",\"inLanguage\":\"de\",\"@id\":\"https:\/\/www.campingtarn.com\/de\/cocooning\/#primaryimage\",\"url\":\"https:\/\/www.campingtarn.com\/wp-content\/uploads\/2025\/10\/camping-familles.jpg\",\"contentUrl\":\"https:\/\/www.campingtarn.com\/wp-content\/uploads\/2025\/10\/camping-familles.jpg\"},{\"@type\":\"BreadcrumbList\",\"@id\":\"https:\/\/www.campingtarn.com\/de\/cocooning\/#breadcrumb\",\"itemListElement\":[{\"@type\":\"ListItem\",\"position\":1,\"name\":\"Startseite\",\"item\":\"https:\/\/www.campingtarn.com\/de\/startseite\/\"},{\"@type\":\"ListItem\",\"position\":2,\"name\":\"Cocooning\"}]},{\"@type\":\"WebSite\",\"@id\":\"https:\/\/www.campingtarn.com\/de\/#website\",\"url\":\"https:\/\/www.campingtarn.com\/de\/\",\"name\":\"campingtarn.com\",\"description\":\"\",\"potentialAction\":[{\"@type\":\"SearchAction\",\"target\":{\"@type\":\"EntryPoint\",\"urlTemplate\":\"https:\/\/www.campingtarn.com\/de\/?s={search_term_string}\"},\"query-input\":{\"@type\":\"PropertyValueSpecification\",\"valueRequired\":true,\"valueName\":\"search_term_string\"}}],\"inLanguage\":\"de\"}]}<\/script>\n<!-- \/ Yoast SEO plugin. -->","yoast_head_json":{"title":"Campingpl\u00e4tze Cocooning Tarn - Familie & Komfort | ATHPA","description":"Auswahl an \"Cocooning\"-Campingpl\u00e4tzen & PRLs: neue Mietunterk\u00fcnfte, Planschbecken, Spielplatz, Familien-Sanit\u00e4ranlagen. Vergleichen Sie Ausstattung und Preise, buchen Sie direkt.","robots":{"index":"index","follow":"follow","max-snippet":"max-snippet:-1","max-image-preview":"max-image-preview:large","max-video-preview":"max-video-preview:-1"},"canonical":"https:\/\/www.campingtarn.com\/de\/cocooning\/","og_locale":"de_DE","og_type":"article","og_title":"Campingpl\u00e4tze Cocooning Tarn - Familie & Komfort | ATHPA","og_description":"Auswahl an \"Cocooning\"-Campingpl\u00e4tzen & PRLs: neue Mietunterk\u00fcnfte, Planschbecken, Spielplatz, Familien-Sanit\u00e4ranlagen. Vergleichen Sie Ausstattung und Preise, buchen Sie direkt.","og_url":"https:\/\/www.campingtarn.com\/de\/cocooning\/","og_site_name":"campingtarn.com","article_modified_time":"2025-12-23T06:55:02+00:00","og_image":[{"width":1920,"height":721,"url":"https:\/\/www.campingtarn.com\/wp-content\/uploads\/2025\/10\/camping-familles.jpg","type":"image\/jpeg"}],"twitter_card":"summary_large_image","twitter_misc":{"Gesch\u00e4tzte Lesezeit":"1\u00a0Minute"},"schema":{"@context":"https:\/\/schema.org","@graph":[{"@type":"WebPage","@id":"https:\/\/www.campingtarn.com\/de\/cocooning\/","url":"https:\/\/www.campingtarn.com\/de\/cocooning\/","name":"Campingpl\u00e4tze Cocooning Tarn - Familie & Komfort | ATHPA","isPartOf":{"@id":"https:\/\/www.campingtarn.com\/de\/#website"},"primaryImageOfPage":{"@id":"https:\/\/www.campingtarn.com\/de\/cocooning\/#primaryimage"},"image":{"@id":"https:\/\/www.campingtarn.com\/de\/cocooning\/#primaryimage"},"thumbnailUrl":"https:\/\/www.campingtarn.com\/wp-content\/uploads\/2025\/10\/camping-familles.jpg","datePublished":"2025-05-16T14:56:59+00:00","dateModified":"2025-12-23T06:55:02+00:00","description":"Auswahl an \"Cocooning\"-Campingpl\u00e4tzen & PRLs: neue Mietunterk\u00fcnfte, Planschbecken, Spielplatz, Familien-Sanit\u00e4ranlagen. Vergleichen Sie Ausstattung und Preise, buchen Sie direkt.","breadcrumb":{"@id":"https:\/\/www.campingtarn.com\/de\/cocooning\/#breadcrumb"},"inLanguage":"de","potentialAction":[{"@type":"ReadAction","target":["https:\/\/www.campingtarn.com\/de\/cocooning\/"]}]},{"@type":"ImageObject","inLanguage":"de","@id":"https:\/\/www.campingtarn.com\/de\/cocooning\/#primaryimage","url":"https:\/\/www.campingtarn.com\/wp-content\/uploads\/2025\/10\/camping-familles.jpg","contentUrl":"https:\/\/www.campingtarn.com\/wp-content\/uploads\/2025\/10\/camping-familles.jpg"},{"@type":"BreadcrumbList","@id":"https:\/\/www.campingtarn.com\/de\/cocooning\/#breadcrumb","itemListElement":[{"@type":"ListItem","position":1,"name":"Startseite","item":"https:\/\/www.campingtarn.com\/de\/startseite\/"},{"@type":"ListItem","position":2,"name":"Cocooning"}]},{"@type":"WebSite","@id":"https:\/\/www.campingtarn.com\/de\/#website","url":"https:\/\/www.campingtarn.com\/de\/","name":"campingtarn.com","description":"","potentialAction":[{"@type":"SearchAction","target":{"@type":"EntryPoint","urlTemplate":"https:\/\/www.campingtarn.com\/de\/?s={search_term_string}"},"query-input":{"@type":"PropertyValueSpecification","valueRequired":true,"valueName":"search_term_string"}}],"inLanguage":"de"}]}},"_links":{"self":[{"href":"https:\/\/www.campingtarn.com\/de\/wp-json\/wp\/v2\/pages\/12452","targetHints":{"allow":["GET"]}}],"collection":[{"href":"https:\/\/www.campingtarn.com\/de\/wp-json\/wp\/v2\/pages"}],"about":[{"href":"https:\/\/www.campingtarn.com\/de\/wp-json\/wp\/v2\/types\/page"}],"author":[{"embeddable":true,"href":"https:\/\/www.campingtarn.com\/de\/wp-json\/wp\/v2\/users\/1"}],"replies":[{"embeddable":true,"href":"https:\/\/www.campingtarn.com\/de\/wp-json\/wp\/v2\/comments?post=12452"}],"version-history":[{"count":2,"href":"https:\/\/www.campingtarn.com\/de\/wp-json\/wp\/v2\/pages\/12452\/revisions"}],"predecessor-version":[{"id":13678,"href":"https:\/\/www.campingtarn.com\/de\/wp-json\/wp\/v2\/pages\/12452\/revisions\/13678"}],"wp:attachment":[{"href":"https:\/\/www.campingtarn.com\/de\/wp-json\/wp\/v2\/media?parent=12452"}],"curies":[{"name":"wp","href":"https:\/\/api.w.org\/{rel}","templated":true}]}}