{"id":12992,"date":"2025-09-11T07:24:38","date_gmt":"2025-09-11T07:24:38","guid":{"rendered":"https:\/\/www.campingtarn.com\/kontaktieren-sie-uns\/"},"modified":"2025-12-23T06:46:25","modified_gmt":"2025-12-23T06:46:25","slug":"kontaktieren-sie-uns","status":"publish","type":"page","link":"https:\/\/www.campingtarn.com\/de\/kontaktieren-sie-uns\/","title":{"rendered":"Kontaktieren Sie uns"},"content":{"rendered":"\t\t<div data-elementor-type=\"wp-page\" data-elementor-id=\"12992\" class=\"elementor elementor-12992 elementor-10409\" data-elementor-post-type=\"page\">\n\t\t\t\t<div class=\"elementor-element elementor-element-1219fa5 e-flex e-con-boxed e-con e-parent\" data-id=\"1219fa5\" data-element_type=\"container\">\n\t\t\t\t\t<div class=\"e-con-inner\">\n\t\t\t\t\t<\/div>\n\t\t\t\t<\/div>\n\t\t<div class=\"elementor-element elementor-element-5f68b59 e-flex e-con-boxed e-con e-parent\" data-id=\"5f68b59\" data-element_type=\"container\">\n\t\t\t\t\t<div class=\"e-con-inner\">\n\t\t\t\t<div class=\"elementor-element elementor-element-26f8d42 elementor-widget elementor-widget-heading\" data-id=\"26f8d42\" data-element_type=\"widget\" data-widget_type=\"heading.default\">\n\t\t\t\t<div class=\"elementor-widget-container\">\n\t\t\t\t\t<h1 class=\"elementor-heading-title elementor-size-default\"><span class=\"multiColor\">Kontaktieren<\/span> Sie uns<\/h1>\t\t\t\t<\/div>\n\t\t\t\t<\/div>\n\t\t<div class=\"elementor-element elementor-element-661ae30 e-con-full e-flex e-con e-child\" data-id=\"661ae30\" data-element_type=\"container\">\n\t\t\t\t<div class=\"elementor-element elementor-element-bda85ac elementor-widget elementor-widget-html\" data-id=\"bda85ac\" data-element_type=\"widget\" data-widget_type=\"html.default\">\n\t\t\t\t<div class=\"elementor-widget-container\">\n\t\t\t\t\t<ctv-search data-float=\"true\" data-modal-position=\"bottom\"><\/ctv-search>\t\t\t\t<\/div>\n\t\t\t\t<\/div>\n\t\t\t\t<\/div>\n\t\t\t\t\t<\/div>\n\t\t\t\t<\/div>\n\t\t<div class=\"elementor-element elementor-element-4bea1e7 e-flex e-con-boxed e-con e-parent\" data-id=\"4bea1e7\" data-element_type=\"container\">\n\t\t\t\t\t<div class=\"e-con-inner\">\n\t\t\t\t<div class=\"elementor-element elementor-element-fd97c79 elementor-widget__width-initial elementor-widget elementor-widget-text-editor\" data-id=\"fd97c79\" data-element_type=\"widget\" data-widget_type=\"text-editor.default\">\n\t\t\t\t<div class=\"elementor-widget-container\">\n\t\t\t\t\t\t\t\t\t<div class=\"field field-name-field-entete field-type-text-long field-label-hidden\"><div class=\"field-items\"><div class=\"field-item even\"><p><a href=\"#\">Die Association Tarnaise de l'H\u00f4tellerie de Plein Air (ATHPA)<\/a> umfasst fast 90% der Campingpl\u00e4tze und PRL im Tarn. Ihr Ziel ist es, den Tourismus, die <a href=\"http:\/\/les-campings\" data-wplink-url-error=\"true\">Campingpl\u00e4tze<\/a> und die PRL im Tarn zu f\u00f6rdern.<br>Gemeinsame Anstrengungen und Austausch von Know-how, damit jeder Fortschritte machen kann!<\/p><p>Die ATHPA ist f\u00fcr ihre Dynamik und ihren Willen innerhalb des Sektors anerkannt und wird vom Departement Tarn logistisch und finanziell unterst\u00fctzt.<\/p><p><strong>Karine, unsere \"Camping-Referentin\", die seit \u00fcber 25 Jahren das ganze Jahr \u00fcber f\u00fcr Sie da ist, beantwortet gerne Ihre Fragen zu den Freiluftanlagen des Departements und hilft Ihnen, die Anlage zu finden, die am besten zu Ihnen passt.<\/strong><\/p><\/div><\/div><\/div>\t\t\t\t\t\t\t\t<\/div>\n\t\t\t\t<\/div>\n\t\t\t\t\t<\/div>\n\t\t\t\t<\/div>\n\t\t<div class=\"elementor-element elementor-element-e700343 e-con-full e-flex e-con e-parent\" data-id=\"e700343\" data-element_type=\"container\" data-settings=\"{&quot;background_background&quot;:&quot;classic&quot;}\">\n\t\t<div class=\"elementor-element elementor-element-683ee5c e-con-full e-flex e-con e-child\" data-id=\"683ee5c\" data-element_type=\"container\">\n\t\t\t\t<div class=\"elementor-element elementor-element-c0ae015 elementor-widget elementor-widget-text-editor\" data-id=\"c0ae015\" data-element_type=\"widget\" data-widget_type=\"text-editor.default\">\n\t\t\t\t<div class=\"elementor-widget-container\">\n\t\t\t\t\t\t\t\t\t<h2>Unsere Kontaktdaten<\/h2><div class=\"content\"><p>A.T.H.P.A.<br>10 rue des grenadiers<br>81000 ALBI<br> +33<a href=\"tel:+33563361844\">(0)563 36 18 44<\/a><br><a href=\"mailto:contact@campingtarn.com\">contact@campingtarn.com<\/a><\/p><\/div>\t\t\t\t\t\t\t\t<\/div>\n\t\t\t\t<\/div>\n\t\t\t\t<div class=\"elementor-element elementor-element-041d6f1 elementor-widget elementor-widget-image\" data-id=\"041d6f1\" data-element_type=\"widget\" data-widget_type=\"image.default\">\n\t\t\t\t<div class=\"elementor-widget-container\">\n\t\t\t\t\t\t\t\t\t\t\t\t\t\t\t<img fetchpriority=\"high\" decoding=\"async\" width=\"350\" height=\"263\" src=\"https:\/\/www.campingtarn.com\/wp-content\/uploads\/2025\/09\/karine-albouy.jpg\" class=\"attachment-large size-large wp-image-12993\" alt=\"Karine Albouy, Referentin f\u00fcr Camping, von der Vereinigung A.T.H.P.A.\" srcset=\"https:\/\/www.campingtarn.com\/wp-content\/uploads\/2025\/09\/karine-albouy.jpg 350w, https:\/\/www.campingtarn.com\/wp-content\/uploads\/2025\/09\/karine-albouy-300x225.jpg 300w\" sizes=\"(max-width: 350px) 100vw, 350px\" \/>\t\t\t\t\t\t\t\t\t\t\t\t\t\t\t<\/div>\n\t\t\t\t<\/div>\n\t\t\t\t<\/div>\n\t\t<div class=\"elementor-element elementor-element-9fd2de1 e-con-full e-flex e-con e-child\" data-id=\"9fd2de1\" data-element_type=\"container\" data-settings=\"{&quot;background_background&quot;:&quot;classic&quot;}\">\n\t\t\t\t<div class=\"elementor-element elementor-element-5c9d5bc elementor-widget elementor-widget-shortcode\" data-id=\"5c9d5bc\" data-element_type=\"widget\" data-widget_type=\"shortcode.default\">\n\t\t\t\t<div class=\"elementor-widget-container\">\n\t\t\t\t\t\t\t<div class=\"elementor-shortcode\">\n<div class=\"wpcf7 no-js\" id=\"wpcf7-f12635-o1\" lang=\"de-DE\" dir=\"ltr\" data-wpcf7-id=\"12635\">\n<div class=\"screen-reader-response\"><p role=\"status\" aria-live=\"polite\" aria-atomic=\"true\"><\/p> <ul><\/ul><\/div>\n<form action=\"\/de\/wp-json\/wp\/v2\/pages\/12992#wpcf7-f12635-o1\" method=\"post\" class=\"wpcf7-form init\" aria-label=\"Kontaktformular\" novalidate=\"novalidate\" data-status=\"init\">\n<fieldset class=\"hidden-fields-container\"><input type=\"hidden\" name=\"_wpcf7\" value=\"12635\" \/><input type=\"hidden\" name=\"_wpcf7_version\" value=\"6.1.3\" \/><input type=\"hidden\" name=\"_wpcf7_locale\" value=\"de_DE\" \/><input type=\"hidden\" name=\"_wpcf7_unit_tag\" value=\"wpcf7-f12635-o1\" \/><input type=\"hidden\" name=\"_wpcf7_container_post\" value=\"0\" \/><input type=\"hidden\" name=\"_wpcf7_posted_data_hash\" value=\"\" \/>\n<\/fieldset>\n<p><label> Ihr Name<br \/>\n<span class=\"wpcf7-form-control-wrap\" data-name=\"your-name\"><input size=\"40\" maxlength=\"400\" class=\"wpcf7-form-control wpcf7-text wpcf7-validates-as-required\" autocomplete=\"name\" aria-required=\"true\" aria-invalid=\"false\" value=\"\" type=\"text\" name=\"your-name\" \/><\/span> <\/label>\n<\/p>\n<p><label> Ihre E-Mail-Adresse<br \/>\n<span class=\"wpcf7-form-control-wrap\" data-name=\"your-email\"><input size=\"40\" maxlength=\"400\" class=\"wpcf7-form-control wpcf7-email wpcf7-validates-as-required wpcf7-text wpcf7-validates-as-email\" autocomplete=\"email\" aria-required=\"true\" aria-invalid=\"false\" value=\"\" type=\"email\" name=\"your-email\" \/><\/span> <\/label>\n<\/p>\n<p><label> Objekt<br \/>\n<span class=\"wpcf7-form-control-wrap\" data-name=\"your-subject\"><input size=\"40\" maxlength=\"400\" class=\"wpcf7-form-control wpcf7-text wpcf7-validates-as-required\" aria-required=\"true\" aria-invalid=\"false\" value=\"\" type=\"text\" name=\"your-subject\" \/><\/span> <\/label>\n<\/p>\n<p><label> Ihre Nachricht (optional)<br \/>\n<span class=\"wpcf7-form-control-wrap\" data-name=\"your-message\"><textarea cols=\"40\" rows=\"10\" maxlength=\"2000\" class=\"wpcf7-form-control wpcf7-textarea\" aria-invalid=\"false\" name=\"your-message\"><\/textarea><\/span> <\/label>\n<\/p>\n<p><div id=\"cf7sr-69f4e0cd7c3a0\" class=\"cf7sr-g-recaptcha\" data-theme=\"light\" data-type=\"image\" data-size=\"normal\" data-sitekey=\"6LfJFhksAAAAAMn_w0jbk1ql2-gmb7i_y922aFmF\"><\/div><span class=\"wpcf7-form-control-wrap cf7sr-recaptcha\" data-name=\"cf7sr-recaptcha\"><input type=\"hidden\" name=\"cf7sr-recaptcha\" value=\"\" class=\"wpcf7-form-control\"><\/span>\n<\/p>\n<p><input class=\"wpcf7-form-control wpcf7-submit has-spinner\" type=\"submit\" value=\"Senden Sie\" \/>\n<\/p><div class=\"wpcf7-response-output\" aria-hidden=\"true\"><\/div>\n<\/form>\n<\/div>\n<\/div>\n\t\t\t\t\t\t<\/div>\n\t\t\t\t<\/div>\n\t\t\t\t<\/div>\n\t\t\t\t<\/div>\n\t\t\t\t<\/div>\n\t\t","protected":false},"excerpt":{"rendered":"<p>Kontaktieren Sie uns Die Association Tarnaise de l'H\u00f4tellerie de Plein Air (ATHPA) umfasst fast 90% der Campingpl\u00e4tze und PRL im Tarn. Ihr Ziel ist es, den Tourismus, die Campingpl\u00e4tze und die PRL im Tarn zu f\u00f6rdern.Gemeinsame Anstrengungen und Austausch von Know-how, damit jeder Fortschritte machen kann! Die ATHPA ist f\u00fcr ihre Dynamik und ihren Willen [&hellip;]<\/p>\n","protected":false},"author":1,"featured_media":0,"parent":0,"menu_order":0,"comment_status":"closed","ping_status":"closed","template":"","meta":{"footnotes":""},"class_list":["post-12992","page","type-page","status-publish","hentry"],"yoast_head":"<!-- This site is optimized with the Yoast SEO plugin v26.4 - https:\/\/yoast.com\/wordpress\/plugins\/seo\/ -->\n<title>Kontakt ATHPA - Campings du Tarn | Infos &amp; Anfahrt<\/title>\n<meta name=\"description\" content=\"Kontaktieren Sie ATHPA, das offizielle Portal der Campingpl\u00e4tze des Tarn in Okzitanien: Fragen, Kostenvoranschl\u00e4ge, Mitgliedschaften. Telefon, E-Mail, Adresse und \u00d6ffnungszeiten.\" \/>\n<meta name=\"robots\" content=\"index, follow, max-snippet:-1, max-image-preview:large, max-video-preview:-1\" \/>\n<link rel=\"canonical\" href=\"https:\/\/www.campingtarn.com\/de\/kontaktieren-sie-uns\/\" \/>\n<meta property=\"og:locale\" content=\"de_DE\" \/>\n<meta property=\"og:type\" content=\"article\" \/>\n<meta property=\"og:title\" content=\"Kontakt ATHPA - Campings du Tarn | Infos &amp; Anfahrt\" \/>\n<meta property=\"og:description\" content=\"Kontaktieren Sie ATHPA, das offizielle Portal der Campingpl\u00e4tze des Tarn in Okzitanien: Fragen, Kostenvoranschl\u00e4ge, Mitgliedschaften. Telefon, E-Mail, Adresse und \u00d6ffnungszeiten.\" \/>\n<meta property=\"og:url\" content=\"https:\/\/www.campingtarn.com\/de\/kontaktieren-sie-uns\/\" \/>\n<meta property=\"og:site_name\" content=\"campingtarn.com\" \/>\n<meta property=\"article:modified_time\" content=\"2025-12-23T06:46:25+00:00\" \/>\n<meta property=\"og:image\" content=\"https:\/\/www.campingtarn.com\/wp-content\/uploads\/2025\/09\/karine-albouy.jpg\" \/>\n\t<meta property=\"og:image:width\" content=\"350\" \/>\n\t<meta property=\"og:image:height\" content=\"263\" \/>\n\t<meta property=\"og:image:type\" content=\"image\/jpeg\" \/>\n<meta name=\"twitter:card\" content=\"summary_large_image\" \/>\n<meta name=\"twitter:label1\" content=\"Gesch\u00e4tzte Lesezeit\" \/>\n\t<meta name=\"twitter:data1\" content=\"1\u00a0Minute\" \/>\n<script type=\"application\/ld+json\" class=\"yoast-schema-graph\">{\"@context\":\"https:\/\/schema.org\",\"@graph\":[{\"@type\":\"WebPage\",\"@id\":\"https:\/\/www.campingtarn.com\/de\/kontaktieren-sie-uns\/\",\"url\":\"https:\/\/www.campingtarn.com\/de\/kontaktieren-sie-uns\/\",\"name\":\"Kontakt ATHPA - Campings du Tarn | Infos & Anfahrt\",\"isPartOf\":{\"@id\":\"https:\/\/www.campingtarn.com\/de\/#website\"},\"primaryImageOfPage\":{\"@id\":\"https:\/\/www.campingtarn.com\/de\/kontaktieren-sie-uns\/#primaryimage\"},\"image\":{\"@id\":\"https:\/\/www.campingtarn.com\/de\/kontaktieren-sie-uns\/#primaryimage\"},\"thumbnailUrl\":\"https:\/\/www.campingtarn.com\/wp-content\/uploads\/2025\/09\/karine-albouy.jpg\",\"datePublished\":\"2025-09-11T07:24:38+00:00\",\"dateModified\":\"2025-12-23T06:46:25+00:00\",\"description\":\"Kontaktieren Sie ATHPA, das offizielle Portal der Campingpl\u00e4tze des Tarn in Okzitanien: Fragen, Kostenvoranschl\u00e4ge, Mitgliedschaften. Telefon, E-Mail, Adresse und \u00d6ffnungszeiten.\",\"breadcrumb\":{\"@id\":\"https:\/\/www.campingtarn.com\/de\/kontaktieren-sie-uns\/#breadcrumb\"},\"inLanguage\":\"de\",\"potentialAction\":[{\"@type\":\"ReadAction\",\"target\":[\"https:\/\/www.campingtarn.com\/de\/kontaktieren-sie-uns\/\"]}]},{\"@type\":\"ImageObject\",\"inLanguage\":\"de\",\"@id\":\"https:\/\/www.campingtarn.com\/de\/kontaktieren-sie-uns\/#primaryimage\",\"url\":\"https:\/\/www.campingtarn.com\/wp-content\/uploads\/2025\/09\/karine-albouy.jpg\",\"contentUrl\":\"https:\/\/www.campingtarn.com\/wp-content\/uploads\/2025\/09\/karine-albouy.jpg\"},{\"@type\":\"BreadcrumbList\",\"@id\":\"https:\/\/www.campingtarn.com\/de\/kontaktieren-sie-uns\/#breadcrumb\",\"itemListElement\":[{\"@type\":\"ListItem\",\"position\":1,\"name\":\"Startseite\",\"item\":\"https:\/\/www.campingtarn.com\/de\/startseite\/\"},{\"@type\":\"ListItem\",\"position\":2,\"name\":\"Kontaktieren Sie uns\"}]},{\"@type\":\"WebSite\",\"@id\":\"https:\/\/www.campingtarn.com\/de\/#website\",\"url\":\"https:\/\/www.campingtarn.com\/de\/\",\"name\":\"campingtarn.com\",\"description\":\"\",\"potentialAction\":[{\"@type\":\"SearchAction\",\"target\":{\"@type\":\"EntryPoint\",\"urlTemplate\":\"https:\/\/www.campingtarn.com\/de\/?s={search_term_string}\"},\"query-input\":{\"@type\":\"PropertyValueSpecification\",\"valueRequired\":true,\"valueName\":\"search_term_string\"}}],\"inLanguage\":\"de\"}]}<\/script>\n<!-- \/ Yoast SEO plugin. -->","yoast_head_json":{"title":"Kontakt ATHPA - Campings du Tarn | Infos & Anfahrt","description":"Kontaktieren Sie ATHPA, das offizielle Portal der Campingpl\u00e4tze des Tarn in Okzitanien: Fragen, Kostenvoranschl\u00e4ge, Mitgliedschaften. Telefon, E-Mail, Adresse und \u00d6ffnungszeiten.","robots":{"index":"index","follow":"follow","max-snippet":"max-snippet:-1","max-image-preview":"max-image-preview:large","max-video-preview":"max-video-preview:-1"},"canonical":"https:\/\/www.campingtarn.com\/de\/kontaktieren-sie-uns\/","og_locale":"de_DE","og_type":"article","og_title":"Kontakt ATHPA - Campings du Tarn | Infos & Anfahrt","og_description":"Kontaktieren Sie ATHPA, das offizielle Portal der Campingpl\u00e4tze des Tarn in Okzitanien: Fragen, Kostenvoranschl\u00e4ge, Mitgliedschaften. Telefon, E-Mail, Adresse und \u00d6ffnungszeiten.","og_url":"https:\/\/www.campingtarn.com\/de\/kontaktieren-sie-uns\/","og_site_name":"campingtarn.com","article_modified_time":"2025-12-23T06:46:25+00:00","og_image":[{"width":350,"height":263,"url":"https:\/\/www.campingtarn.com\/wp-content\/uploads\/2025\/09\/karine-albouy.jpg","type":"image\/jpeg"}],"twitter_card":"summary_large_image","twitter_misc":{"Gesch\u00e4tzte Lesezeit":"1\u00a0Minute"},"schema":{"@context":"https:\/\/schema.org","@graph":[{"@type":"WebPage","@id":"https:\/\/www.campingtarn.com\/de\/kontaktieren-sie-uns\/","url":"https:\/\/www.campingtarn.com\/de\/kontaktieren-sie-uns\/","name":"Kontakt ATHPA - Campings du Tarn | Infos & Anfahrt","isPartOf":{"@id":"https:\/\/www.campingtarn.com\/de\/#website"},"primaryImageOfPage":{"@id":"https:\/\/www.campingtarn.com\/de\/kontaktieren-sie-uns\/#primaryimage"},"image":{"@id":"https:\/\/www.campingtarn.com\/de\/kontaktieren-sie-uns\/#primaryimage"},"thumbnailUrl":"https:\/\/www.campingtarn.com\/wp-content\/uploads\/2025\/09\/karine-albouy.jpg","datePublished":"2025-09-11T07:24:38+00:00","dateModified":"2025-12-23T06:46:25+00:00","description":"Kontaktieren Sie ATHPA, das offizielle Portal der Campingpl\u00e4tze des Tarn in Okzitanien: Fragen, Kostenvoranschl\u00e4ge, Mitgliedschaften. Telefon, E-Mail, Adresse und \u00d6ffnungszeiten.","breadcrumb":{"@id":"https:\/\/www.campingtarn.com\/de\/kontaktieren-sie-uns\/#breadcrumb"},"inLanguage":"de","potentialAction":[{"@type":"ReadAction","target":["https:\/\/www.campingtarn.com\/de\/kontaktieren-sie-uns\/"]}]},{"@type":"ImageObject","inLanguage":"de","@id":"https:\/\/www.campingtarn.com\/de\/kontaktieren-sie-uns\/#primaryimage","url":"https:\/\/www.campingtarn.com\/wp-content\/uploads\/2025\/09\/karine-albouy.jpg","contentUrl":"https:\/\/www.campingtarn.com\/wp-content\/uploads\/2025\/09\/karine-albouy.jpg"},{"@type":"BreadcrumbList","@id":"https:\/\/www.campingtarn.com\/de\/kontaktieren-sie-uns\/#breadcrumb","itemListElement":[{"@type":"ListItem","position":1,"name":"Startseite","item":"https:\/\/www.campingtarn.com\/de\/startseite\/"},{"@type":"ListItem","position":2,"name":"Kontaktieren Sie uns"}]},{"@type":"WebSite","@id":"https:\/\/www.campingtarn.com\/de\/#website","url":"https:\/\/www.campingtarn.com\/de\/","name":"campingtarn.com","description":"","potentialAction":[{"@type":"SearchAction","target":{"@type":"EntryPoint","urlTemplate":"https:\/\/www.campingtarn.com\/de\/?s={search_term_string}"},"query-input":{"@type":"PropertyValueSpecification","valueRequired":true,"valueName":"search_term_string"}}],"inLanguage":"de"}]}},"_links":{"self":[{"href":"https:\/\/www.campingtarn.com\/de\/wp-json\/wp\/v2\/pages\/12992","targetHints":{"allow":["GET"]}}],"collection":[{"href":"https:\/\/www.campingtarn.com\/de\/wp-json\/wp\/v2\/pages"}],"about":[{"href":"https:\/\/www.campingtarn.com\/de\/wp-json\/wp\/v2\/types\/page"}],"author":[{"embeddable":true,"href":"https:\/\/www.campingtarn.com\/de\/wp-json\/wp\/v2\/users\/1"}],"replies":[{"embeddable":true,"href":"https:\/\/www.campingtarn.com\/de\/wp-json\/wp\/v2\/comments?post=12992"}],"version-history":[{"count":2,"href":"https:\/\/www.campingtarn.com\/de\/wp-json\/wp\/v2\/pages\/12992\/revisions"}],"predecessor-version":[{"id":13643,"href":"https:\/\/www.campingtarn.com\/de\/wp-json\/wp\/v2\/pages\/12992\/revisions\/13643"}],"wp:attachment":[{"href":"https:\/\/www.campingtarn.com\/de\/wp-json\/wp\/v2\/media?parent=12992"}],"curies":[{"name":"wp","href":"https:\/\/api.w.org\/{rel}","templated":true}]}}