{"id":13002,"date":"2025-05-16T14:58:41","date_gmt":"2025-05-16T14:58:41","guid":{"rendered":"https:\/\/www.campingtarn.com\/naturismus\/"},"modified":"2025-12-23T06:49:51","modified_gmt":"2025-12-23T06:49:51","slug":"naturismus","status":"publish","type":"page","link":"https:\/\/www.campingtarn.com\/de\/naturismus\/","title":{"rendered":"Naturismus"},"content":{"rendered":"\t\t<div data-elementor-type=\"wp-page\" data-elementor-id=\"13002\" class=\"elementor elementor-13002 elementor-99\" data-elementor-post-type=\"page\">\n\t\t\t\t<div class=\"elementor-element elementor-element-4a85f2af e-con-full e-flex e-con e-parent\" data-id=\"4a85f2af\" data-element_type=\"container\">\n\t\t\t\t<div class=\"elementor-element elementor-element-3db2c4a1 elementor-widget elementor-widget-image\" data-id=\"3db2c4a1\" data-element_type=\"widget\" data-widget_type=\"image.default\">\n\t\t\t\t<div class=\"elementor-widget-container\">\n\t\t\t\t\t\t\t\t\t\t\t\t\t\t\t<img fetchpriority=\"high\" decoding=\"async\" width=\"1920\" height=\"721\" src=\"https:\/\/www.campingtarn.com\/wp-content\/uploads\/2025\/11\/naturisme-banniere.jpg\" class=\"attachment-full size-full wp-image-13003\" alt=\"\" srcset=\"https:\/\/www.campingtarn.com\/wp-content\/uploads\/2025\/11\/naturisme-banniere.jpg 1920w, https:\/\/www.campingtarn.com\/wp-content\/uploads\/2025\/11\/naturisme-banniere-300x113.jpg 300w, https:\/\/www.campingtarn.com\/wp-content\/uploads\/2025\/11\/naturisme-banniere-1024x385.jpg 1024w, https:\/\/www.campingtarn.com\/wp-content\/uploads\/2025\/11\/naturisme-banniere-768x288.jpg 768w, https:\/\/www.campingtarn.com\/wp-content\/uploads\/2025\/11\/naturisme-banniere-1536x577.jpg 1536w\" sizes=\"(max-width: 1920px) 100vw, 1920px\" \/>\t\t\t\t\t\t\t\t\t\t\t\t\t\t\t<\/div>\n\t\t\t\t<\/div>\n\t\t\t\t<\/div>\n\t\t<div class=\"elementor-element elementor-element-2aee613d e-flex e-con-boxed e-con e-parent\" data-id=\"2aee613d\" data-element_type=\"container\">\n\t\t\t\t\t<div class=\"e-con-inner\">\n\t\t\t\t<div class=\"elementor-element elementor-element-32594e6c elementor-widget elementor-widget-heading\" data-id=\"32594e6c\" data-element_type=\"widget\" data-widget_type=\"heading.default\">\n\t\t\t\t<div class=\"elementor-widget-container\">\n\t\t\t\t\t<h1 class=\"elementor-heading-title elementor-size-default\">Die <span class=\"multiColor\">Naturismus-Campingpl\u00e4tze<\/span><\/h1>\t\t\t\t<\/div>\n\t\t\t\t<\/div>\n\t\t\t\t<div class=\"elementor-element elementor-element-4da5a16 elementor-widget elementor-widget-global elementor-global-12739 elementor-global-10699 elementor-widget-html\" data-id=\"4da5a16\" data-element_type=\"widget\" data-widget_type=\"html.default\">\n\t\t\t\t<div class=\"elementor-widget-container\">\n\t\t\t\t\t<ctv-search data-float=\"true\" data-modal-position=\"bottom\"><\/ctv-search>\t\t\t\t<\/div>\n\t\t\t\t<\/div>\n\t\t\t\t<div class=\"elementor-element elementor-element-2a2d5c22 elementor-widget__width-initial elementor-widget elementor-widget-text-editor\" data-id=\"2a2d5c22\" data-element_type=\"widget\" data-widget_type=\"text-editor.default\">\n\t\t\t\t<div class=\"elementor-widget-container\">\n\t\t\t\t\t\t\t\t\t<h5><strong><span style=\"color: #f7921e;\">Ein Urlaub, der zu Ihnen passt!<\/span><\/strong><\/h5><p>Auf den Campingpl\u00e4tzen &amp; PRLs im Tarn k\u00f6nnen Sie den Urlaubsstil w\u00e4hlen, der zu Ihnen passt.<br>Ihr Urlaub ist einzigartig, ob Sie nun einen ruhigen oder einen aktiven Urlaub suchen, wir sorgen daf\u00fcr, dass Sie Ihren Traumurlaub finden.<\/p><p>Sportlich, erholsam, f\u00fcr Kleinkinder geeignet, sehr lebhaft oder voller kultureller Entdeckungen, alle Besonderheiten werden vorgestellt und werden Ihnen helfen, einen angenehmen Aufenthalt zu verbringen.<br><br><br><strong> Entdecken Sie die Region Tarn<\/strong>: <a href=\"http:\/\/les-campings\" data-wplink-url-error=\"true\">Campingpl\u00e4tze, <strong>PRL<\/strong> und <strong>Feriend\u00f6rfer<\/strong><\/a> in g\u00fcnstiger Lage, um <strong>Albi, Cordes-sur-Ciel, die Weinberge von Gaillac, den Sidobre<\/strong> und die <strong>Monts de Lacaune<\/strong> zu erkunden. Museen, Weinkeller, Schl\u00f6sser, typische D\u00f6rfer und die gro\u00dfen Sehensw\u00fcrdigkeiten von Okzitanien: W\u00e4hlen Sie die ideale Adresse nach Ihren W\u00fcnschen (Stellpl\u00e4tze, Mobilheime, Chalets, Lodges), vergleichen Sie Einrichtungen <strong>, \u00d6ffnungszeiten und Preise direkt<\/strong> und buchen Sie dann bei den <strong>ATHPA-Mitgliedsbetrieben<\/strong>. Genie\u00dfen Sie einen Aufenthalt, der Kultur, Natur und lokale Begegnungen miteinander verbindet - das Wesentliche liegt in Reichweite.  <br><br><\/p>\t\t\t\t\t\t\t\t<\/div>\n\t\t\t\t<\/div>\n\t\t\t\t\t<\/div>\n\t\t\t\t<\/div>\n\t\t<div class=\"elementor-element elementor-element-23174477 e-flex e-con-boxed e-con e-parent\" data-id=\"23174477\" data-element_type=\"container\">\n\t\t\t\t\t<div class=\"e-con-inner\">\n\t\t<div class=\"elementor-element elementor-element-57d43491 e-con-full e-flex e-con e-child\" data-id=\"57d43491\" data-element_type=\"container\" data-settings=\"{&quot;background_background&quot;:&quot;classic&quot;}\">\n\t\t\t\t<div class=\"elementor-element elementor-element-3c97c98b elementor-widget elementor-widget-image\" data-id=\"3c97c98b\" data-element_type=\"widget\" data-widget_type=\"image.default\">\n\t\t\t\t<div class=\"elementor-widget-container\">\n\t\t\t\t\t\t\t\t\t\t\t\t\t\t\t<img decoding=\"async\" width=\"143\" height=\"157\" src=\"https:\/\/www.campingtarn.com\/wp-content\/uploads\/2025\/05\/picto-naturisme.svg\" class=\"attachment-large size-large wp-image-12427\" alt=\"Picto naturisme\" \/>\t\t\t\t\t\t\t\t\t\t\t\t\t\t\t<\/div>\n\t\t\t\t<\/div>\n\t\t\t\t<div class=\"elementor-element elementor-element-6e68739c elementor-widget elementor-widget-heading\" data-id=\"6e68739c\" data-element_type=\"widget\" data-widget_type=\"heading.default\">\n\t\t\t\t<div class=\"elementor-widget-container\">\n\t\t\t\t\t<h3 class=\"elementor-heading-title elementor-size-default\">Naturismus<\/h3>\t\t\t\t<\/div>\n\t\t\t\t<\/div>\n\t\t\t\t<div class=\"elementor-element elementor-element-70f7d17c elementor-widget elementor-widget-text-editor\" data-id=\"70f7d17c\" data-element_type=\"widget\" data-widget_type=\"text-editor.default\">\n\t\t\t\t<div class=\"elementor-widget-container\">\n\t\t\t\t\t\t\t\t\tCampingpl\u00e4tze, die dem franz\u00f6sischen oder internationalen Naturismusverband angeh\u00f6ren.<\/br><\/br>\nJeder hat seine eigene Definition von Naturismus. <\/br>Konkret sind sich alle einig, dass es die Tatsache ist, nackt zu leben, zu Hause oder im Urlaub, auf Campingpl\u00e4tzen, in speziellen Ferienzentren oder am Strand.<\/br> \nDer Begriff Naturismus geht jedoch dar\u00fcber hinaus.<\/br>\nNaturismus ist \"eine Lebensweise in Harmonie mit der Natur, gekennzeichnet durch die Aus\u00fcbung der Nacktheit in Gemeinschaft, die den Respekt vor sich selbst, den anderen und der Umwelt f\u00f6rdert\".<\/span>\t\t\t\t\t\t\t\t<\/div>\n\t\t\t\t<\/div>\n\t\t\t\t<\/div>\n\t\t\t\t\t<\/div>\n\t\t\t\t<\/div>\n\t\t<div class=\"elementor-element elementor-element-75c808ed e-flex e-con-boxed e-con e-parent\" data-id=\"75c808ed\" data-element_type=\"container\">\n\t\t\t\t\t<div class=\"e-con-inner\">\n\t\t\t\t<div class=\"elementor-element elementor-element-b65c96c elementor-widget elementor-widget-shortcode\" data-id=\"b65c96c\" data-element_type=\"widget\" data-widget_type=\"shortcode.default\">\n\t\t\t\t<div class=\"elementor-widget-container\">\n\t\t\t\t\t\t\t<div class=\"elementor-shortcode\"><\/div>\n\t\t\t\t\t\t<\/div>\n\t\t\t\t<\/div>\n\t\t\t\t\t<\/div>\n\t\t\t\t<\/div>\n\t\t\t\t<\/div>\n\t\t","protected":false},"excerpt":{"rendered":"<p>Die Naturismus-Campingpl\u00e4tze Ein Urlaub, der zu Ihnen passt! Auf den Campingpl\u00e4tzen &amp; PRLs im Tarn k\u00f6nnen Sie den Urlaubsstil w\u00e4hlen, der zu Ihnen passt.Ihr Urlaub ist einzigartig, ob Sie nun einen ruhigen oder einen aktiven Urlaub suchen, wir sorgen daf\u00fcr, dass Sie Ihren Traumurlaub finden. Sportlich, erholsam, f\u00fcr Kleinkinder geeignet, sehr lebhaft oder voller kultureller [&hellip;]<\/p>\n","protected":false},"author":1,"featured_media":0,"parent":0,"menu_order":0,"comment_status":"closed","ping_status":"closed","template":"","meta":{"footnotes":""},"class_list":["post-13002","page","type-page","status-publish","hentry"],"yoast_head":"<!-- This site is optimized with the Yoast SEO plugin v26.4 - https:\/\/yoast.com\/wordpress\/plugins\/seo\/ -->\n<title>Naturisten-Campingpl\u00e4tze in der Tarn | Auswahl ATHPA<\/title>\n<meta name=\"description\" content=\"FKK-Campingpl\u00e4tze im Tarn (FFN\/INF): Natur, Ruhe, Unterk\u00fcnfte und Stellpl\u00e4tze. Vergleichen Sie direkt Ausstattung und Preise.\" \/>\n<meta name=\"robots\" content=\"index, follow, max-snippet:-1, max-image-preview:large, max-video-preview:-1\" \/>\n<link rel=\"canonical\" href=\"https:\/\/www.campingtarn.com\/de\/naturismus\/\" \/>\n<meta property=\"og:locale\" content=\"de_DE\" \/>\n<meta property=\"og:type\" content=\"article\" \/>\n<meta property=\"og:title\" content=\"Naturisten-Campingpl\u00e4tze in der Tarn | Auswahl ATHPA\" \/>\n<meta property=\"og:description\" content=\"FKK-Campingpl\u00e4tze im Tarn (FFN\/INF): Natur, Ruhe, Unterk\u00fcnfte und Stellpl\u00e4tze. Vergleichen Sie direkt Ausstattung und Preise.\" \/>\n<meta property=\"og:url\" content=\"https:\/\/www.campingtarn.com\/de\/naturismus\/\" \/>\n<meta property=\"og:site_name\" content=\"campingtarn.com\" \/>\n<meta property=\"article:modified_time\" content=\"2025-12-23T06:49:51+00:00\" \/>\n<meta property=\"og:image\" content=\"https:\/\/www.campingtarn.com\/wp-content\/uploads\/2025\/11\/naturisme-banniere.jpg\" \/>\n\t<meta property=\"og:image:width\" content=\"1920\" \/>\n\t<meta property=\"og:image:height\" content=\"721\" \/>\n\t<meta property=\"og:image:type\" content=\"image\/jpeg\" \/>\n<meta name=\"twitter:card\" content=\"summary_large_image\" \/>\n<meta name=\"twitter:label1\" content=\"Gesch\u00e4tzte Lesezeit\" \/>\n\t<meta name=\"twitter:data1\" content=\"1\u00a0Minute\" \/>\n<script type=\"application\/ld+json\" class=\"yoast-schema-graph\">{\"@context\":\"https:\/\/schema.org\",\"@graph\":[{\"@type\":\"WebPage\",\"@id\":\"https:\/\/www.campingtarn.com\/de\/naturismus\/\",\"url\":\"https:\/\/www.campingtarn.com\/de\/naturismus\/\",\"name\":\"Naturisten-Campingpl\u00e4tze in der Tarn | Auswahl ATHPA\",\"isPartOf\":{\"@id\":\"https:\/\/www.campingtarn.com\/de\/#website\"},\"primaryImageOfPage\":{\"@id\":\"https:\/\/www.campingtarn.com\/de\/naturismus\/#primaryimage\"},\"image\":{\"@id\":\"https:\/\/www.campingtarn.com\/de\/naturismus\/#primaryimage\"},\"thumbnailUrl\":\"https:\/\/www.campingtarn.com\/wp-content\/uploads\/2025\/11\/naturisme-banniere.jpg\",\"datePublished\":\"2025-05-16T14:58:41+00:00\",\"dateModified\":\"2025-12-23T06:49:51+00:00\",\"description\":\"FKK-Campingpl\u00e4tze im Tarn (FFN\/INF): Natur, Ruhe, Unterk\u00fcnfte und Stellpl\u00e4tze. Vergleichen Sie direkt Ausstattung und Preise.\",\"breadcrumb\":{\"@id\":\"https:\/\/www.campingtarn.com\/de\/naturismus\/#breadcrumb\"},\"inLanguage\":\"de\",\"potentialAction\":[{\"@type\":\"ReadAction\",\"target\":[\"https:\/\/www.campingtarn.com\/de\/naturismus\/\"]}]},{\"@type\":\"ImageObject\",\"inLanguage\":\"de\",\"@id\":\"https:\/\/www.campingtarn.com\/de\/naturismus\/#primaryimage\",\"url\":\"https:\/\/www.campingtarn.com\/wp-content\/uploads\/2025\/11\/naturisme-banniere.jpg\",\"contentUrl\":\"https:\/\/www.campingtarn.com\/wp-content\/uploads\/2025\/11\/naturisme-banniere.jpg\"},{\"@type\":\"BreadcrumbList\",\"@id\":\"https:\/\/www.campingtarn.com\/de\/naturismus\/#breadcrumb\",\"itemListElement\":[{\"@type\":\"ListItem\",\"position\":1,\"name\":\"Startseite\",\"item\":\"https:\/\/www.campingtarn.com\/de\/startseite\/\"},{\"@type\":\"ListItem\",\"position\":2,\"name\":\"Naturismus\"}]},{\"@type\":\"WebSite\",\"@id\":\"https:\/\/www.campingtarn.com\/de\/#website\",\"url\":\"https:\/\/www.campingtarn.com\/de\/\",\"name\":\"campingtarn.com\",\"description\":\"\",\"potentialAction\":[{\"@type\":\"SearchAction\",\"target\":{\"@type\":\"EntryPoint\",\"urlTemplate\":\"https:\/\/www.campingtarn.com\/de\/?s={search_term_string}\"},\"query-input\":{\"@type\":\"PropertyValueSpecification\",\"valueRequired\":true,\"valueName\":\"search_term_string\"}}],\"inLanguage\":\"de\"}]}<\/script>\n<!-- \/ Yoast SEO plugin. -->","yoast_head_json":{"title":"Naturisten-Campingpl\u00e4tze in der Tarn | Auswahl ATHPA","description":"FKK-Campingpl\u00e4tze im Tarn (FFN\/INF): Natur, Ruhe, Unterk\u00fcnfte und Stellpl\u00e4tze. Vergleichen Sie direkt Ausstattung und Preise.","robots":{"index":"index","follow":"follow","max-snippet":"max-snippet:-1","max-image-preview":"max-image-preview:large","max-video-preview":"max-video-preview:-1"},"canonical":"https:\/\/www.campingtarn.com\/de\/naturismus\/","og_locale":"de_DE","og_type":"article","og_title":"Naturisten-Campingpl\u00e4tze in der Tarn | Auswahl ATHPA","og_description":"FKK-Campingpl\u00e4tze im Tarn (FFN\/INF): Natur, Ruhe, Unterk\u00fcnfte und Stellpl\u00e4tze. Vergleichen Sie direkt Ausstattung und Preise.","og_url":"https:\/\/www.campingtarn.com\/de\/naturismus\/","og_site_name":"campingtarn.com","article_modified_time":"2025-12-23T06:49:51+00:00","og_image":[{"width":1920,"height":721,"url":"https:\/\/www.campingtarn.com\/wp-content\/uploads\/2025\/11\/naturisme-banniere.jpg","type":"image\/jpeg"}],"twitter_card":"summary_large_image","twitter_misc":{"Gesch\u00e4tzte Lesezeit":"1\u00a0Minute"},"schema":{"@context":"https:\/\/schema.org","@graph":[{"@type":"WebPage","@id":"https:\/\/www.campingtarn.com\/de\/naturismus\/","url":"https:\/\/www.campingtarn.com\/de\/naturismus\/","name":"Naturisten-Campingpl\u00e4tze in der Tarn | Auswahl ATHPA","isPartOf":{"@id":"https:\/\/www.campingtarn.com\/de\/#website"},"primaryImageOfPage":{"@id":"https:\/\/www.campingtarn.com\/de\/naturismus\/#primaryimage"},"image":{"@id":"https:\/\/www.campingtarn.com\/de\/naturismus\/#primaryimage"},"thumbnailUrl":"https:\/\/www.campingtarn.com\/wp-content\/uploads\/2025\/11\/naturisme-banniere.jpg","datePublished":"2025-05-16T14:58:41+00:00","dateModified":"2025-12-23T06:49:51+00:00","description":"FKK-Campingpl\u00e4tze im Tarn (FFN\/INF): Natur, Ruhe, Unterk\u00fcnfte und Stellpl\u00e4tze. Vergleichen Sie direkt Ausstattung und Preise.","breadcrumb":{"@id":"https:\/\/www.campingtarn.com\/de\/naturismus\/#breadcrumb"},"inLanguage":"de","potentialAction":[{"@type":"ReadAction","target":["https:\/\/www.campingtarn.com\/de\/naturismus\/"]}]},{"@type":"ImageObject","inLanguage":"de","@id":"https:\/\/www.campingtarn.com\/de\/naturismus\/#primaryimage","url":"https:\/\/www.campingtarn.com\/wp-content\/uploads\/2025\/11\/naturisme-banniere.jpg","contentUrl":"https:\/\/www.campingtarn.com\/wp-content\/uploads\/2025\/11\/naturisme-banniere.jpg"},{"@type":"BreadcrumbList","@id":"https:\/\/www.campingtarn.com\/de\/naturismus\/#breadcrumb","itemListElement":[{"@type":"ListItem","position":1,"name":"Startseite","item":"https:\/\/www.campingtarn.com\/de\/startseite\/"},{"@type":"ListItem","position":2,"name":"Naturismus"}]},{"@type":"WebSite","@id":"https:\/\/www.campingtarn.com\/de\/#website","url":"https:\/\/www.campingtarn.com\/de\/","name":"campingtarn.com","description":"","potentialAction":[{"@type":"SearchAction","target":{"@type":"EntryPoint","urlTemplate":"https:\/\/www.campingtarn.com\/de\/?s={search_term_string}"},"query-input":{"@type":"PropertyValueSpecification","valueRequired":true,"valueName":"search_term_string"}}],"inLanguage":"de"}]}},"_links":{"self":[{"href":"https:\/\/www.campingtarn.com\/de\/wp-json\/wp\/v2\/pages\/13002","targetHints":{"allow":["GET"]}}],"collection":[{"href":"https:\/\/www.campingtarn.com\/de\/wp-json\/wp\/v2\/pages"}],"about":[{"href":"https:\/\/www.campingtarn.com\/de\/wp-json\/wp\/v2\/types\/page"}],"author":[{"embeddable":true,"href":"https:\/\/www.campingtarn.com\/de\/wp-json\/wp\/v2\/users\/1"}],"replies":[{"embeddable":true,"href":"https:\/\/www.campingtarn.com\/de\/wp-json\/wp\/v2\/comments?post=13002"}],"version-history":[{"count":2,"href":"https:\/\/www.campingtarn.com\/de\/wp-json\/wp\/v2\/pages\/13002\/revisions"}],"predecessor-version":[{"id":13650,"href":"https:\/\/www.campingtarn.com\/de\/wp-json\/wp\/v2\/pages\/13002\/revisions\/13650"}],"wp:attachment":[{"href":"https:\/\/www.campingtarn.com\/de\/wp-json\/wp\/v2\/media?parent=13002"}],"curies":[{"name":"wp","href":"https:\/\/api.w.org\/{rel}","templated":true}]}}