{"id":13048,"date":"2025-05-16T14:57:21","date_gmt":"2025-05-16T14:57:21","guid":{"rendered":"https:\/\/www.campingtarn.com\/entdeckung\/"},"modified":"2025-12-23T06:58:15","modified_gmt":"2025-12-23T06:58:15","slug":"entdeckung","status":"publish","type":"page","link":"https:\/\/www.campingtarn.com\/de\/entdeckung\/","title":{"rendered":"Entdeckung"},"content":{"rendered":"\t\t<div data-elementor-type=\"wp-page\" data-elementor-id=\"13048\" class=\"elementor elementor-13048 elementor-93\" data-elementor-post-type=\"page\">\n\t\t\t\t<div class=\"elementor-element elementor-element-481767a9 e-con-full e-flex e-con e-parent\" data-id=\"481767a9\" data-element_type=\"container\">\n\t\t\t\t<div class=\"elementor-element elementor-element-9d71685 elementor-widget elementor-widget-image\" data-id=\"9d71685\" data-element_type=\"widget\" data-widget_type=\"image.default\">\n\t\t\t\t<div class=\"elementor-widget-container\">\n\t\t\t\t\t\t\t\t\t\t\t\t\t\t\t<img fetchpriority=\"high\" decoding=\"async\" width=\"1920\" height=\"721\" src=\"https:\/\/www.campingtarn.com\/wp-content\/uploads\/2025\/05\/camping-2.jpg\" class=\"attachment-full size-full wp-image-12421\" alt=\"Entdeckungscampingpl\u00e4tze: Erkunden Sie den Tarn und das Hinterland w\u00e4hrend Ihres Campingurlaubs.\" srcset=\"https:\/\/www.campingtarn.com\/wp-content\/uploads\/2025\/05\/camping-2.jpg 1920w, https:\/\/www.campingtarn.com\/wp-content\/uploads\/2025\/05\/camping-2-300x113.jpg 300w, https:\/\/www.campingtarn.com\/wp-content\/uploads\/2025\/05\/camping-2-1024x385.jpg 1024w, https:\/\/www.campingtarn.com\/wp-content\/uploads\/2025\/05\/camping-2-768x288.jpg 768w, https:\/\/www.campingtarn.com\/wp-content\/uploads\/2025\/05\/camping-2-1536x577.jpg 1536w\" sizes=\"(max-width: 1920px) 100vw, 1920px\" \/>\t\t\t\t\t\t\t\t\t\t\t\t\t\t\t<\/div>\n\t\t\t\t<\/div>\n\t\t\t\t<\/div>\n\t\t<div class=\"elementor-element elementor-element-5434b71d e-flex e-con-boxed e-con e-parent\" data-id=\"5434b71d\" data-element_type=\"container\">\n\t\t\t\t\t<div class=\"e-con-inner\">\n\t\t\t\t<div class=\"elementor-element elementor-element-9437c4c elementor-widget elementor-widget-heading\" data-id=\"9437c4c\" data-element_type=\"widget\" data-widget_type=\"heading.default\">\n\t\t\t\t<div class=\"elementor-widget-container\">\n\t\t\t\t\t<h1 class=\"elementor-heading-title elementor-size-default\">Die Campingpl\u00e4tze <span class=\"multiColor\">Entdeckung<\/span><\/h1>\t\t\t\t<\/div>\n\t\t\t\t<\/div>\n\t\t\t\t<div class=\"elementor-element elementor-element-ce82c3f elementor-widget elementor-widget-global elementor-global-12739 elementor-global-10699 elementor-widget-html\" data-id=\"ce82c3f\" data-element_type=\"widget\" data-widget_type=\"html.default\">\n\t\t\t\t<div class=\"elementor-widget-container\">\n\t\t\t\t\t<ctv-search data-float=\"true\" data-modal-position=\"bottom\"><\/ctv-search>\t\t\t\t<\/div>\n\t\t\t\t<\/div>\n\t\t\t\t<div class=\"elementor-element elementor-element-6b141a41 elementor-widget__width-initial elementor-widget elementor-widget-text-editor\" data-id=\"6b141a41\" data-element_type=\"widget\" data-widget_type=\"text-editor.default\">\n\t\t\t\t<div class=\"elementor-widget-container\">\n\t\t\t\t\t\t\t\t\t<p><strong><span style=\"color: #f7921e;\">Ein Urlaub, der zu Ihnen passt!<\/span><\/strong><\/p><p>Auf den Campingpl\u00e4tzen &amp; PRLs im Tarn k\u00f6nnen Sie den Urlaubsstil w\u00e4hlen, der zu Ihnen passt.<br>Ihr Urlaub ist einzigartig, ob Sie nun einen ruhigen oder einen aktiven Urlaub suchen, wir sorgen daf\u00fcr, dass Sie Ihren Traumurlaub finden.<\/p><p>Sportlich, erholsam, f\u00fcr Kleinkinder geeignet, sehr lebhaft oder voller kultureller Entdeckungen, alle Besonderheiten werden vorgestellt und werden Ihnen helfen, einen angenehmen Aufenthalt zu verbringen.<\/p><p>Gehen Sie auf Entdeckungsreise <a href=\"https:\/\/www.campingtarn.com\/de\/entdecken-sie-den-tarn\/\"><strong>Entdecken Sie den Tarn<\/strong><\/a> Eine Auswahl an Ferienh\u00e4usern <a href=\"https:\/\/www.campingtarn.com\/de\/die-campingplaetze\/\"><strong>Campingpl\u00e4tze, PRL und Feriend\u00f6rfer<\/strong><\/a> ideal gelegen, um<strong> Albi, Cordes-sur-Ciel, die Weinberge von Gaillac, den Sidobre<\/strong> und <strong>die Monts de Lacaune<\/strong> zu erkunden. W\u00e4hlen Sie die Adresse, die Ihnen gef\u00e4llt - <strong>Stellpl\u00e4tze, Mobilheime, Chalets, Lodges<\/strong> - und<strong> vergleichen Sie Ausstattung, \u00d6ffnungszeiten<\/strong> und <strong>Preise direkt<\/strong>, bevor Sie bei den <strong>ATHPA-Mitgliedsbetrieben<\/strong> buchen.<br>Zwischen <strong>Kultur, Natur<\/strong> und lokalen Begegnungen liegt alles in Reichweite. <\/p>\t\t\t\t\t\t\t\t<\/div>\n\t\t\t\t<\/div>\n\t\t\t\t\t<\/div>\n\t\t\t\t<\/div>\n\t\t<div class=\"elementor-element elementor-element-10033b88 e-flex e-con-boxed e-con e-parent\" data-id=\"10033b88\" data-element_type=\"container\">\n\t\t\t\t\t<div class=\"e-con-inner\">\n\t\t<div class=\"elementor-element elementor-element-4dc97806 e-con-full e-flex e-con e-child\" data-id=\"4dc97806\" data-element_type=\"container\" data-settings=\"{&quot;background_background&quot;:&quot;classic&quot;}\">\n\t\t\t\t<div class=\"elementor-element elementor-element-75619f5f elementor-widget elementor-widget-image\" data-id=\"75619f5f\" data-element_type=\"widget\" data-widget_type=\"image.default\">\n\t\t\t\t<div class=\"elementor-widget-container\">\n\t\t\t\t\t\t\t\t\t\t\t\t\t\t\t<img decoding=\"async\" width=\"186\" height=\"157\" src=\"https:\/\/www.campingtarn.com\/wp-content\/uploads\/2025\/05\/picto-decouverte.svg\" class=\"attachment-large size-large wp-image-12422\" alt=\"Picto d\u00e9couverte\" \/>\t\t\t\t\t\t\t\t\t\t\t\t\t\t\t<\/div>\n\t\t\t\t<\/div>\n\t\t\t\t<div class=\"elementor-element elementor-element-349656d0 elementor-widget elementor-widget-heading\" data-id=\"349656d0\" data-element_type=\"widget\" data-widget_type=\"heading.default\">\n\t\t\t\t<div class=\"elementor-widget-container\">\n\t\t\t\t\t<h3 class=\"elementor-heading-title elementor-size-default\">Entdeckung | Kultur &amp; Sehensw\u00fcrdigkeiten<\/h3>\t\t\t\t<\/div>\n\t\t\t\t<\/div>\n\t\t\t\t<div class=\"elementor-element elementor-element-64e15b73 elementor-widget elementor-widget-text-editor\" data-id=\"64e15b73\" data-element_type=\"widget\" data-widget_type=\"text-editor.default\">\n\t\t\t\t<div class=\"elementor-widget-container\">\n\t\t\t\t\t\t\t\t\t<p>Campingpl\u00e4tze in der N\u00e4he von mehreren kulturellen und nat\u00fcrlichen Sehensw\u00fcrdigkeiten.<br>Museen, Weinkeller, Schl\u00f6sser, typische D\u00f6rfer&#8230; F\u00fcr Urlauber, die gerne auf der Suche nach unvergesslichen Fotos oder Begegnungen unterwegs sind.<\/p>\t\t\t\t\t\t\t\t<\/div>\n\t\t\t\t<\/div>\n\t\t\t\t<\/div>\n\t\t\t\t\t<\/div>\n\t\t\t\t<\/div>\n\t\t<div class=\"elementor-element elementor-element-4e0a7f59 e-flex e-con-boxed e-con e-parent\" data-id=\"4e0a7f59\" data-element_type=\"container\">\n\t\t\t\t\t<div class=\"e-con-inner\">\n\t\t\t\t<div class=\"elementor-element elementor-element-edfe833 elementor-widget elementor-widget-shortcode\" data-id=\"edfe833\" data-element_type=\"widget\" data-widget_type=\"shortcode.default\">\n\t\t\t\t<div class=\"elementor-widget-container\">\n\t\t\t\t\t\t\t<div class=\"elementor-shortcode\">    <div id=\"wpi-results-listing-nombre-posts\" data-singulier=\"%s Campingplatz\" data-pluriel=\"%s Campingpl\u00e4tze\">\n        1 Campingplatz            <\/div>\n    <div id=\"wpi-results-listing-posts\" class=\"wpi-results-listing-posts i-row i-align-items-stretch\">\n\n                    <article class=\"wpi-card card_camping i-col-xl-4 i-col-md-6 i-col-12 i-row \"\n                    data-theme=\"506|505|\"\n            data-equipement=\"526|524|527|652|523|522|\"\n            data-service=\"635|552|550|549|548|561|\"\n                    data-type=\"camping\"\n\n            >\n                                <a href=\"https:\/\/www.campingtarn.com\/de\/hotellerie-plein-air\/camping-des-sources-chaudes\/\" class=\"wpi-card-link\">\n                                    <div class=\"i-text-center\">\n                                                    <img decoding=\"async\" width=\"450\" height=\"275\" src=\"https:\/\/www.campingtarn.com\/wp-content\/uploads\/2025\/09\/2207396-1-450x275.png\" class=\"wpi-card-thumbnail wp-post-image\" alt=\"Campingplatz Les Sources Chaudes Hauptallee\" \/>                        \n\n                    <\/div>\n                    <div class=\"wpi-card-details\">\n                                                    <div class=\"wpi-card-theme\">                                    <img decoding=\"async\" src=\"https:\/\/www.campingtarn.com\/wp-content\/plugins\/wpi-apidae\/images\/ico-entdeckung.png\" alt=\"Entdeckung\" title=\"Entdeckung\">\n                                                                        <img decoding=\"async\" src=\"https:\/\/www.campingtarn.com\/wp-content\/plugins\/wpi-apidae\/images\/ico-lebhaft.png\" alt=\"Lebhaft\" title=\"Lebhaft\">\n                                    <\/div>                            <div class=\"wpi-tarifs\">\n                                                                Camping ab 20.00 \u20ac<br>                                Miete ab 300.00 \u20ac.<br>                            <\/div>\n                                                                        <h3>Campingplatz Les Sources Chaudes ****<\/h3>\n                        <div class=\"wpi-card-detail-ville\">\n                            Lacaune                        <\/div>\n                        <div class=\"wpi-card-detail-resume\">In einer Region mit reichem kulturellem Erbe hei\u00dft der Campingplatz \u201eCamping des Sources Chaudes\u201c Gruppen und Familien von M\u00e4rz bis November willkommen.<\/div>\n<!--                        <div class=\"wpi-card-detail-categorie\">--><!--<\/div>-->\n<!---->\n<!--                        <div class=\"wpi-card-detail-classement\">-->\n<!--                            <span>--><!--<\/span>-->\n<!--                        <\/div>-->\n\n                        <div class=\"wpi-card-detail-btn\">\n                                                        <button>Buchen Sie<\/button>\n                                                    <\/div>\n                    <\/div>\n                <\/a>\n            <\/article>\n\n\n    <\/div>\n\n        <\/div>\n\t\t\t\t\t\t<\/div>\n\t\t\t\t<\/div>\n\t\t\t\t\t<\/div>\n\t\t\t\t<\/div>\n\t\t\t\t<\/div>\n\t\t","protected":false},"excerpt":{"rendered":"<p>Die Campingpl\u00e4tze Entdeckung Ein Urlaub, der zu Ihnen passt! Auf den Campingpl\u00e4tzen &amp; PRLs im Tarn k\u00f6nnen Sie den Urlaubsstil w\u00e4hlen, der zu Ihnen passt.Ihr Urlaub ist einzigartig, ob Sie nun einen ruhigen oder einen aktiven Urlaub suchen, wir sorgen daf\u00fcr, dass Sie Ihren Traumurlaub finden. Sportlich, erholsam, f\u00fcr Kleinkinder geeignet, sehr lebhaft oder voller [&hellip;]<\/p>\n","protected":false},"author":1,"featured_media":0,"parent":0,"menu_order":0,"comment_status":"closed","ping_status":"closed","template":"","meta":{"footnotes":""},"class_list":["post-13048","page","type-page","status-publish","hentry"],"yoast_head":"<!-- This site is optimized with the Yoast SEO plugin v26.4 - https:\/\/yoast.com\/wordpress\/plugins\/seo\/ -->\n<title>Campingpl\u00e4tze Entdeckung Tarn - Kultur &amp; Sehensw\u00fcrdigkeiten | ATHPA<\/title>\n<meta name=\"description\" content=\"Auswahl an Campingpl\u00e4tzen, PRL und Feriend\u00f6rfern nahe der kulturellen Sehensw\u00fcrdigkeiten des Tarn. Vergleichen Sie Ausstattung und Preise, buchen Sie direkt.\" \/>\n<meta name=\"robots\" content=\"index, follow, max-snippet:-1, max-image-preview:large, max-video-preview:-1\" \/>\n<link rel=\"canonical\" href=\"https:\/\/www.campingtarn.com\/de\/entdeckung\/\" \/>\n<meta property=\"og:locale\" content=\"de_DE\" \/>\n<meta property=\"og:type\" content=\"article\" \/>\n<meta property=\"og:title\" content=\"Campingpl\u00e4tze Entdeckung Tarn - Kultur &amp; Sehensw\u00fcrdigkeiten | ATHPA\" \/>\n<meta property=\"og:description\" content=\"Auswahl an Campingpl\u00e4tzen, PRL und Feriend\u00f6rfern nahe der kulturellen Sehensw\u00fcrdigkeiten des Tarn. Vergleichen Sie Ausstattung und Preise, buchen Sie direkt.\" \/>\n<meta property=\"og:url\" content=\"https:\/\/www.campingtarn.com\/de\/entdeckung\/\" \/>\n<meta property=\"og:site_name\" content=\"campingtarn.com\" \/>\n<meta property=\"article:modified_time\" content=\"2025-12-23T06:58:15+00:00\" \/>\n<meta property=\"og:image\" content=\"https:\/\/www.campingtarn.com\/wp-content\/uploads\/2025\/05\/camping-2.jpg\" \/>\n\t<meta property=\"og:image:width\" content=\"1920\" \/>\n\t<meta property=\"og:image:height\" content=\"721\" \/>\n\t<meta property=\"og:image:type\" content=\"image\/jpeg\" \/>\n<meta name=\"twitter:card\" content=\"summary_large_image\" \/>\n<meta name=\"twitter:label1\" content=\"Gesch\u00e4tzte Lesezeit\" \/>\n\t<meta name=\"twitter:data1\" content=\"1\u00a0Minute\" \/>\n<script type=\"application\/ld+json\" class=\"yoast-schema-graph\">{\"@context\":\"https:\/\/schema.org\",\"@graph\":[{\"@type\":\"WebPage\",\"@id\":\"https:\/\/www.campingtarn.com\/de\/entdeckung\/\",\"url\":\"https:\/\/www.campingtarn.com\/de\/entdeckung\/\",\"name\":\"Campingpl\u00e4tze Entdeckung Tarn - Kultur & Sehensw\u00fcrdigkeiten | ATHPA\",\"isPartOf\":{\"@id\":\"https:\/\/www.campingtarn.com\/de\/#website\"},\"primaryImageOfPage\":{\"@id\":\"https:\/\/www.campingtarn.com\/de\/entdeckung\/#primaryimage\"},\"image\":{\"@id\":\"https:\/\/www.campingtarn.com\/de\/entdeckung\/#primaryimage\"},\"thumbnailUrl\":\"https:\/\/www.campingtarn.com\/wp-content\/uploads\/2025\/05\/camping-2.jpg\",\"datePublished\":\"2025-05-16T14:57:21+00:00\",\"dateModified\":\"2025-12-23T06:58:15+00:00\",\"description\":\"Auswahl an Campingpl\u00e4tzen, PRL und Feriend\u00f6rfern nahe der kulturellen Sehensw\u00fcrdigkeiten des Tarn. Vergleichen Sie Ausstattung und Preise, buchen Sie direkt.\",\"breadcrumb\":{\"@id\":\"https:\/\/www.campingtarn.com\/de\/entdeckung\/#breadcrumb\"},\"inLanguage\":\"de\",\"potentialAction\":[{\"@type\":\"ReadAction\",\"target\":[\"https:\/\/www.campingtarn.com\/de\/entdeckung\/\"]}]},{\"@type\":\"ImageObject\",\"inLanguage\":\"de\",\"@id\":\"https:\/\/www.campingtarn.com\/de\/entdeckung\/#primaryimage\",\"url\":\"https:\/\/www.campingtarn.com\/wp-content\/uploads\/2025\/05\/camping-2.jpg\",\"contentUrl\":\"https:\/\/www.campingtarn.com\/wp-content\/uploads\/2025\/05\/camping-2.jpg\"},{\"@type\":\"BreadcrumbList\",\"@id\":\"https:\/\/www.campingtarn.com\/de\/entdeckung\/#breadcrumb\",\"itemListElement\":[{\"@type\":\"ListItem\",\"position\":1,\"name\":\"Startseite\",\"item\":\"https:\/\/www.campingtarn.com\/de\/startseite\/\"},{\"@type\":\"ListItem\",\"position\":2,\"name\":\"Entdeckung\"}]},{\"@type\":\"WebSite\",\"@id\":\"https:\/\/www.campingtarn.com\/de\/#website\",\"url\":\"https:\/\/www.campingtarn.com\/de\/\",\"name\":\"campingtarn.com\",\"description\":\"\",\"potentialAction\":[{\"@type\":\"SearchAction\",\"target\":{\"@type\":\"EntryPoint\",\"urlTemplate\":\"https:\/\/www.campingtarn.com\/de\/?s={search_term_string}\"},\"query-input\":{\"@type\":\"PropertyValueSpecification\",\"valueRequired\":true,\"valueName\":\"search_term_string\"}}],\"inLanguage\":\"de\"}]}<\/script>\n<!-- \/ Yoast SEO plugin. -->","yoast_head_json":{"title":"Campingpl\u00e4tze Entdeckung Tarn - Kultur & Sehensw\u00fcrdigkeiten | ATHPA","description":"Auswahl an Campingpl\u00e4tzen, PRL und Feriend\u00f6rfern nahe der kulturellen Sehensw\u00fcrdigkeiten des Tarn. Vergleichen Sie Ausstattung und Preise, buchen Sie direkt.","robots":{"index":"index","follow":"follow","max-snippet":"max-snippet:-1","max-image-preview":"max-image-preview:large","max-video-preview":"max-video-preview:-1"},"canonical":"https:\/\/www.campingtarn.com\/de\/entdeckung\/","og_locale":"de_DE","og_type":"article","og_title":"Campingpl\u00e4tze Entdeckung Tarn - Kultur & Sehensw\u00fcrdigkeiten | ATHPA","og_description":"Auswahl an Campingpl\u00e4tzen, PRL und Feriend\u00f6rfern nahe der kulturellen Sehensw\u00fcrdigkeiten des Tarn. Vergleichen Sie Ausstattung und Preise, buchen Sie direkt.","og_url":"https:\/\/www.campingtarn.com\/de\/entdeckung\/","og_site_name":"campingtarn.com","article_modified_time":"2025-12-23T06:58:15+00:00","og_image":[{"width":1920,"height":721,"url":"https:\/\/www.campingtarn.com\/wp-content\/uploads\/2025\/05\/camping-2.jpg","type":"image\/jpeg"}],"twitter_card":"summary_large_image","twitter_misc":{"Gesch\u00e4tzte Lesezeit":"1\u00a0Minute"},"schema":{"@context":"https:\/\/schema.org","@graph":[{"@type":"WebPage","@id":"https:\/\/www.campingtarn.com\/de\/entdeckung\/","url":"https:\/\/www.campingtarn.com\/de\/entdeckung\/","name":"Campingpl\u00e4tze Entdeckung Tarn - Kultur & Sehensw\u00fcrdigkeiten | ATHPA","isPartOf":{"@id":"https:\/\/www.campingtarn.com\/de\/#website"},"primaryImageOfPage":{"@id":"https:\/\/www.campingtarn.com\/de\/entdeckung\/#primaryimage"},"image":{"@id":"https:\/\/www.campingtarn.com\/de\/entdeckung\/#primaryimage"},"thumbnailUrl":"https:\/\/www.campingtarn.com\/wp-content\/uploads\/2025\/05\/camping-2.jpg","datePublished":"2025-05-16T14:57:21+00:00","dateModified":"2025-12-23T06:58:15+00:00","description":"Auswahl an Campingpl\u00e4tzen, PRL und Feriend\u00f6rfern nahe der kulturellen Sehensw\u00fcrdigkeiten des Tarn. Vergleichen Sie Ausstattung und Preise, buchen Sie direkt.","breadcrumb":{"@id":"https:\/\/www.campingtarn.com\/de\/entdeckung\/#breadcrumb"},"inLanguage":"de","potentialAction":[{"@type":"ReadAction","target":["https:\/\/www.campingtarn.com\/de\/entdeckung\/"]}]},{"@type":"ImageObject","inLanguage":"de","@id":"https:\/\/www.campingtarn.com\/de\/entdeckung\/#primaryimage","url":"https:\/\/www.campingtarn.com\/wp-content\/uploads\/2025\/05\/camping-2.jpg","contentUrl":"https:\/\/www.campingtarn.com\/wp-content\/uploads\/2025\/05\/camping-2.jpg"},{"@type":"BreadcrumbList","@id":"https:\/\/www.campingtarn.com\/de\/entdeckung\/#breadcrumb","itemListElement":[{"@type":"ListItem","position":1,"name":"Startseite","item":"https:\/\/www.campingtarn.com\/de\/startseite\/"},{"@type":"ListItem","position":2,"name":"Entdeckung"}]},{"@type":"WebSite","@id":"https:\/\/www.campingtarn.com\/de\/#website","url":"https:\/\/www.campingtarn.com\/de\/","name":"campingtarn.com","description":"","potentialAction":[{"@type":"SearchAction","target":{"@type":"EntryPoint","urlTemplate":"https:\/\/www.campingtarn.com\/de\/?s={search_term_string}"},"query-input":{"@type":"PropertyValueSpecification","valueRequired":true,"valueName":"search_term_string"}}],"inLanguage":"de"}]}},"_links":{"self":[{"href":"https:\/\/www.campingtarn.com\/de\/wp-json\/wp\/v2\/pages\/13048","targetHints":{"allow":["GET"]}}],"collection":[{"href":"https:\/\/www.campingtarn.com\/de\/wp-json\/wp\/v2\/pages"}],"about":[{"href":"https:\/\/www.campingtarn.com\/de\/wp-json\/wp\/v2\/types\/page"}],"author":[{"embeddable":true,"href":"https:\/\/www.campingtarn.com\/de\/wp-json\/wp\/v2\/users\/1"}],"replies":[{"embeddable":true,"href":"https:\/\/www.campingtarn.com\/de\/wp-json\/wp\/v2\/comments?post=13048"}],"version-history":[{"count":3,"href":"https:\/\/www.campingtarn.com\/de\/wp-json\/wp\/v2\/pages\/13048\/revisions"}],"predecessor-version":[{"id":13692,"href":"https:\/\/www.campingtarn.com\/de\/wp-json\/wp\/v2\/pages\/13048\/revisions\/13692"}],"wp:attachment":[{"href":"https:\/\/www.campingtarn.com\/de\/wp-json\/wp\/v2\/media?parent=13048"}],"curies":[{"name":"wp","href":"https:\/\/api.w.org\/{rel}","templated":true}]}}