{"id":13071,"date":"2025-05-16T14:58:07","date_gmt":"2025-05-16T14:58:07","guid":{"rendered":"https:\/\/www.campingtarn.com\/animiert\/"},"modified":"2025-12-23T06:50:41","modified_gmt":"2025-12-23T06:50:41","slug":"animiert","status":"publish","type":"page","link":"https:\/\/www.campingtarn.com\/de\/animiert\/","title":{"rendered":"Animiert"},"content":{"rendered":"\t\t<div data-elementor-type=\"wp-page\" data-elementor-id=\"13071\" class=\"elementor elementor-13071 elementor-95\" data-elementor-post-type=\"page\">\n\t\t\t\t<div class=\"elementor-element elementor-element-ffe110e e-con-full e-flex e-con e-parent\" data-id=\"ffe110e\" data-element_type=\"container\">\n\t\t\t\t<div class=\"elementor-element elementor-element-b08750a elementor-widget elementor-widget-image\" data-id=\"b08750a\" data-element_type=\"widget\" data-widget_type=\"image.default\">\n\t\t\t\t<div class=\"elementor-widget-container\">\n\t\t\t\t\t\t\t\t\t\t\t\t\t\t\t<img fetchpriority=\"high\" decoding=\"async\" width=\"1920\" height=\"721\" src=\"https:\/\/www.campingtarn.com\/wp-content\/uploads\/2025\/10\/camping-animations.jpg\" class=\"attachment-full size-full wp-image-12692\" alt=\"Campings dans le Tarn qui proposent en saison un programme d&#039;animations.\" srcset=\"https:\/\/www.campingtarn.com\/wp-content\/uploads\/2025\/10\/camping-animations.jpg 1920w, https:\/\/www.campingtarn.com\/wp-content\/uploads\/2025\/10\/camping-animations-300x113.jpg 300w, https:\/\/www.campingtarn.com\/wp-content\/uploads\/2025\/10\/camping-animations-1024x385.jpg 1024w, https:\/\/www.campingtarn.com\/wp-content\/uploads\/2025\/10\/camping-animations-768x288.jpg 768w, https:\/\/www.campingtarn.com\/wp-content\/uploads\/2025\/10\/camping-animations-1536x577.jpg 1536w\" sizes=\"(max-width: 1920px) 100vw, 1920px\" \/>\t\t\t\t\t\t\t\t\t\t\t\t\t\t\t<\/div>\n\t\t\t\t<\/div>\n\t\t\t\t<\/div>\n\t\t<div class=\"elementor-element elementor-element-5baf41cd e-flex e-con-boxed e-con e-parent\" data-id=\"5baf41cd\" data-element_type=\"container\">\n\t\t\t\t\t<div class=\"e-con-inner\">\n\t\t\t\t<div class=\"elementor-element elementor-element-6d68a1d3 elementor-widget elementor-widget-heading\" data-id=\"6d68a1d3\" data-element_type=\"widget\" data-widget_type=\"heading.default\">\n\t\t\t\t<div class=\"elementor-widget-container\">\n\t\t\t\t\t<h1 class=\"elementor-heading-title elementor-size-default\"><span class=\"multiColor\">Animierte<\/span> Campingpl\u00e4tze<\/h1>\t\t\t\t<\/div>\n\t\t\t\t<\/div>\n\t\t\t\t<div class=\"elementor-element elementor-element-d655c72 elementor-widget elementor-widget-global elementor-global-12739 elementor-global-10699 elementor-widget-html\" data-id=\"d655c72\" data-element_type=\"widget\" data-widget_type=\"html.default\">\n\t\t\t\t<div class=\"elementor-widget-container\">\n\t\t\t\t\t<ctv-search data-float=\"true\" data-modal-position=\"bottom\"><\/ctv-search>\t\t\t\t<\/div>\n\t\t\t\t<\/div>\n\t\t\t\t<div class=\"elementor-element elementor-element-564e5e8f elementor-widget__width-initial elementor-widget elementor-widget-text-editor\" data-id=\"564e5e8f\" data-element_type=\"widget\" data-widget_type=\"text-editor.default\">\n\t\t\t\t<div class=\"elementor-widget-container\">\n\t\t\t\t\t\t\t\t\t<h5><strong><span style=\"color: #f7921e;\">Ein Urlaub, der zu Ihnen passt!<\/span><\/strong><\/h5><p>Auf den Campingpl\u00e4tzen &amp; PRLs im Tarn k\u00f6nnen Sie den Urlaubsstil w\u00e4hlen, der zu Ihnen passt.<br>Ihr Urlaub ist einzigartig, ob Sie nun einen ruhigen oder einen aktiven Urlaub suchen, wir sorgen daf\u00fcr, dass Sie Ihren Traumurlaub finden.<\/p><p>Sportlich, erholsam, f\u00fcr Kleinkinder geeignet, sehr lebhaft oder voller kultureller Entdeckungen, alle Besonderheiten werden vorgestellt und werden Ihnen helfen, einen angenehmen Aufenthalt zu verbringen.<\/p><p>Lust auf einen lebhaften Urlaub im Departement <strong>Tarn<\/strong>? Entdecken Sie unsere Auswahl an <strong>Campingpl\u00e4tzen und PRLs<\/strong> mit einem umfangreichen Angebot. <a href=\"https:\/\/www.campingtarn.com\/de\/die-campingplaetze\/\"><strong>Regelm\u00e4\u00dfige Animationen<\/strong><\/a> Kinder- und Jugendclubs, Sportturniere, Wassergymnastik, Themenabende, Konzerte, kreative Workshops, F\u00fchrungen. Hier wird die Animation <strong>mit Bedacht<\/strong> eingesetzt, um den Komfort aller zu wahren: keine sp\u00e4ten St\u00f6rungen. In der Umgebung von<strong>Albi, Gaillac, dem Sidobre<\/strong> und den <strong>Bergseen<\/strong> w\u00e4hlen Sie Ihre Unterkunft (Stellplatz, Mobilheim, Chalet, Lodge), vergleichen Sie <strong>Ausstattung, \u00d6ffnungszeiten und Preise direkt<\/strong> und buchen Sie dann bei den<strong> ATHPA-Mitgliedern<\/strong> f\u00fcr einen geselligen Urlaub in <strong>Okzitanien<\/strong>.   <\/p>\t\t\t\t\t\t\t\t<\/div>\n\t\t\t\t<\/div>\n\t\t\t\t\t<\/div>\n\t\t\t\t<\/div>\n\t\t<div class=\"elementor-element elementor-element-d37d690 e-flex e-con-boxed e-con e-parent\" data-id=\"d37d690\" data-element_type=\"container\">\n\t\t\t\t\t<div class=\"e-con-inner\">\n\t\t<div class=\"elementor-element elementor-element-1becf8d1 e-con-full e-flex e-con e-child\" data-id=\"1becf8d1\" data-element_type=\"container\" data-settings=\"{&quot;background_background&quot;:&quot;classic&quot;}\">\n\t\t\t\t<div class=\"elementor-element elementor-element-6f66ca1e elementor-widget elementor-widget-image\" data-id=\"6f66ca1e\" data-element_type=\"widget\" data-widget_type=\"image.default\">\n\t\t\t\t<div class=\"elementor-widget-container\">\n\t\t\t\t\t\t\t\t\t\t\t\t\t\t\t<img decoding=\"async\" width=\"146\" height=\"158\" src=\"https:\/\/www.campingtarn.com\/wp-content\/uploads\/2025\/05\/picto-animation.svg\" class=\"attachment-large size-large wp-image-12424\" alt=\"Picto-Animation\" \/>\t\t\t\t\t\t\t\t\t\t\t\t\t\t\t<\/div>\n\t\t\t\t<\/div>\n\t\t\t\t<div class=\"elementor-element elementor-element-f6183fc elementor-widget elementor-widget-heading\" data-id=\"f6183fc\" data-element_type=\"widget\" data-widget_type=\"heading.default\">\n\t\t\t\t<div class=\"elementor-widget-container\">\n\t\t\t\t\t<h3 class=\"elementor-heading-title elementor-size-default\">Animationen | Regelm\u00e4\u00dfig &amp; abwechslungsreich<\/h3>\t\t\t\t<\/div>\n\t\t\t\t<\/div>\n\t\t\t\t<div class=\"elementor-element elementor-element-7bcce1f1 elementor-widget elementor-widget-text-editor\" data-id=\"7bcce1f1\" data-element_type=\"widget\" data-widget_type=\"text-editor.default\">\n\t\t\t\t<div class=\"elementor-widget-container\">\n\t\t\t\t\t\t\t\t\t<p>Campingpl\u00e4tze, die w\u00e4hrend der Saison ein abwechslungsreiches und regelm\u00e4\u00dfiges Unterhaltungsprogramm (f\u00fcr Kinder und\/oder Erwachsene) anbieten: Konzerte, kreative Workshops, Verkostungen, F\u00fchrungen, Gewinnspiele usw.<br>ABER mit Bedacht (nicht bis Mitternacht, nicht jeden Abend).<\/p>\t\t\t\t\t\t\t\t<\/div>\n\t\t\t\t<\/div>\n\t\t\t\t<\/div>\n\t\t\t\t\t<\/div>\n\t\t\t\t<\/div>\n\t\t<div class=\"elementor-element elementor-element-15885158 e-flex e-con-boxed e-con e-parent\" data-id=\"15885158\" data-element_type=\"container\">\n\t\t\t\t\t<div class=\"e-con-inner\">\n\t\t\t\t<div class=\"elementor-element elementor-element-53ef849 elementor-widget elementor-widget-shortcode\" data-id=\"53ef849\" data-element_type=\"widget\" data-widget_type=\"shortcode.default\">\n\t\t\t\t<div class=\"elementor-widget-container\">\n\t\t\t\t\t\t\t<div class=\"elementor-shortcode\">    <div id=\"wpi-results-listing-nombre-posts\" data-singulier=\"%s Campingplatz\" data-pluriel=\"%s Campingpl\u00e4tze\">\n        1 Campingplatz            <\/div>\n    <div id=\"wpi-results-listing-posts\" class=\"wpi-results-listing-posts i-row i-align-items-stretch\">\n\n                    <article class=\"wpi-card card_camping i-col-xl-4 i-col-md-6 i-col-12 i-row \"\n                    data-theme=\"506|505|\"\n            data-equipement=\"526|524|527|652|523|522|\"\n            data-service=\"635|552|550|549|548|561|\"\n                    data-type=\"camping\"\n\n            >\n                                <a href=\"https:\/\/www.campingtarn.com\/de\/hotellerie-plein-air\/camping-des-sources-chaudes\/\" class=\"wpi-card-link\">\n                                    <div class=\"i-text-center\">\n                                                    <img decoding=\"async\" width=\"450\" height=\"275\" src=\"https:\/\/www.campingtarn.com\/wp-content\/uploads\/2025\/09\/2207396-1-450x275.png\" class=\"wpi-card-thumbnail wp-post-image\" alt=\"Campingplatz Les Sources Chaudes Hauptallee\" \/>                        \n\n                    <\/div>\n                    <div class=\"wpi-card-details\">\n                                                    <div class=\"wpi-card-theme\">                                    <img decoding=\"async\" src=\"https:\/\/www.campingtarn.com\/wp-content\/plugins\/wpi-apidae\/images\/ico-entdeckung.png\" alt=\"Entdeckung\" title=\"Entdeckung\">\n                                                                        <img decoding=\"async\" src=\"https:\/\/www.campingtarn.com\/wp-content\/plugins\/wpi-apidae\/images\/ico-lebhaft.png\" alt=\"Lebhaft\" title=\"Lebhaft\">\n                                    <\/div>                            <div class=\"wpi-tarifs\">\n                                                                Camping ab 20.00 \u20ac<br>                                Miete ab 300.00 \u20ac.<br>                            <\/div>\n                                                                        <h3>Campingplatz Les Sources Chaudes ****<\/h3>\n                        <div class=\"wpi-card-detail-ville\">\n                            Lacaune                        <\/div>\n                        <div class=\"wpi-card-detail-resume\">In einer Region mit reichem kulturellem Erbe hei\u00dft der Campingplatz \u201eCamping des Sources Chaudes\u201c Gruppen und Familien von M\u00e4rz bis November willkommen.<\/div>\n<!--                        <div class=\"wpi-card-detail-categorie\">--><!--<\/div>-->\n<!---->\n<!--                        <div class=\"wpi-card-detail-classement\">-->\n<!--                            <span>--><!--<\/span>-->\n<!--                        <\/div>-->\n\n                        <div class=\"wpi-card-detail-btn\">\n                                                        <button>Buchen Sie<\/button>\n                                                    <\/div>\n                    <\/div>\n                <\/a>\n            <\/article>\n\n\n    <\/div>\n\n        <\/div>\n\t\t\t\t\t\t<\/div>\n\t\t\t\t<\/div>\n\t\t\t\t\t<\/div>\n\t\t\t\t<\/div>\n\t\t\t\t<\/div>\n\t\t","protected":false},"excerpt":{"rendered":"<p>Animierte Campingpl\u00e4tze Ein Urlaub, der zu Ihnen passt! Auf den Campingpl\u00e4tzen &amp; PRLs im Tarn k\u00f6nnen Sie den Urlaubsstil w\u00e4hlen, der zu Ihnen passt.Ihr Urlaub ist einzigartig, ob Sie nun einen ruhigen oder einen aktiven Urlaub suchen, wir sorgen daf\u00fcr, dass Sie Ihren Traumurlaub finden. Sportlich, erholsam, f\u00fcr Kleinkinder geeignet, sehr lebhaft oder voller kultureller [&hellip;]<\/p>\n","protected":false},"author":1,"featured_media":0,"parent":0,"menu_order":0,"comment_status":"closed","ping_status":"closed","template":"","meta":{"footnotes":""},"class_list":["post-13071","page","type-page","status-publish","hentry"],"yoast_head":"<!-- This site is optimized with the Yoast SEO plugin v26.4 - https:\/\/yoast.com\/wordpress\/plugins\/seo\/ -->\n<title>Animierte Campingpl\u00e4tze im Tarn - Clubs &amp; Partys | ATHPA<\/title>\n<meta name=\"description\" content=\"Auswahl an Campingpl\u00e4tzen &amp; PRLs im Departement Tarn mit regelm\u00e4\u00dfigem Unterhaltungsprogramm: Kinder-\/Jugendclubs, Turniere, Themenabende. Vergleichen Sie die Ausstattung und Preise,\" \/>\n<meta name=\"robots\" content=\"index, follow, max-snippet:-1, max-image-preview:large, max-video-preview:-1\" \/>\n<link rel=\"canonical\" href=\"https:\/\/www.campingtarn.com\/de\/animiert\/\" \/>\n<meta property=\"og:locale\" content=\"de_DE\" \/>\n<meta property=\"og:type\" content=\"article\" \/>\n<meta property=\"og:title\" content=\"Animierte Campingpl\u00e4tze im Tarn - Clubs &amp; Partys | ATHPA\" \/>\n<meta property=\"og:description\" content=\"Auswahl an Campingpl\u00e4tzen &amp; PRLs im Departement Tarn mit regelm\u00e4\u00dfigem Unterhaltungsprogramm: Kinder-\/Jugendclubs, Turniere, Themenabende. Vergleichen Sie die Ausstattung und Preise,\" \/>\n<meta property=\"og:url\" content=\"https:\/\/www.campingtarn.com\/de\/animiert\/\" \/>\n<meta property=\"og:site_name\" content=\"campingtarn.com\" \/>\n<meta property=\"article:modified_time\" content=\"2025-12-23T06:50:41+00:00\" \/>\n<meta property=\"og:image\" content=\"https:\/\/www.campingtarn.com\/wp-content\/uploads\/2025\/10\/camping-animations.jpg\" \/>\n\t<meta property=\"og:image:width\" content=\"1920\" \/>\n\t<meta property=\"og:image:height\" content=\"721\" \/>\n\t<meta property=\"og:image:type\" content=\"image\/jpeg\" \/>\n<meta name=\"twitter:card\" content=\"summary_large_image\" \/>\n<meta name=\"twitter:label1\" content=\"Gesch\u00e4tzte Lesezeit\" \/>\n\t<meta name=\"twitter:data1\" content=\"1\u00a0Minute\" \/>\n<script type=\"application\/ld+json\" class=\"yoast-schema-graph\">{\"@context\":\"https:\/\/schema.org\",\"@graph\":[{\"@type\":\"WebPage\",\"@id\":\"https:\/\/www.campingtarn.com\/de\/animiert\/\",\"url\":\"https:\/\/www.campingtarn.com\/de\/animiert\/\",\"name\":\"Animierte Campingpl\u00e4tze im Tarn - Clubs & Partys | ATHPA\",\"isPartOf\":{\"@id\":\"https:\/\/www.campingtarn.com\/de\/#website\"},\"primaryImageOfPage\":{\"@id\":\"https:\/\/www.campingtarn.com\/de\/animiert\/#primaryimage\"},\"image\":{\"@id\":\"https:\/\/www.campingtarn.com\/de\/animiert\/#primaryimage\"},\"thumbnailUrl\":\"https:\/\/www.campingtarn.com\/wp-content\/uploads\/2025\/10\/camping-animations.jpg\",\"datePublished\":\"2025-05-16T14:58:07+00:00\",\"dateModified\":\"2025-12-23T06:50:41+00:00\",\"description\":\"Auswahl an Campingpl\u00e4tzen & PRLs im Departement Tarn mit regelm\u00e4\u00dfigem Unterhaltungsprogramm: Kinder-\/Jugendclubs, Turniere, Themenabende. Vergleichen Sie die Ausstattung und Preise,\",\"breadcrumb\":{\"@id\":\"https:\/\/www.campingtarn.com\/de\/animiert\/#breadcrumb\"},\"inLanguage\":\"de\",\"potentialAction\":[{\"@type\":\"ReadAction\",\"target\":[\"https:\/\/www.campingtarn.com\/de\/animiert\/\"]}]},{\"@type\":\"ImageObject\",\"inLanguage\":\"de\",\"@id\":\"https:\/\/www.campingtarn.com\/de\/animiert\/#primaryimage\",\"url\":\"https:\/\/www.campingtarn.com\/wp-content\/uploads\/2025\/10\/camping-animations.jpg\",\"contentUrl\":\"https:\/\/www.campingtarn.com\/wp-content\/uploads\/2025\/10\/camping-animations.jpg\"},{\"@type\":\"BreadcrumbList\",\"@id\":\"https:\/\/www.campingtarn.com\/de\/animiert\/#breadcrumb\",\"itemListElement\":[{\"@type\":\"ListItem\",\"position\":1,\"name\":\"Startseite\",\"item\":\"https:\/\/www.campingtarn.com\/de\/startseite\/\"},{\"@type\":\"ListItem\",\"position\":2,\"name\":\"Animiert\"}]},{\"@type\":\"WebSite\",\"@id\":\"https:\/\/www.campingtarn.com\/de\/#website\",\"url\":\"https:\/\/www.campingtarn.com\/de\/\",\"name\":\"campingtarn.com\",\"description\":\"\",\"potentialAction\":[{\"@type\":\"SearchAction\",\"target\":{\"@type\":\"EntryPoint\",\"urlTemplate\":\"https:\/\/www.campingtarn.com\/de\/?s={search_term_string}\"},\"query-input\":{\"@type\":\"PropertyValueSpecification\",\"valueRequired\":true,\"valueName\":\"search_term_string\"}}],\"inLanguage\":\"de\"}]}<\/script>\n<!-- \/ Yoast SEO plugin. -->","yoast_head_json":{"title":"Animierte Campingpl\u00e4tze im Tarn - Clubs & Partys | ATHPA","description":"Auswahl an Campingpl\u00e4tzen & PRLs im Departement Tarn mit regelm\u00e4\u00dfigem Unterhaltungsprogramm: Kinder-\/Jugendclubs, Turniere, Themenabende. Vergleichen Sie die Ausstattung und Preise,","robots":{"index":"index","follow":"follow","max-snippet":"max-snippet:-1","max-image-preview":"max-image-preview:large","max-video-preview":"max-video-preview:-1"},"canonical":"https:\/\/www.campingtarn.com\/de\/animiert\/","og_locale":"de_DE","og_type":"article","og_title":"Animierte Campingpl\u00e4tze im Tarn - Clubs & Partys | ATHPA","og_description":"Auswahl an Campingpl\u00e4tzen & PRLs im Departement Tarn mit regelm\u00e4\u00dfigem Unterhaltungsprogramm: Kinder-\/Jugendclubs, Turniere, Themenabende. Vergleichen Sie die Ausstattung und Preise,","og_url":"https:\/\/www.campingtarn.com\/de\/animiert\/","og_site_name":"campingtarn.com","article_modified_time":"2025-12-23T06:50:41+00:00","og_image":[{"width":1920,"height":721,"url":"https:\/\/www.campingtarn.com\/wp-content\/uploads\/2025\/10\/camping-animations.jpg","type":"image\/jpeg"}],"twitter_card":"summary_large_image","twitter_misc":{"Gesch\u00e4tzte Lesezeit":"1\u00a0Minute"},"schema":{"@context":"https:\/\/schema.org","@graph":[{"@type":"WebPage","@id":"https:\/\/www.campingtarn.com\/de\/animiert\/","url":"https:\/\/www.campingtarn.com\/de\/animiert\/","name":"Animierte Campingpl\u00e4tze im Tarn - Clubs & Partys | ATHPA","isPartOf":{"@id":"https:\/\/www.campingtarn.com\/de\/#website"},"primaryImageOfPage":{"@id":"https:\/\/www.campingtarn.com\/de\/animiert\/#primaryimage"},"image":{"@id":"https:\/\/www.campingtarn.com\/de\/animiert\/#primaryimage"},"thumbnailUrl":"https:\/\/www.campingtarn.com\/wp-content\/uploads\/2025\/10\/camping-animations.jpg","datePublished":"2025-05-16T14:58:07+00:00","dateModified":"2025-12-23T06:50:41+00:00","description":"Auswahl an Campingpl\u00e4tzen & PRLs im Departement Tarn mit regelm\u00e4\u00dfigem Unterhaltungsprogramm: Kinder-\/Jugendclubs, Turniere, Themenabende. Vergleichen Sie die Ausstattung und Preise,","breadcrumb":{"@id":"https:\/\/www.campingtarn.com\/de\/animiert\/#breadcrumb"},"inLanguage":"de","potentialAction":[{"@type":"ReadAction","target":["https:\/\/www.campingtarn.com\/de\/animiert\/"]}]},{"@type":"ImageObject","inLanguage":"de","@id":"https:\/\/www.campingtarn.com\/de\/animiert\/#primaryimage","url":"https:\/\/www.campingtarn.com\/wp-content\/uploads\/2025\/10\/camping-animations.jpg","contentUrl":"https:\/\/www.campingtarn.com\/wp-content\/uploads\/2025\/10\/camping-animations.jpg"},{"@type":"BreadcrumbList","@id":"https:\/\/www.campingtarn.com\/de\/animiert\/#breadcrumb","itemListElement":[{"@type":"ListItem","position":1,"name":"Startseite","item":"https:\/\/www.campingtarn.com\/de\/startseite\/"},{"@type":"ListItem","position":2,"name":"Animiert"}]},{"@type":"WebSite","@id":"https:\/\/www.campingtarn.com\/de\/#website","url":"https:\/\/www.campingtarn.com\/de\/","name":"campingtarn.com","description":"","potentialAction":[{"@type":"SearchAction","target":{"@type":"EntryPoint","urlTemplate":"https:\/\/www.campingtarn.com\/de\/?s={search_term_string}"},"query-input":{"@type":"PropertyValueSpecification","valueRequired":true,"valueName":"search_term_string"}}],"inLanguage":"de"}]}},"_links":{"self":[{"href":"https:\/\/www.campingtarn.com\/de\/wp-json\/wp\/v2\/pages\/13071","targetHints":{"allow":["GET"]}}],"collection":[{"href":"https:\/\/www.campingtarn.com\/de\/wp-json\/wp\/v2\/pages"}],"about":[{"href":"https:\/\/www.campingtarn.com\/de\/wp-json\/wp\/v2\/types\/page"}],"author":[{"embeddable":true,"href":"https:\/\/www.campingtarn.com\/de\/wp-json\/wp\/v2\/users\/1"}],"replies":[{"embeddable":true,"href":"https:\/\/www.campingtarn.com\/de\/wp-json\/wp\/v2\/comments?post=13071"}],"version-history":[{"count":5,"href":"https:\/\/www.campingtarn.com\/de\/wp-json\/wp\/v2\/pages\/13071\/revisions"}],"predecessor-version":[{"id":13657,"href":"https:\/\/www.campingtarn.com\/de\/wp-json\/wp\/v2\/pages\/13071\/revisions\/13657"}],"wp:attachment":[{"href":"https:\/\/www.campingtarn.com\/de\/wp-json\/wp\/v2\/media?parent=13071"}],"curies":[{"name":"wp","href":"https:\/\/api.w.org\/{rel}","templated":true}]}}