{"id":13111,"date":"2025-05-16T14:58:23","date_gmt":"2025-05-16T14:58:23","guid":{"rendered":"https:\/\/www.campingtarn.com\/tonic\/"},"modified":"2025-12-23T06:52:28","modified_gmt":"2025-12-23T06:52:28","slug":"tonic","status":"publish","type":"page","link":"https:\/\/www.campingtarn.com\/de\/tonic\/","title":{"rendered":"Tonic"},"content":{"rendered":"\t\t<div data-elementor-type=\"wp-page\" data-elementor-id=\"13111\" class=\"elementor elementor-13111 elementor-97\" data-elementor-post-type=\"page\">\n\t\t\t\t<div class=\"elementor-element elementor-element-2c39e5fb e-con-full e-flex e-con e-parent\" data-id=\"2c39e5fb\" data-element_type=\"container\">\n\t\t\t\t<div class=\"elementor-element elementor-element-dad5585 elementor-widget elementor-widget-image\" data-id=\"dad5585\" data-element_type=\"widget\" data-widget_type=\"image.default\">\n\t\t\t\t<div class=\"elementor-widget-container\">\n\t\t\t\t\t\t\t\t\t\t\t\t\t\t\t<img fetchpriority=\"high\" decoding=\"async\" width=\"1920\" height=\"721\" src=\"https:\/\/www.campingtarn.com\/wp-content\/uploads\/2025\/06\/groupes.jpg\" class=\"attachment-full size-full wp-image-12425\" alt=\"Kanufahren im Fluss, sportliche Aktivit\u00e4ten in der N\u00e4he der Campingpl\u00e4tze Tonic du Tarn\" srcset=\"https:\/\/www.campingtarn.com\/wp-content\/uploads\/2025\/06\/groupes.jpg 1920w, https:\/\/www.campingtarn.com\/wp-content\/uploads\/2025\/06\/groupes-300x113.jpg 300w, https:\/\/www.campingtarn.com\/wp-content\/uploads\/2025\/06\/groupes-1024x385.jpg 1024w, https:\/\/www.campingtarn.com\/wp-content\/uploads\/2025\/06\/groupes-768x288.jpg 768w, https:\/\/www.campingtarn.com\/wp-content\/uploads\/2025\/06\/groupes-1536x577.jpg 1536w\" sizes=\"(max-width: 1920px) 100vw, 1920px\" \/>\t\t\t\t\t\t\t\t\t\t\t\t\t\t\t<\/div>\n\t\t\t\t<\/div>\n\t\t\t\t<\/div>\n\t\t<div class=\"elementor-element elementor-element-40d19a29 e-flex e-con-boxed e-con e-parent\" data-id=\"40d19a29\" data-element_type=\"container\">\n\t\t\t\t\t<div class=\"e-con-inner\">\n\t\t\t\t<div class=\"elementor-element elementor-element-6748ce18 elementor-widget elementor-widget-heading\" data-id=\"6748ce18\" data-element_type=\"widget\" data-widget_type=\"heading.default\">\n\t\t\t\t<div class=\"elementor-widget-container\">\n\t\t\t\t\t<h1 class=\"elementor-heading-title elementor-size-default\">Die Campingpl\u00e4tze <span class=\"multiColor\">Tonic<\/span><\/h1>\t\t\t\t<\/div>\n\t\t\t\t<\/div>\n\t\t\t\t<div class=\"elementor-element elementor-element-46d08bb elementor-widget elementor-widget-global elementor-global-12739 elementor-global-10699 elementor-widget-html\" data-id=\"46d08bb\" data-element_type=\"widget\" data-widget_type=\"html.default\">\n\t\t\t\t<div class=\"elementor-widget-container\">\n\t\t\t\t\t<ctv-search data-float=\"true\" data-modal-position=\"bottom\"><\/ctv-search>\t\t\t\t<\/div>\n\t\t\t\t<\/div>\n\t\t\t\t<div class=\"elementor-element elementor-element-8ae206c elementor-widget__width-initial elementor-widget elementor-widget-text-editor\" data-id=\"8ae206c\" data-element_type=\"widget\" data-widget_type=\"text-editor.default\">\n\t\t\t\t<div class=\"elementor-widget-container\">\n\t\t\t\t\t\t\t\t\t<h5><strong><span style=\"color: #f7921e;\">Ein Urlaub, der zu Ihnen passt!<\/span><\/strong><\/h5><p>Auf den Campingpl\u00e4tzen &amp; PRLs im Tarn k\u00f6nnen Sie den Urlaubsstil w\u00e4hlen, der zu Ihnen passt.<br>Ihr Urlaub ist einzigartig, ob Sie nun einen ruhigen oder einen aktiven Urlaub suchen, wir sorgen daf\u00fcr, dass Sie Ihren Traumurlaub finden.<\/p><p>Sportlich, erholsam, f\u00fcr Kleinkinder geeignet, sehr lebhaft oder voller kultureller Entdeckungen, alle Besonderheiten werden vorgestellt und werden Ihnen helfen, einen angenehmen Aufenthalt zu verbringen.<br><br>Ein erlebnisreicher Aufenthalt im <strong>Tarn<\/strong>: <strong>Campingpl\u00e4tze und PRL<\/strong> in unmittelbarer N\u00e4he der <strong>Seen<\/strong> (Laouzas, Ravi\u00e8ge), der <strong>W\u00e4lder<\/strong> der<strong> Monts de Lacaune<\/strong> und der Felsen des <strong>Sidobre <\/strong>f\u00fcr<strong> Wassersport, Wandern, Mountainbiking, Trailrunning oder Klettern<\/strong>. In der Umgebung von<g id=\"gid_7\">Albi<\/g> und <g id=\"gid_8\">Gaillac<\/g> w\u00e4hlen Sie die ideale Adresse (Stellpl\u00e4tze, Mobilheime, Chalets, Lodges), vergleichen Sie die <g id=\"gid_9\">Ausstattung<\/g> (Wassersportzentrum, Mountainbike-Verleih, Pumptrack, Gel\u00e4nde) und <g id=\"gid_10\">die \u00d6ffnungszeiten<\/g> und buchen Sie dann zum <g id=\"gid_11\">Direktpreis<\/g> bei den <g id=\"gid_12\">ATHPA-Mitgliedsbetrieben<\/g>. Sensationen, Natur und Komfort: alles ist vorhanden, um sich in Okzitanien zu bewegen.  <\/p>\t\t\t\t\t\t\t\t<\/div>\n\t\t\t\t<\/div>\n\t\t\t\t\t<\/div>\n\t\t\t\t<\/div>\n\t\t<div class=\"elementor-element elementor-element-700920f9 e-flex e-con-boxed e-con e-parent\" data-id=\"700920f9\" data-element_type=\"container\">\n\t\t\t\t\t<div class=\"e-con-inner\">\n\t\t<div class=\"elementor-element elementor-element-1c7965 e-con-full e-flex e-con e-child\" data-id=\"1c7965\" data-element_type=\"container\" data-settings=\"{&quot;background_background&quot;:&quot;classic&quot;}\">\n\t\t\t\t<div class=\"elementor-element elementor-element-386c4026 elementor-widget elementor-widget-image\" data-id=\"386c4026\" data-element_type=\"widget\" data-widget_type=\"image.default\">\n\t\t\t\t<div class=\"elementor-widget-container\">\n\t\t\t\t\t\t\t\t\t\t\t\t\t\t\t<img decoding=\"async\" width=\"162\" height=\"175\" src=\"https:\/\/www.campingtarn.com\/wp-content\/uploads\/2025\/05\/picto-tonic.svg\" class=\"attachment-large size-large wp-image-12426\" alt=\"Picto tonic\" \/>\t\t\t\t\t\t\t\t\t\t\t\t\t\t\t<\/div>\n\t\t\t\t<\/div>\n\t\t\t\t<div class=\"elementor-element elementor-element-9d67ef7 elementor-widget elementor-widget-heading\" data-id=\"9d67ef7\" data-element_type=\"widget\" data-widget_type=\"heading.default\">\n\t\t\t\t<div class=\"elementor-widget-container\">\n\t\t\t\t\t<h3 class=\"elementor-heading-title elementor-size-default\">Tonic | F\u00fcr Sportler<\/h3>\t\t\t\t<\/div>\n\t\t\t\t<\/div>\n\t\t\t\t<div class=\"elementor-element elementor-element-1036d3a7 elementor-widget elementor-widget-text-editor\" data-id=\"1036d3a7\" data-element_type=\"widget\" data-widget_type=\"text-editor.default\">\n\t\t\t\t<div class=\"elementor-widget-container\">\n\t\t\t\t\t\t\t\t\t<p>Campingpl\u00e4tze, die auf dem Campingplatz oder in der N\u00e4he starke Sport- und Freizeitaktivit\u00e4ten anbieten: Baumklettern, Canyoning, Paragliding, Angeln, Mountainbiking, etc.<\/p>\t\t\t\t\t\t\t\t<\/div>\n\t\t\t\t<\/div>\n\t\t\t\t<\/div>\n\t\t\t\t\t<\/div>\n\t\t\t\t<\/div>\n\t\t<div class=\"elementor-element elementor-element-3e91c092 e-flex e-con-boxed e-con e-parent\" data-id=\"3e91c092\" data-element_type=\"container\">\n\t\t\t\t\t<div class=\"e-con-inner\">\n\t\t\t\t<div class=\"elementor-element elementor-element-e327f8a elementor-widget elementor-widget-shortcode\" data-id=\"e327f8a\" data-element_type=\"widget\" data-widget_type=\"shortcode.default\">\n\t\t\t\t<div class=\"elementor-widget-container\">\n\t\t\t\t\t\t\t<div class=\"elementor-shortcode\"><\/div>\n\t\t\t\t\t\t<\/div>\n\t\t\t\t<\/div>\n\t\t\t\t\t<\/div>\n\t\t\t\t<\/div>\n\t\t\t\t<\/div>\n\t\t","protected":false},"excerpt":{"rendered":"<p>Die Campingpl\u00e4tze Tonic Ein Urlaub, der zu Ihnen passt! Auf den Campingpl\u00e4tzen &amp; PRLs im Tarn k\u00f6nnen Sie den Urlaubsstil w\u00e4hlen, der zu Ihnen passt.Ihr Urlaub ist einzigartig, ob Sie nun einen ruhigen oder einen aktiven Urlaub suchen, wir sorgen daf\u00fcr, dass Sie Ihren Traumurlaub finden. Sportlich, erholsam, f\u00fcr Kleinkinder geeignet, sehr lebhaft oder voller [&hellip;]<\/p>\n","protected":false},"author":1,"featured_media":0,"parent":0,"menu_order":0,"comment_status":"closed","ping_status":"closed","template":"","meta":{"footnotes":""},"class_list":["post-13111","page","type-page","status-publish","hentry"],"yoast_head":"<!-- This site is optimized with the Yoast SEO plugin v26.4 - https:\/\/yoast.com\/wordpress\/plugins\/seo\/ -->\n<title>Campingpl\u00e4tze Tonic Tarn - Sport und Sensationen | ATHPA<\/title>\n<meta name=\"description\" content=\"Auswahl an Campingpl\u00e4tzen und PRL &quot;Tonic&quot; im Tarn: Wassersport, Wandern, Mountainbike, Trail, Via Ferrata... Vergleichen Sie Ausstattungen und Preise, buchen Sie direkt.\" \/>\n<meta name=\"robots\" content=\"index, follow, max-snippet:-1, max-image-preview:large, max-video-preview:-1\" \/>\n<link rel=\"canonical\" href=\"https:\/\/www.campingtarn.com\/de\/tonic\/\" \/>\n<meta property=\"og:locale\" content=\"de_DE\" \/>\n<meta property=\"og:type\" content=\"article\" \/>\n<meta property=\"og:title\" content=\"Campingpl\u00e4tze Tonic Tarn - Sport und Sensationen | ATHPA\" \/>\n<meta property=\"og:description\" content=\"Auswahl an Campingpl\u00e4tzen und PRL &quot;Tonic&quot; im Tarn: Wassersport, Wandern, Mountainbike, Trail, Via Ferrata... Vergleichen Sie Ausstattungen und Preise, buchen Sie direkt.\" \/>\n<meta property=\"og:url\" content=\"https:\/\/www.campingtarn.com\/de\/tonic\/\" \/>\n<meta property=\"og:site_name\" content=\"campingtarn.com\" \/>\n<meta property=\"article:modified_time\" content=\"2025-12-23T06:52:28+00:00\" \/>\n<meta property=\"og:image\" content=\"https:\/\/www.campingtarn.com\/wp-content\/uploads\/2025\/06\/groupes.jpg\" \/>\n\t<meta property=\"og:image:width\" content=\"1920\" \/>\n\t<meta property=\"og:image:height\" content=\"721\" \/>\n\t<meta property=\"og:image:type\" content=\"image\/jpeg\" \/>\n<meta name=\"twitter:card\" content=\"summary_large_image\" \/>\n<meta name=\"twitter:label1\" content=\"Gesch\u00e4tzte Lesezeit\" \/>\n\t<meta name=\"twitter:data1\" content=\"1\u00a0Minute\" \/>\n<script type=\"application\/ld+json\" class=\"yoast-schema-graph\">{\"@context\":\"https:\/\/schema.org\",\"@graph\":[{\"@type\":\"WebPage\",\"@id\":\"https:\/\/www.campingtarn.com\/de\/tonic\/\",\"url\":\"https:\/\/www.campingtarn.com\/de\/tonic\/\",\"name\":\"Campingpl\u00e4tze Tonic Tarn - Sport und Sensationen | ATHPA\",\"isPartOf\":{\"@id\":\"https:\/\/www.campingtarn.com\/de\/#website\"},\"primaryImageOfPage\":{\"@id\":\"https:\/\/www.campingtarn.com\/de\/tonic\/#primaryimage\"},\"image\":{\"@id\":\"https:\/\/www.campingtarn.com\/de\/tonic\/#primaryimage\"},\"thumbnailUrl\":\"https:\/\/www.campingtarn.com\/wp-content\/uploads\/2025\/06\/groupes.jpg\",\"datePublished\":\"2025-05-16T14:58:23+00:00\",\"dateModified\":\"2025-12-23T06:52:28+00:00\",\"description\":\"Auswahl an Campingpl\u00e4tzen und PRL \\\"Tonic\\\" im Tarn: Wassersport, Wandern, Mountainbike, Trail, Via Ferrata... Vergleichen Sie Ausstattungen und Preise, buchen Sie direkt.\",\"breadcrumb\":{\"@id\":\"https:\/\/www.campingtarn.com\/de\/tonic\/#breadcrumb\"},\"inLanguage\":\"de\",\"potentialAction\":[{\"@type\":\"ReadAction\",\"target\":[\"https:\/\/www.campingtarn.com\/de\/tonic\/\"]}]},{\"@type\":\"ImageObject\",\"inLanguage\":\"de\",\"@id\":\"https:\/\/www.campingtarn.com\/de\/tonic\/#primaryimage\",\"url\":\"https:\/\/www.campingtarn.com\/wp-content\/uploads\/2025\/06\/groupes.jpg\",\"contentUrl\":\"https:\/\/www.campingtarn.com\/wp-content\/uploads\/2025\/06\/groupes.jpg\"},{\"@type\":\"BreadcrumbList\",\"@id\":\"https:\/\/www.campingtarn.com\/de\/tonic\/#breadcrumb\",\"itemListElement\":[{\"@type\":\"ListItem\",\"position\":1,\"name\":\"Startseite\",\"item\":\"https:\/\/www.campingtarn.com\/de\/startseite\/\"},{\"@type\":\"ListItem\",\"position\":2,\"name\":\"Tonic\"}]},{\"@type\":\"WebSite\",\"@id\":\"https:\/\/www.campingtarn.com\/de\/#website\",\"url\":\"https:\/\/www.campingtarn.com\/de\/\",\"name\":\"campingtarn.com\",\"description\":\"\",\"potentialAction\":[{\"@type\":\"SearchAction\",\"target\":{\"@type\":\"EntryPoint\",\"urlTemplate\":\"https:\/\/www.campingtarn.com\/de\/?s={search_term_string}\"},\"query-input\":{\"@type\":\"PropertyValueSpecification\",\"valueRequired\":true,\"valueName\":\"search_term_string\"}}],\"inLanguage\":\"de\"}]}<\/script>\n<!-- \/ Yoast SEO plugin. -->","yoast_head_json":{"title":"Campingpl\u00e4tze Tonic Tarn - Sport und Sensationen | ATHPA","description":"Auswahl an Campingpl\u00e4tzen und PRL \"Tonic\" im Tarn: Wassersport, Wandern, Mountainbike, Trail, Via Ferrata... Vergleichen Sie Ausstattungen und Preise, buchen Sie direkt.","robots":{"index":"index","follow":"follow","max-snippet":"max-snippet:-1","max-image-preview":"max-image-preview:large","max-video-preview":"max-video-preview:-1"},"canonical":"https:\/\/www.campingtarn.com\/de\/tonic\/","og_locale":"de_DE","og_type":"article","og_title":"Campingpl\u00e4tze Tonic Tarn - Sport und Sensationen | ATHPA","og_description":"Auswahl an Campingpl\u00e4tzen und PRL \"Tonic\" im Tarn: Wassersport, Wandern, Mountainbike, Trail, Via Ferrata... Vergleichen Sie Ausstattungen und Preise, buchen Sie direkt.","og_url":"https:\/\/www.campingtarn.com\/de\/tonic\/","og_site_name":"campingtarn.com","article_modified_time":"2025-12-23T06:52:28+00:00","og_image":[{"width":1920,"height":721,"url":"https:\/\/www.campingtarn.com\/wp-content\/uploads\/2025\/06\/groupes.jpg","type":"image\/jpeg"}],"twitter_card":"summary_large_image","twitter_misc":{"Gesch\u00e4tzte Lesezeit":"1\u00a0Minute"},"schema":{"@context":"https:\/\/schema.org","@graph":[{"@type":"WebPage","@id":"https:\/\/www.campingtarn.com\/de\/tonic\/","url":"https:\/\/www.campingtarn.com\/de\/tonic\/","name":"Campingpl\u00e4tze Tonic Tarn - Sport und Sensationen | ATHPA","isPartOf":{"@id":"https:\/\/www.campingtarn.com\/de\/#website"},"primaryImageOfPage":{"@id":"https:\/\/www.campingtarn.com\/de\/tonic\/#primaryimage"},"image":{"@id":"https:\/\/www.campingtarn.com\/de\/tonic\/#primaryimage"},"thumbnailUrl":"https:\/\/www.campingtarn.com\/wp-content\/uploads\/2025\/06\/groupes.jpg","datePublished":"2025-05-16T14:58:23+00:00","dateModified":"2025-12-23T06:52:28+00:00","description":"Auswahl an Campingpl\u00e4tzen und PRL \"Tonic\" im Tarn: Wassersport, Wandern, Mountainbike, Trail, Via Ferrata... Vergleichen Sie Ausstattungen und Preise, buchen Sie direkt.","breadcrumb":{"@id":"https:\/\/www.campingtarn.com\/de\/tonic\/#breadcrumb"},"inLanguage":"de","potentialAction":[{"@type":"ReadAction","target":["https:\/\/www.campingtarn.com\/de\/tonic\/"]}]},{"@type":"ImageObject","inLanguage":"de","@id":"https:\/\/www.campingtarn.com\/de\/tonic\/#primaryimage","url":"https:\/\/www.campingtarn.com\/wp-content\/uploads\/2025\/06\/groupes.jpg","contentUrl":"https:\/\/www.campingtarn.com\/wp-content\/uploads\/2025\/06\/groupes.jpg"},{"@type":"BreadcrumbList","@id":"https:\/\/www.campingtarn.com\/de\/tonic\/#breadcrumb","itemListElement":[{"@type":"ListItem","position":1,"name":"Startseite","item":"https:\/\/www.campingtarn.com\/de\/startseite\/"},{"@type":"ListItem","position":2,"name":"Tonic"}]},{"@type":"WebSite","@id":"https:\/\/www.campingtarn.com\/de\/#website","url":"https:\/\/www.campingtarn.com\/de\/","name":"campingtarn.com","description":"","potentialAction":[{"@type":"SearchAction","target":{"@type":"EntryPoint","urlTemplate":"https:\/\/www.campingtarn.com\/de\/?s={search_term_string}"},"query-input":{"@type":"PropertyValueSpecification","valueRequired":true,"valueName":"search_term_string"}}],"inLanguage":"de"}]}},"_links":{"self":[{"href":"https:\/\/www.campingtarn.com\/de\/wp-json\/wp\/v2\/pages\/13111","targetHints":{"allow":["GET"]}}],"collection":[{"href":"https:\/\/www.campingtarn.com\/de\/wp-json\/wp\/v2\/pages"}],"about":[{"href":"https:\/\/www.campingtarn.com\/de\/wp-json\/wp\/v2\/types\/page"}],"author":[{"embeddable":true,"href":"https:\/\/www.campingtarn.com\/de\/wp-json\/wp\/v2\/users\/1"}],"replies":[{"embeddable":true,"href":"https:\/\/www.campingtarn.com\/de\/wp-json\/wp\/v2\/comments?post=13111"}],"version-history":[{"count":2,"href":"https:\/\/www.campingtarn.com\/de\/wp-json\/wp\/v2\/pages\/13111\/revisions"}],"predecessor-version":[{"id":13664,"href":"https:\/\/www.campingtarn.com\/de\/wp-json\/wp\/v2\/pages\/13111\/revisions\/13664"}],"wp:attachment":[{"href":"https:\/\/www.campingtarn.com\/de\/wp-json\/wp\/v2\/media?parent=13111"}],"curies":[{"name":"wp","href":"https:\/\/api.w.org\/{rel}","templated":true}]}}