{"id":12475,"date":"2025-05-16T14:55:45","date_gmt":"2025-05-16T14:55:45","guid":{"rendered":"https:\/\/www.campingtarn.com\/naturaleza-y-descanso\/"},"modified":"2025-12-23T06:56:22","modified_gmt":"2025-12-23T06:56:22","slug":"naturaleza-y-descanso","status":"publish","type":"page","link":"https:\/\/www.campingtarn.com\/es\/naturaleza-y-descanso\/","title":{"rendered":"Naturaleza y descanso"},"content":{"rendered":"\t\t<div data-elementor-type=\"wp-page\" data-elementor-id=\"12475\" class=\"elementor elementor-12475 elementor-89\" data-elementor-post-type=\"page\">\n\t\t\t\t<div class=\"elementor-element elementor-element-2878bac0 e-con-full e-flex e-con e-parent\" data-id=\"2878bac0\" data-element_type=\"container\">\n\t\t\t\t<div class=\"elementor-element elementor-element-361761d3 elementor-widget elementor-widget-image\" data-id=\"361761d3\" data-element_type=\"widget\" data-widget_type=\"image.default\">\n\t\t\t\t<div class=\"elementor-widget-container\">\n\t\t\t\t\t\t\t\t\t\t\t\t\t\t\t<img fetchpriority=\"high\" decoding=\"async\" width=\"1920\" height=\"721\" src=\"https:\/\/www.campingtarn.com\/wp-content\/uploads\/2025\/10\/le-clot-tente-tranquille.jpg\" class=\"attachment-full size-full wp-image-12478\" alt=\"Camping le Clot, emplacement tente : camping nature et repos dans le Tarn\" srcset=\"https:\/\/www.campingtarn.com\/wp-content\/uploads\/2025\/10\/le-clot-tente-tranquille.jpg 1920w, https:\/\/www.campingtarn.com\/wp-content\/uploads\/2025\/10\/le-clot-tente-tranquille-300x113.jpg 300w, https:\/\/www.campingtarn.com\/wp-content\/uploads\/2025\/10\/le-clot-tente-tranquille-1024x385.jpg 1024w, https:\/\/www.campingtarn.com\/wp-content\/uploads\/2025\/10\/le-clot-tente-tranquille-768x288.jpg 768w, https:\/\/www.campingtarn.com\/wp-content\/uploads\/2025\/10\/le-clot-tente-tranquille-1536x577.jpg 1536w\" sizes=\"(max-width: 1920px) 100vw, 1920px\" \/>\t\t\t\t\t\t\t\t\t\t\t\t\t\t\t<\/div>\n\t\t\t\t<\/div>\n\t\t\t\t<\/div>\n\t\t<div class=\"elementor-element elementor-element-52ec92b1 e-flex e-con-boxed e-con e-parent\" data-id=\"52ec92b1\" data-element_type=\"container\">\n\t\t\t\t\t<div class=\"e-con-inner\">\n\t\t\t\t<div class=\"elementor-element elementor-element-3e9abc0f elementor-widget elementor-widget-heading\" data-id=\"3e9abc0f\" data-element_type=\"widget\" data-widget_type=\"heading.default\">\n\t\t\t\t<div class=\"elementor-widget-container\">\n\t\t\t\t\t<h1 class=\"elementor-heading-title elementor-size-default\">Campings <span class=\"multiColor\">Nature &amp; Repos<\/span><\/h1>\t\t\t\t<\/div>\n\t\t\t\t<\/div>\n\t\t\t\t<div class=\"elementor-element elementor-element-c688be8 elementor-widget elementor-widget-global elementor-global-12963 elementor-global-10699 elementor-widget-html\" data-id=\"c688be8\" data-element_type=\"widget\" data-widget_type=\"html.default\">\n\t\t\t\t<div class=\"elementor-widget-container\">\n\t\t\t\t\t<ctv-search data-float=\"true\" data-modal-position=\"bottom\"><\/ctv-search>\t\t\t\t<\/div>\n\t\t\t\t<\/div>\n\t\t\t\t<div class=\"elementor-element elementor-element-4c896db9 elementor-widget__width-initial elementor-widget elementor-widget-text-editor\" data-id=\"4c896db9\" data-element_type=\"widget\" data-widget_type=\"text-editor.default\">\n\t\t\t\t<div class=\"elementor-widget-container\">\n\t\t\t\t\t\t\t\t\t<p><strong><span style=\"color: #f7921e;\">Unas vacaciones como t\u00fa<\/span><\/strong><\/p><p>En los campings y PRL del Tarn, elige el estilo de vacaciones que m\u00e1s te guste.<br>Sabemos que tus vacaciones son \u00fanicas, as\u00ed que tanto si buscas una escapada tranquila como unas vacaciones activas, nos encargaremos de que encuentres las vacaciones de tus sue\u00f1os.<\/p><p>Deportivas, relajantes, aptas para ni\u00f1os peque\u00f1os, animadas o llenas de descubrimientos culturales, todas las caracter\u00edsticas especiales se presentan para ayudarte a pasar una estancia agradable.<\/p><p>\u00bfBuscas unas vacaciones <strong>tranquilas<\/strong>? Descubre nuestra selecci\u00f3n de lugares de <strong>naturaleza y descanso<\/strong> en el Tarn: <a href=\"#\">campings y <strong>PRL<\/strong> en plena naturaleza<\/a>, <strong>sin animaci\u00f3n<\/strong>, cerca de <strong>los lagos<\/strong> (Laouzas, Ravi\u00e8ge), <strong>r\u00edos<\/strong> (Tarn, Viaur) y bosques de los Montes de Lacaune. En los alrededores de<g id=\"gid_7\">Albi<\/g>, <g id=\"gid_8\">Gaillac<\/g> y el <g id=\"gid_9\">Sidobre<\/g>, disfruta de amplias parcelas, casas m\u00f3viles o chal\u00e9s, un entorno tranquilo y actividades suaves (paseos, nataci\u00f3n natural, vi\u00f1edos de Gaillac). Compara <strong>directamente<\/strong> <strong>las instalaciones<\/strong> (piscina, acceso al r\u00edo, wifi), <strong>los periodos de apertura<\/strong> y <strong>los precios<\/strong>, y reserva en los establecimientos <strong>miembros de la ATHPA<\/strong> para una estancia rejuvenecedora en <strong>Occitanie<\/strong>.   <br><br>Encuentra todos los campings y PRL del Tarn, \u00a1es sencillo y pr\u00e1ctico!<\/p>\t\t\t\t\t\t\t\t<\/div>\n\t\t\t\t<\/div>\n\t\t\t\t\t<\/div>\n\t\t\t\t<\/div>\n\t\t<div class=\"elementor-element elementor-element-4d03e3a e-flex e-con-boxed e-con e-parent\" data-id=\"4d03e3a\" data-element_type=\"container\">\n\t\t\t\t\t<div class=\"e-con-inner\">\n\t\t<div class=\"elementor-element elementor-element-ae37661 e-con-full e-flex e-con e-child\" data-id=\"ae37661\" data-element_type=\"container\" data-settings=\"{&quot;background_background&quot;:&quot;classic&quot;}\">\n\t\t\t\t<div class=\"elementor-element elementor-element-8ea9ec9 elementor-widget elementor-widget-image\" data-id=\"8ea9ec9\" data-element_type=\"widget\" data-widget_type=\"image.default\">\n\t\t\t\t<div class=\"elementor-widget-container\">\n\t\t\t\t\t\t\t\t\t\t\t\t\t\t\t<img decoding=\"async\" width=\"146\" height=\"157\" src=\"https:\/\/www.campingtarn.com\/wp-content\/uploads\/2025\/05\/picto-repos.svg\" class=\"attachment-large size-large wp-image-12479\" alt=\"Picto reposo en los campings en plena naturaleza\" \/>\t\t\t\t\t\t\t\t\t\t\t\t\t\t\t<\/div>\n\t\t\t\t<\/div>\n\t\t<div class=\"elementor-element elementor-element-ea1ae62 e-con-full e-flex e-con e-child\" data-id=\"ea1ae62\" data-element_type=\"container\">\n\t\t\t\t<div class=\"elementor-element elementor-element-83c5477 elementor-widget elementor-widget-text-editor\" data-id=\"83c5477\" data-element_type=\"widget\" data-widget_type=\"text-editor.default\">\n\t\t\t\t<div class=\"elementor-widget-container\">\n\t\t\t\t\t\t\t\t\t<p>Campings en plena naturaleza, donde el descanso y la relajaci\u00f3n son los reyes.<br>El canto de los p\u00e1jaros, el chapoteo del r\u00edo o el viento en las ramas arrullan a los veraneantes.<br>La naturaleza y t\u00fa&#8230; para recargar las pilas.<br>Sin entretenimiento.<\/p>\t\t\t\t\t\t\t\t<\/div>\n\t\t\t\t<\/div>\n\t\t\t\t<\/div>\n\t\t\t\t<\/div>\n\t\t\t\t\t<\/div>\n\t\t\t\t<\/div>\n\t\t<div class=\"elementor-element elementor-element-266d41cf e-flex e-con-boxed e-con e-parent\" data-id=\"266d41cf\" data-element_type=\"container\">\n\t\t\t\t\t<div class=\"e-con-inner\">\n\t\t\t\t<div class=\"elementor-element elementor-element-90a39f5 elementor-widget elementor-widget-shortcode\" data-id=\"90a39f5\" data-element_type=\"widget\" data-widget_type=\"shortcode.default\">\n\t\t\t\t<div class=\"elementor-widget-container\">\n\t\t\t\t\t\t\t<div class=\"elementor-shortcode\">    <div id=\"wpi-results-listing-nombre-posts\" data-singulier=\"%s Camping\" data-pluriel=\"%s Campings\">\n        1 Camping            <\/div>\n    <div id=\"wpi-results-listing-posts\" class=\"wpi-results-listing-posts i-row i-align-items-stretch\">\n\n                    <article class=\"wpi-card card_camping i-col-xl-4 i-col-md-6 i-col-12 i-row non_adherent\"\n                    data-theme=\"\"\n            data-equipement=\"\"\n            data-service=\"\"\n                    data-type=\"camping\"\n\n            >\n                                <a href=\"#\" onclick=\"event.preventDefault()\" class=\"wpi-card-link\">\n                                    <div class=\"i-text-center\">\n                                                    <img src=\"https:\/\/www.campingtarn.com\/wp-content\/uploads\/2025\/05\/logo-camping-tarn-header.png\" loading=\"lazy\" decoding=\"async\"  class=\"wpi-card-thumbnail wp-post-image\" >\n                        \n\n                    <\/div>\n                    <div class=\"wpi-card-details\">\n                                                                        <h3>Los Layons de l'Aiguille <\/h3>\n                        <div class=\"wpi-card-detail-ville\">\n                            Les Cammazes                        <\/div>\n                        <div class=\"wpi-card-detail-resume\"><\/div>\n<!--                        <div class=\"wpi-card-detail-categorie\">--><!--<\/div>-->\n<!---->\n<!--                        <div class=\"wpi-card-detail-classement\">-->\n<!--                            <span>--><!--<\/span>-->\n<!--                        <\/div>-->\n\n                        <div class=\"wpi-card-detail-btn\">\n                                                    <\/div>\n                    <\/div>\n                <\/a>\n            <\/article>\n\n\n    <\/div>\n\n        <\/div>\n\t\t\t\t\t\t<\/div>\n\t\t\t\t<\/div>\n\t\t\t\t\t<\/div>\n\t\t\t\t<\/div>\n\t\t\t\t<\/div>\n\t\t","protected":false},"excerpt":{"rendered":"<p>Campings Nature &amp; Repos Unas vacaciones como t\u00fa En los campings y PRL del Tarn, elige el estilo de vacaciones que m\u00e1s te guste.Sabemos que tus vacaciones son \u00fanicas, as\u00ed que tanto si buscas una escapada tranquila como unas vacaciones activas, nos encargaremos de que encuentres las vacaciones de tus sue\u00f1os. Deportivas, relajantes, aptas para [&hellip;]<\/p>\n","protected":false},"author":1,"featured_media":0,"parent":0,"menu_order":0,"comment_status":"closed","ping_status":"closed","template":"","meta":{"footnotes":""},"class_list":["post-12475","page","type-page","status-publish","hentry"],"yoast_head":"<!-- This site is optimized with the Yoast SEO plugin v26.4 - https:\/\/yoast.com\/wordpress\/plugins\/seo\/ -->\n<title>Campings Naturaleza y Repos Tarn | Calma y paisajes<\/title>\n<meta name=\"description\" content=\"Una selecci\u00f3n de campings y PRL tranquilos en el Tarn: sin animaci\u00f3n, cerca de lagos y r\u00edos, bosques y bastidas. Compara instalaciones y precios, reserva directamente.\" \/>\n<meta name=\"robots\" content=\"index, follow, max-snippet:-1, max-image-preview:large, max-video-preview:-1\" \/>\n<link rel=\"canonical\" href=\"https:\/\/www.campingtarn.com\/es\/naturaleza-y-descanso\/\" \/>\n<meta property=\"og:locale\" content=\"es_ES\" \/>\n<meta property=\"og:type\" content=\"article\" \/>\n<meta property=\"og:title\" content=\"Campings Naturaleza y Repos Tarn | Calma y paisajes\" \/>\n<meta property=\"og:description\" content=\"Una selecci\u00f3n de campings y PRL tranquilos en el Tarn: sin animaci\u00f3n, cerca de lagos y r\u00edos, bosques y bastidas. Compara instalaciones y precios, reserva directamente.\" \/>\n<meta property=\"og:url\" content=\"https:\/\/www.campingtarn.com\/es\/naturaleza-y-descanso\/\" \/>\n<meta property=\"og:site_name\" content=\"campingtarn.com\" \/>\n<meta property=\"article:modified_time\" content=\"2025-12-23T06:56:22+00:00\" \/>\n<meta property=\"og:image\" content=\"https:\/\/www.campingtarn.com\/wp-content\/uploads\/2025\/10\/le-clot-tente-tranquille.jpg\" \/>\n\t<meta property=\"og:image:width\" content=\"1920\" \/>\n\t<meta property=\"og:image:height\" content=\"721\" \/>\n\t<meta property=\"og:image:type\" content=\"image\/jpeg\" \/>\n<meta name=\"twitter:card\" content=\"summary_large_image\" \/>\n<meta name=\"twitter:label1\" content=\"Tiempo de lectura\" \/>\n\t<meta name=\"twitter:data1\" content=\"1 minuto\" \/>\n<script type=\"application\/ld+json\" class=\"yoast-schema-graph\">{\"@context\":\"https:\/\/schema.org\",\"@graph\":[{\"@type\":\"WebPage\",\"@id\":\"https:\/\/www.campingtarn.com\/es\/naturaleza-y-descanso\/\",\"url\":\"https:\/\/www.campingtarn.com\/es\/naturaleza-y-descanso\/\",\"name\":\"Campings Naturaleza y Repos Tarn | Calma y paisajes\",\"isPartOf\":{\"@id\":\"https:\/\/www.campingtarn.com\/es\/#website\"},\"primaryImageOfPage\":{\"@id\":\"https:\/\/www.campingtarn.com\/es\/naturaleza-y-descanso\/#primaryimage\"},\"image\":{\"@id\":\"https:\/\/www.campingtarn.com\/es\/naturaleza-y-descanso\/#primaryimage\"},\"thumbnailUrl\":\"https:\/\/www.campingtarn.com\/wp-content\/uploads\/2025\/10\/le-clot-tente-tranquille.jpg\",\"datePublished\":\"2025-05-16T14:55:45+00:00\",\"dateModified\":\"2025-12-23T06:56:22+00:00\",\"description\":\"Una selecci\u00f3n de campings y PRL tranquilos en el Tarn: sin animaci\u00f3n, cerca de lagos y r\u00edos, bosques y bastidas. Compara instalaciones y precios, reserva directamente.\",\"breadcrumb\":{\"@id\":\"https:\/\/www.campingtarn.com\/es\/naturaleza-y-descanso\/#breadcrumb\"},\"inLanguage\":\"es\",\"potentialAction\":[{\"@type\":\"ReadAction\",\"target\":[\"https:\/\/www.campingtarn.com\/es\/naturaleza-y-descanso\/\"]}]},{\"@type\":\"ImageObject\",\"inLanguage\":\"es\",\"@id\":\"https:\/\/www.campingtarn.com\/es\/naturaleza-y-descanso\/#primaryimage\",\"url\":\"https:\/\/www.campingtarn.com\/wp-content\/uploads\/2025\/10\/le-clot-tente-tranquille.jpg\",\"contentUrl\":\"https:\/\/www.campingtarn.com\/wp-content\/uploads\/2025\/10\/le-clot-tente-tranquille.jpg\"},{\"@type\":\"BreadcrumbList\",\"@id\":\"https:\/\/www.campingtarn.com\/es\/naturaleza-y-descanso\/#breadcrumb\",\"itemListElement\":[{\"@type\":\"ListItem\",\"position\":1,\"name\":\"Inicio\",\"item\":\"https:\/\/www.campingtarn.com\/es\/inicio\/\"},{\"@type\":\"ListItem\",\"position\":2,\"name\":\"Naturaleza y descanso\"}]},{\"@type\":\"WebSite\",\"@id\":\"https:\/\/www.campingtarn.com\/es\/#website\",\"url\":\"https:\/\/www.campingtarn.com\/es\/\",\"name\":\"campingtarn.com\",\"description\":\"\",\"potentialAction\":[{\"@type\":\"SearchAction\",\"target\":{\"@type\":\"EntryPoint\",\"urlTemplate\":\"https:\/\/www.campingtarn.com\/es\/?s={search_term_string}\"},\"query-input\":{\"@type\":\"PropertyValueSpecification\",\"valueRequired\":true,\"valueName\":\"search_term_string\"}}],\"inLanguage\":\"es\"}]}<\/script>\n<!-- \/ Yoast SEO plugin. -->","yoast_head_json":{"title":"Campings Naturaleza y Repos Tarn | Calma y paisajes","description":"Una selecci\u00f3n de campings y PRL tranquilos en el Tarn: sin animaci\u00f3n, cerca de lagos y r\u00edos, bosques y bastidas. Compara instalaciones y precios, reserva directamente.","robots":{"index":"index","follow":"follow","max-snippet":"max-snippet:-1","max-image-preview":"max-image-preview:large","max-video-preview":"max-video-preview:-1"},"canonical":"https:\/\/www.campingtarn.com\/es\/naturaleza-y-descanso\/","og_locale":"es_ES","og_type":"article","og_title":"Campings Naturaleza y Repos Tarn | Calma y paisajes","og_description":"Una selecci\u00f3n de campings y PRL tranquilos en el Tarn: sin animaci\u00f3n, cerca de lagos y r\u00edos, bosques y bastidas. Compara instalaciones y precios, reserva directamente.","og_url":"https:\/\/www.campingtarn.com\/es\/naturaleza-y-descanso\/","og_site_name":"campingtarn.com","article_modified_time":"2025-12-23T06:56:22+00:00","og_image":[{"width":1920,"height":721,"url":"https:\/\/www.campingtarn.com\/wp-content\/uploads\/2025\/10\/le-clot-tente-tranquille.jpg","type":"image\/jpeg"}],"twitter_card":"summary_large_image","twitter_misc":{"Tiempo de lectura":"1 minuto"},"schema":{"@context":"https:\/\/schema.org","@graph":[{"@type":"WebPage","@id":"https:\/\/www.campingtarn.com\/es\/naturaleza-y-descanso\/","url":"https:\/\/www.campingtarn.com\/es\/naturaleza-y-descanso\/","name":"Campings Naturaleza y Repos Tarn | Calma y paisajes","isPartOf":{"@id":"https:\/\/www.campingtarn.com\/es\/#website"},"primaryImageOfPage":{"@id":"https:\/\/www.campingtarn.com\/es\/naturaleza-y-descanso\/#primaryimage"},"image":{"@id":"https:\/\/www.campingtarn.com\/es\/naturaleza-y-descanso\/#primaryimage"},"thumbnailUrl":"https:\/\/www.campingtarn.com\/wp-content\/uploads\/2025\/10\/le-clot-tente-tranquille.jpg","datePublished":"2025-05-16T14:55:45+00:00","dateModified":"2025-12-23T06:56:22+00:00","description":"Una selecci\u00f3n de campings y PRL tranquilos en el Tarn: sin animaci\u00f3n, cerca de lagos y r\u00edos, bosques y bastidas. Compara instalaciones y precios, reserva directamente.","breadcrumb":{"@id":"https:\/\/www.campingtarn.com\/es\/naturaleza-y-descanso\/#breadcrumb"},"inLanguage":"es","potentialAction":[{"@type":"ReadAction","target":["https:\/\/www.campingtarn.com\/es\/naturaleza-y-descanso\/"]}]},{"@type":"ImageObject","inLanguage":"es","@id":"https:\/\/www.campingtarn.com\/es\/naturaleza-y-descanso\/#primaryimage","url":"https:\/\/www.campingtarn.com\/wp-content\/uploads\/2025\/10\/le-clot-tente-tranquille.jpg","contentUrl":"https:\/\/www.campingtarn.com\/wp-content\/uploads\/2025\/10\/le-clot-tente-tranquille.jpg"},{"@type":"BreadcrumbList","@id":"https:\/\/www.campingtarn.com\/es\/naturaleza-y-descanso\/#breadcrumb","itemListElement":[{"@type":"ListItem","position":1,"name":"Inicio","item":"https:\/\/www.campingtarn.com\/es\/inicio\/"},{"@type":"ListItem","position":2,"name":"Naturaleza y descanso"}]},{"@type":"WebSite","@id":"https:\/\/www.campingtarn.com\/es\/#website","url":"https:\/\/www.campingtarn.com\/es\/","name":"campingtarn.com","description":"","potentialAction":[{"@type":"SearchAction","target":{"@type":"EntryPoint","urlTemplate":"https:\/\/www.campingtarn.com\/es\/?s={search_term_string}"},"query-input":{"@type":"PropertyValueSpecification","valueRequired":true,"valueName":"search_term_string"}}],"inLanguage":"es"}]}},"_links":{"self":[{"href":"https:\/\/www.campingtarn.com\/es\/wp-json\/wp\/v2\/pages\/12475","targetHints":{"allow":["GET"]}}],"collection":[{"href":"https:\/\/www.campingtarn.com\/es\/wp-json\/wp\/v2\/pages"}],"about":[{"href":"https:\/\/www.campingtarn.com\/es\/wp-json\/wp\/v2\/types\/page"}],"author":[{"embeddable":true,"href":"https:\/\/www.campingtarn.com\/es\/wp-json\/wp\/v2\/users\/1"}],"replies":[{"embeddable":true,"href":"https:\/\/www.campingtarn.com\/es\/wp-json\/wp\/v2\/comments?post=12475"}],"version-history":[{"count":2,"href":"https:\/\/www.campingtarn.com\/es\/wp-json\/wp\/v2\/pages\/12475\/revisions"}],"predecessor-version":[{"id":13686,"href":"https:\/\/www.campingtarn.com\/es\/wp-json\/wp\/v2\/pages\/12475\/revisions\/13686"}],"wp:attachment":[{"href":"https:\/\/www.campingtarn.com\/es\/wp-json\/wp\/v2\/media?parent=12475"}],"curies":[{"name":"wp","href":"https:\/\/api.w.org\/{rel}","templated":true}]}}