{"id":13099,"date":"2025-05-16T14:58:41","date_gmt":"2025-05-16T14:58:41","guid":{"rendered":"https:\/\/www.campingtarn.com\/naturismo\/"},"modified":"2025-12-23T06:49:51","modified_gmt":"2025-12-23T06:49:51","slug":"naturismo","status":"publish","type":"page","link":"https:\/\/www.campingtarn.com\/es\/naturismo\/","title":{"rendered":"Naturismo"},"content":{"rendered":"\t\t<div data-elementor-type=\"wp-page\" data-elementor-id=\"13099\" class=\"elementor elementor-13099 elementor-99\" data-elementor-post-type=\"page\">\n\t\t\t\t<div class=\"elementor-element elementor-element-4a85f2af e-con-full e-flex e-con e-parent\" data-id=\"4a85f2af\" data-element_type=\"container\">\n\t\t\t\t<div class=\"elementor-element elementor-element-3db2c4a1 elementor-widget elementor-widget-image\" data-id=\"3db2c4a1\" data-element_type=\"widget\" data-widget_type=\"image.default\">\n\t\t\t\t<div class=\"elementor-widget-container\">\n\t\t\t\t\t\t\t\t\t\t\t\t\t\t\t<img fetchpriority=\"high\" decoding=\"async\" width=\"1920\" height=\"721\" src=\"https:\/\/www.campingtarn.com\/wp-content\/uploads\/2025\/11\/naturisme-banniere.jpg\" class=\"attachment-full size-full wp-image-13101\" alt=\"\" srcset=\"https:\/\/www.campingtarn.com\/wp-content\/uploads\/2025\/11\/naturisme-banniere.jpg 1920w, https:\/\/www.campingtarn.com\/wp-content\/uploads\/2025\/11\/naturisme-banniere-300x113.jpg 300w, https:\/\/www.campingtarn.com\/wp-content\/uploads\/2025\/11\/naturisme-banniere-1024x385.jpg 1024w, https:\/\/www.campingtarn.com\/wp-content\/uploads\/2025\/11\/naturisme-banniere-768x288.jpg 768w, https:\/\/www.campingtarn.com\/wp-content\/uploads\/2025\/11\/naturisme-banniere-1536x577.jpg 1536w\" sizes=\"(max-width: 1920px) 100vw, 1920px\" \/>\t\t\t\t\t\t\t\t\t\t\t\t\t\t\t<\/div>\n\t\t\t\t<\/div>\n\t\t\t\t<\/div>\n\t\t<div class=\"elementor-element elementor-element-2aee613d e-flex e-con-boxed e-con e-parent\" data-id=\"2aee613d\" data-element_type=\"container\">\n\t\t\t\t\t<div class=\"e-con-inner\">\n\t\t\t\t<div class=\"elementor-element elementor-element-32594e6c elementor-widget elementor-widget-heading\" data-id=\"32594e6c\" data-element_type=\"widget\" data-widget_type=\"heading.default\">\n\t\t\t\t<div class=\"elementor-widget-container\">\n\t\t\t\t\t<h1 class=\"elementor-heading-title elementor-size-default\">Campings <span class=\"multiColor\">naturistas<\/span><\/h1>\t\t\t\t<\/div>\n\t\t\t\t<\/div>\n\t\t\t\t<div class=\"elementor-element elementor-element-4da5a16 elementor-widget elementor-widget-global elementor-global-12963 elementor-global-10699 elementor-widget-html\" data-id=\"4da5a16\" data-element_type=\"widget\" data-widget_type=\"html.default\">\n\t\t\t\t<div class=\"elementor-widget-container\">\n\t\t\t\t\t<ctv-search data-float=\"true\" data-modal-position=\"bottom\"><\/ctv-search>\t\t\t\t<\/div>\n\t\t\t\t<\/div>\n\t\t\t\t<div class=\"elementor-element elementor-element-2a2d5c22 elementor-widget__width-initial elementor-widget elementor-widget-text-editor\" data-id=\"2a2d5c22\" data-element_type=\"widget\" data-widget_type=\"text-editor.default\">\n\t\t\t\t<div class=\"elementor-widget-container\">\n\t\t\t\t\t\t\t\t\t<h5><strong><span style=\"color: #f7921e;\">Unas vacaciones como t\u00fa<\/span><\/strong><\/h5><p>En los campings y PRL del Tarn, elige el estilo de vacaciones que m\u00e1s te convenga.<br>Tus vacaciones son \u00fanicas, tanto si buscas un descanso tranquilo como unas vacaciones activas, nosotros nos encargaremos de que encuentres las vacaciones de tus sue\u00f1os.<\/p><p>Deportivas, relajantes, aptas para ni\u00f1os peque\u00f1os, animadas o llenas de descubrimientos culturales, todas las caracter\u00edsticas especiales se presentan para ayudarte a pasar una estancia agradable.<br><br><br><strong> Descubre el Tarn<\/strong>: <a href=\"http:\/\/les-campings\" data-wplink-url-error=\"true\">campings, <strong>PRL<\/strong> y <strong>pueblos de vacaciones<\/strong><\/a> bien situados para explorar <strong>Albi, Cordes-sur-Ciel, los vi\u00f1edos de Gaillac, el Sidobre<\/strong> y los <strong>Montes de Lacaune<\/strong>. Museos, bodegas, castillos, pueblos t\u00edpicos y lugares importantes de Occitania: elige la direcci\u00f3n ideal seg\u00fan tus necesidades (parcelas, casas m\u00f3viles, chalets, albergues), compara <g id=\"gid_6\">directamente las instalaciones, los periodos de apertura y los precios<\/g>, y reserva en los establecimientos <g id=\"gid_7\">miembros de la ATHPA<\/g>. Disfruta de unas vacaciones que combinan cultura, naturaleza y encuentros locales: lo esencial est\u00e1 a un paso.  <br><br><\/p>\t\t\t\t\t\t\t\t<\/div>\n\t\t\t\t<\/div>\n\t\t\t\t\t<\/div>\n\t\t\t\t<\/div>\n\t\t<div class=\"elementor-element elementor-element-23174477 e-flex e-con-boxed e-con e-parent\" data-id=\"23174477\" data-element_type=\"container\">\n\t\t\t\t\t<div class=\"e-con-inner\">\n\t\t<div class=\"elementor-element elementor-element-57d43491 e-con-full e-flex e-con e-child\" data-id=\"57d43491\" data-element_type=\"container\" data-settings=\"{&quot;background_background&quot;:&quot;classic&quot;}\">\n\t\t\t\t<div class=\"elementor-element elementor-element-3c97c98b elementor-widget elementor-widget-image\" data-id=\"3c97c98b\" data-element_type=\"widget\" data-widget_type=\"image.default\">\n\t\t\t\t<div class=\"elementor-widget-container\">\n\t\t\t\t\t\t\t\t\t\t\t\t\t\t\t<img decoding=\"async\" width=\"143\" height=\"157\" src=\"https:\/\/www.campingtarn.com\/wp-content\/uploads\/2025\/05\/picto-naturisme.svg\" class=\"attachment-large size-large wp-image-12673\" alt=\"Picto naturisme\" \/>\t\t\t\t\t\t\t\t\t\t\t\t\t\t\t<\/div>\n\t\t\t\t<\/div>\n\t\t\t\t<div class=\"elementor-element elementor-element-6e68739c elementor-widget elementor-widget-heading\" data-id=\"6e68739c\" data-element_type=\"widget\" data-widget_type=\"heading.default\">\n\t\t\t\t<div class=\"elementor-widget-container\">\n\t\t\t\t\t<h3 class=\"elementor-heading-title elementor-size-default\">naturismo<\/h3>\t\t\t\t<\/div>\n\t\t\t\t<\/div>\n\t\t\t\t<div class=\"elementor-element elementor-element-70f7d17c elementor-widget elementor-widget-text-editor\" data-id=\"70f7d17c\" data-element_type=\"widget\" data-widget_type=\"text-editor.default\">\n\t\t\t\t<div class=\"elementor-widget-container\">\n\t\t\t\t\t\t\t\t\tCampings pertenecientes a las Federaciones Naturistas Francesa o Internacional.<\/br><\/br>\nCada cual tiene su propia definici\u00f3n de naturismo. <\/br>En t\u00e9rminos pr\u00e1cticos, todo el mundo est\u00e1 de acuerdo en que es el hecho de vivir desnudo, en casa o de vacaciones, en campings, centros de vacaciones espec\u00edficos o en la playa.<\/br> \nSin embargo, la noci\u00f3n de naturismo no se queda ah\u00ed.<\/br>\nEl naturismo es \"una forma de vivir en armon\u00eda con la naturaleza, caracterizada por la pr\u00e1ctica de la desnudez comunitaria, que fomenta el respeto a uno mismo, a los dem\u00e1s y al medio ambiente\".<\/span>\t\t\t\t\t\t\t\t<\/div>\n\t\t\t\t<\/div>\n\t\t\t\t<\/div>\n\t\t\t\t\t<\/div>\n\t\t\t\t<\/div>\n\t\t<div class=\"elementor-element elementor-element-75c808ed e-flex e-con-boxed e-con e-parent\" data-id=\"75c808ed\" data-element_type=\"container\">\n\t\t\t\t\t<div class=\"e-con-inner\">\n\t\t\t\t<div class=\"elementor-element elementor-element-b65c96c elementor-widget elementor-widget-shortcode\" data-id=\"b65c96c\" data-element_type=\"widget\" data-widget_type=\"shortcode.default\">\n\t\t\t\t<div class=\"elementor-widget-container\">\n\t\t\t\t\t\t\t<div class=\"elementor-shortcode\"><\/div>\n\t\t\t\t\t\t<\/div>\n\t\t\t\t<\/div>\n\t\t\t\t\t<\/div>\n\t\t\t\t<\/div>\n\t\t\t\t<\/div>\n\t\t","protected":false},"excerpt":{"rendered":"<p>Campings naturistas Unas vacaciones como t\u00fa En los campings y PRL del Tarn, elige el estilo de vacaciones que m\u00e1s te convenga.Tus vacaciones son \u00fanicas, tanto si buscas un descanso tranquilo como unas vacaciones activas, nosotros nos encargaremos de que encuentres las vacaciones de tus sue\u00f1os. Deportivas, relajantes, aptas para ni\u00f1os peque\u00f1os, animadas o llenas [&hellip;]<\/p>\n","protected":false},"author":1,"featured_media":0,"parent":0,"menu_order":0,"comment_status":"closed","ping_status":"closed","template":"","meta":{"footnotes":""},"class_list":["post-13099","page","type-page","status-publish","hentry"],"yoast_head":"<!-- This site is optimized with the Yoast SEO plugin v26.4 - https:\/\/yoast.com\/wordpress\/plugins\/seo\/ -->\n<title>Campings naturistas en el Tarn | Selecci\u00f3n ATHPA<\/title>\n<meta name=\"description\" content=\"Campings naturistas en el Tarn (FFN\/INF): naturaleza, tranquilidad, alojamientos y parcelas. Compara equipos y precios directamente.\" \/>\n<meta name=\"robots\" content=\"index, follow, max-snippet:-1, max-image-preview:large, max-video-preview:-1\" \/>\n<link rel=\"canonical\" href=\"https:\/\/www.campingtarn.com\/es\/naturismo\/\" \/>\n<meta property=\"og:locale\" content=\"es_ES\" \/>\n<meta property=\"og:type\" content=\"article\" \/>\n<meta property=\"og:title\" content=\"Campings naturistas en el Tarn | Selecci\u00f3n ATHPA\" \/>\n<meta property=\"og:description\" content=\"Campings naturistas en el Tarn (FFN\/INF): naturaleza, tranquilidad, alojamientos y parcelas. Compara equipos y precios directamente.\" \/>\n<meta property=\"og:url\" content=\"https:\/\/www.campingtarn.com\/es\/naturismo\/\" \/>\n<meta property=\"og:site_name\" content=\"campingtarn.com\" \/>\n<meta property=\"article:modified_time\" content=\"2025-12-23T06:49:51+00:00\" \/>\n<meta property=\"og:image\" content=\"https:\/\/www.campingtarn.com\/wp-content\/uploads\/2025\/11\/naturisme-banniere.jpg\" \/>\n\t<meta property=\"og:image:width\" content=\"1920\" \/>\n\t<meta property=\"og:image:height\" content=\"721\" \/>\n\t<meta property=\"og:image:type\" content=\"image\/jpeg\" \/>\n<meta name=\"twitter:card\" content=\"summary_large_image\" \/>\n<meta name=\"twitter:label1\" content=\"Tiempo de lectura\" \/>\n\t<meta name=\"twitter:data1\" content=\"1 minuto\" \/>\n<script type=\"application\/ld+json\" class=\"yoast-schema-graph\">{\"@context\":\"https:\/\/schema.org\",\"@graph\":[{\"@type\":\"WebPage\",\"@id\":\"https:\/\/www.campingtarn.com\/es\/naturismo\/\",\"url\":\"https:\/\/www.campingtarn.com\/es\/naturismo\/\",\"name\":\"Campings naturistas en el Tarn | Selecci\u00f3n ATHPA\",\"isPartOf\":{\"@id\":\"https:\/\/www.campingtarn.com\/es\/#website\"},\"primaryImageOfPage\":{\"@id\":\"https:\/\/www.campingtarn.com\/es\/naturismo\/#primaryimage\"},\"image\":{\"@id\":\"https:\/\/www.campingtarn.com\/es\/naturismo\/#primaryimage\"},\"thumbnailUrl\":\"https:\/\/www.campingtarn.com\/wp-content\/uploads\/2025\/11\/naturisme-banniere.jpg\",\"datePublished\":\"2025-05-16T14:58:41+00:00\",\"dateModified\":\"2025-12-23T06:49:51+00:00\",\"description\":\"Campings naturistas en el Tarn (FFN\/INF): naturaleza, tranquilidad, alojamientos y parcelas. Compara equipos y precios directamente.\",\"breadcrumb\":{\"@id\":\"https:\/\/www.campingtarn.com\/es\/naturismo\/#breadcrumb\"},\"inLanguage\":\"es\",\"potentialAction\":[{\"@type\":\"ReadAction\",\"target\":[\"https:\/\/www.campingtarn.com\/es\/naturismo\/\"]}]},{\"@type\":\"ImageObject\",\"inLanguage\":\"es\",\"@id\":\"https:\/\/www.campingtarn.com\/es\/naturismo\/#primaryimage\",\"url\":\"https:\/\/www.campingtarn.com\/wp-content\/uploads\/2025\/11\/naturisme-banniere.jpg\",\"contentUrl\":\"https:\/\/www.campingtarn.com\/wp-content\/uploads\/2025\/11\/naturisme-banniere.jpg\"},{\"@type\":\"BreadcrumbList\",\"@id\":\"https:\/\/www.campingtarn.com\/es\/naturismo\/#breadcrumb\",\"itemListElement\":[{\"@type\":\"ListItem\",\"position\":1,\"name\":\"Inicio\",\"item\":\"https:\/\/www.campingtarn.com\/es\/inicio\/\"},{\"@type\":\"ListItem\",\"position\":2,\"name\":\"Naturismo\"}]},{\"@type\":\"WebSite\",\"@id\":\"https:\/\/www.campingtarn.com\/es\/#website\",\"url\":\"https:\/\/www.campingtarn.com\/es\/\",\"name\":\"campingtarn.com\",\"description\":\"\",\"potentialAction\":[{\"@type\":\"SearchAction\",\"target\":{\"@type\":\"EntryPoint\",\"urlTemplate\":\"https:\/\/www.campingtarn.com\/es\/?s={search_term_string}\"},\"query-input\":{\"@type\":\"PropertyValueSpecification\",\"valueRequired\":true,\"valueName\":\"search_term_string\"}}],\"inLanguage\":\"es\"}]}<\/script>\n<!-- \/ Yoast SEO plugin. -->","yoast_head_json":{"title":"Campings naturistas en el Tarn | Selecci\u00f3n ATHPA","description":"Campings naturistas en el Tarn (FFN\/INF): naturaleza, tranquilidad, alojamientos y parcelas. Compara equipos y precios directamente.","robots":{"index":"index","follow":"follow","max-snippet":"max-snippet:-1","max-image-preview":"max-image-preview:large","max-video-preview":"max-video-preview:-1"},"canonical":"https:\/\/www.campingtarn.com\/es\/naturismo\/","og_locale":"es_ES","og_type":"article","og_title":"Campings naturistas en el Tarn | Selecci\u00f3n ATHPA","og_description":"Campings naturistas en el Tarn (FFN\/INF): naturaleza, tranquilidad, alojamientos y parcelas. Compara equipos y precios directamente.","og_url":"https:\/\/www.campingtarn.com\/es\/naturismo\/","og_site_name":"campingtarn.com","article_modified_time":"2025-12-23T06:49:51+00:00","og_image":[{"width":1920,"height":721,"url":"https:\/\/www.campingtarn.com\/wp-content\/uploads\/2025\/11\/naturisme-banniere.jpg","type":"image\/jpeg"}],"twitter_card":"summary_large_image","twitter_misc":{"Tiempo de lectura":"1 minuto"},"schema":{"@context":"https:\/\/schema.org","@graph":[{"@type":"WebPage","@id":"https:\/\/www.campingtarn.com\/es\/naturismo\/","url":"https:\/\/www.campingtarn.com\/es\/naturismo\/","name":"Campings naturistas en el Tarn | Selecci\u00f3n ATHPA","isPartOf":{"@id":"https:\/\/www.campingtarn.com\/es\/#website"},"primaryImageOfPage":{"@id":"https:\/\/www.campingtarn.com\/es\/naturismo\/#primaryimage"},"image":{"@id":"https:\/\/www.campingtarn.com\/es\/naturismo\/#primaryimage"},"thumbnailUrl":"https:\/\/www.campingtarn.com\/wp-content\/uploads\/2025\/11\/naturisme-banniere.jpg","datePublished":"2025-05-16T14:58:41+00:00","dateModified":"2025-12-23T06:49:51+00:00","description":"Campings naturistas en el Tarn (FFN\/INF): naturaleza, tranquilidad, alojamientos y parcelas. Compara equipos y precios directamente.","breadcrumb":{"@id":"https:\/\/www.campingtarn.com\/es\/naturismo\/#breadcrumb"},"inLanguage":"es","potentialAction":[{"@type":"ReadAction","target":["https:\/\/www.campingtarn.com\/es\/naturismo\/"]}]},{"@type":"ImageObject","inLanguage":"es","@id":"https:\/\/www.campingtarn.com\/es\/naturismo\/#primaryimage","url":"https:\/\/www.campingtarn.com\/wp-content\/uploads\/2025\/11\/naturisme-banniere.jpg","contentUrl":"https:\/\/www.campingtarn.com\/wp-content\/uploads\/2025\/11\/naturisme-banniere.jpg"},{"@type":"BreadcrumbList","@id":"https:\/\/www.campingtarn.com\/es\/naturismo\/#breadcrumb","itemListElement":[{"@type":"ListItem","position":1,"name":"Inicio","item":"https:\/\/www.campingtarn.com\/es\/inicio\/"},{"@type":"ListItem","position":2,"name":"Naturismo"}]},{"@type":"WebSite","@id":"https:\/\/www.campingtarn.com\/es\/#website","url":"https:\/\/www.campingtarn.com\/es\/","name":"campingtarn.com","description":"","potentialAction":[{"@type":"SearchAction","target":{"@type":"EntryPoint","urlTemplate":"https:\/\/www.campingtarn.com\/es\/?s={search_term_string}"},"query-input":{"@type":"PropertyValueSpecification","valueRequired":true,"valueName":"search_term_string"}}],"inLanguage":"es"}]}},"_links":{"self":[{"href":"https:\/\/www.campingtarn.com\/es\/wp-json\/wp\/v2\/pages\/13099","targetHints":{"allow":["GET"]}}],"collection":[{"href":"https:\/\/www.campingtarn.com\/es\/wp-json\/wp\/v2\/pages"}],"about":[{"href":"https:\/\/www.campingtarn.com\/es\/wp-json\/wp\/v2\/types\/page"}],"author":[{"embeddable":true,"href":"https:\/\/www.campingtarn.com\/es\/wp-json\/wp\/v2\/users\/1"}],"replies":[{"embeddable":true,"href":"https:\/\/www.campingtarn.com\/es\/wp-json\/wp\/v2\/comments?post=13099"}],"version-history":[{"count":2,"href":"https:\/\/www.campingtarn.com\/es\/wp-json\/wp\/v2\/pages\/13099\/revisions"}],"predecessor-version":[{"id":13651,"href":"https:\/\/www.campingtarn.com\/es\/wp-json\/wp\/v2\/pages\/13099\/revisions\/13651"}],"wp:attachment":[{"href":"https:\/\/www.campingtarn.com\/es\/wp-json\/wp\/v2\/media?parent=13099"}],"curies":[{"name":"wp","href":"https:\/\/api.w.org\/{rel}","templated":true}]}}